{"id":14917,"date":"2023-11-21T16:15:15","date_gmt":"2023-11-21T16:15:15","guid":{"rendered":"https:\/\/www.grupocastillo.com.pe\/product\/test-tipo-pluma-o-lapicero-2\/"},"modified":"2026-03-20T16:23:39","modified_gmt":"2026-03-20T16:23:39","slug":"aguja-intravenosa-scalp-vein","status":"publish","type":"product","link":"https:\/\/www.grupocastillo.com.pe\/en\/product\/aguja-intravenosa-scalp-vein\/","title":{"rendered":"Aguja Intravenosa (Scalp Vein)"},"content":{"rendered":"","protected":false},"excerpt":{"rendered":"<h1>Aguja Intravenosa (Scalp Vein)<\/h1>\n<p>Es un dispositivo m\u00e9dico desechable que tiene una aguja de acero inoxidable flanqueada por dos aletas para mejorar el sosten durante la puncion endovenosa. Es ideal para procedimientos invasivos tales como ex\u00e1menes venosos y administraci\u00f3n de medicamentos de manera ambulatoria. Tambi\u00e9n se le conoce de manera com\u00fan como Scalp Vein o Mariposa.<\/p>\n<div class=\"container section-title-container\">\n<h3 class=\"section-title section-title-normal\"><span class=\"section-title-main\"><i class=\"icon-plus\"><\/i>FEATURES<\/span><\/h3>\n<\/div>\n<div id=\"row-529282989\" class=\"row\">\n<div id=\"col-862332915\" class=\"col small-12 large-12\">\n<div class=\"col-inner\">\n<ul>\n<li>Aguja tribiselada de acero inoxidable de grado m\u00e9dico.<\/li>\n<li>Libre de l\u00e1tex, libre de DEHP<\/li>\n<li>Tubo de extensi\u00f3n de PVC grado m\u00e9dico, incoloro, transparente, flexible con memoria de forma.<\/li>\n<li>Los colores de la canula-aleta seg\u00fan ISO 6009:2016.<\/li>\n<\/ul>\n<p>DOWNLOAD DATA SHEET<\/p>\n<p>&nbsp;<\/p>\n<\/div>\n<\/div>\n<\/div>","protected":false},"featured_media":14924,"comment_status":"open","ping_status":"closed","template":"","meta":{"_acf_changed":false,"inline_featured_image":false},"pwb-brand":[245],"product_brand":[],"product_cat":[15,253],"product_tag":[257],"class_list":{"0":"post-14917","1":"product","2":"type-product","3":"status-publish","4":"has-post-thumbnail","6":"pwb-brand-intraven","7":"product_cat-linea-hipodermica","8":"product_cat-scalp-vein-alitas","9":"product_tag-alitas-descartables","11":"first","12":"contactar","13":"shipping-taxable","14":"purchasable","15":"product-type-simple"},"acf":[],"yoast_head":"<!-- This site is optimized with the Yoast SEO plugin v27.5 - https:\/\/yoast.com\/product\/yoast-seo-wordpress\/ -->\n<title>Aguja Intravenosa (Scalp Vein) - Corporaci\u00f3n castillo SAC<\/title>\n<meta name=\"robots\" content=\"index, follow, max-snippet:-1, max-image-preview:large, max-video-preview:-1\" \/>\n<link rel=\"canonical\" href=\"https:\/\/www.grupocastillo.com.pe\/en\/product\/aguja-intravenosa-scalp-vein\/\" \/>\n<meta property=\"og:locale\" content=\"en_US\" \/>\n<meta property=\"og:type\" content=\"article\" \/>\n<meta property=\"og:title\" content=\"Aguja Intravenosa (Scalp Vein) - Corporaci\u00f3n castillo SAC\" \/>\n<meta property=\"og:description\" content=\"Aguja Intravenosa (Scalp Vein) Es un dispositivo m\u00e9dico desechable que tiene una aguja de acero inoxidable flanqueada por dos aletas para mejorar el sosten durante la puncion endovenosa. Es ideal para procedimientos invasivos tales como ex\u00e1menes venosos y administraci\u00f3n de medicamentos de manera ambulatoria. Tambi\u00e9n se le conoce de manera com\u00fan como Scalp Vein o Mariposa.  CARACTER\u00cdSTICAS       Aguja tribiselada de acero inoxidable de grado m\u00e9dico.  Libre de l\u00e1tex, libre de DEHP  Tubo de extensi\u00f3n de PVC grado m\u00e9dico, incoloro, transparente, flexible con memoria de forma.  Los colores de la canula-aleta seg\u00fan ISO 6009:2016.  DESCARGAR FICHA T\u00c9CNICA  &nbsp;\" \/>\n<meta property=\"og:url\" content=\"https:\/\/www.grupocastillo.com.pe\/en\/product\/aguja-intravenosa-scalp-vein\/\" \/>\n<meta property=\"og:site_name\" content=\"Corporaci\u00f3n castillo SAC\" \/>\n<meta property=\"article:modified_time\" content=\"2026-03-20T16:23:39+00:00\" \/>\n<meta property=\"og:image\" content=\"https:\/\/www.grupocastillo.com.pe\/wp-content\/uploads\/2023\/11\/ALITA-23.png\" \/>\n\t<meta property=\"og:image:width\" content=\"1140\" \/>\n\t<meta property=\"og:image:height\" content=\"780\" \/>\n\t<meta property=\"og:image:type\" content=\"image\/png\" \/>\n<meta name=\"twitter:card\" content=\"summary_large_image\" \/>\n<meta name=\"twitter:label1\" content=\"Est. reading time\" \/>\n\t<meta name=\"twitter:data1\" content=\"1 minute\" \/>\n<script type=\"application\/ld+json\" class=\"yoast-schema-graph\">{\"@context\":\"https:\\\/\\\/schema.org\",\"@graph\":[{\"@type\":\"WebPage\",\"@id\":\"https:\\\/\\\/www.grupocastillo.com.pe\\\/product\\\/aguja-intravenosa-scalp-vein\\\/\",\"url\":\"https:\\\/\\\/www.grupocastillo.com.pe\\\/product\\\/aguja-intravenosa-scalp-vein\\\/\",\"name\":\"Aguja Intravenosa (Scalp Vein) - Corporaci\u00f3n castillo SAC\",\"isPartOf\":{\"@id\":\"https:\\\/\\\/www.grupocastillo.com.pe\\\/#website\"},\"primaryImageOfPage\":{\"@id\":\"https:\\\/\\\/www.grupocastillo.com.pe\\\/product\\\/aguja-intravenosa-scalp-vein\\\/#primaryimage\"},\"image\":{\"@id\":\"https:\\\/\\\/www.grupocastillo.com.pe\\\/product\\\/aguja-intravenosa-scalp-vein\\\/#primaryimage\"},\"thumbnailUrl\":\"https:\\\/\\\/www.grupocastillo.com.pe\\\/wp-content\\\/uploads\\\/2023\\\/11\\\/ALITA-23.png\",\"datePublished\":\"2023-11-21T16:15:15+00:00\",\"dateModified\":\"2026-03-20T16:23:39+00:00\",\"breadcrumb\":{\"@id\":\"https:\\\/\\\/www.grupocastillo.com.pe\\\/product\\\/aguja-intravenosa-scalp-vein\\\/#breadcrumb\"},\"inLanguage\":\"en-US\",\"potentialAction\":[{\"@type\":\"ReadAction\",\"target\":[\"https:\\\/\\\/www.grupocastillo.com.pe\\\/product\\\/aguja-intravenosa-scalp-vein\\\/\"]}]},{\"@type\":\"ImageObject\",\"inLanguage\":\"en-US\",\"@id\":\"https:\\\/\\\/www.grupocastillo.com.pe\\\/product\\\/aguja-intravenosa-scalp-vein\\\/#primaryimage\",\"url\":\"https:\\\/\\\/www.grupocastillo.com.pe\\\/wp-content\\\/uploads\\\/2023\\\/11\\\/ALITA-23.png\",\"contentUrl\":\"https:\\\/\\\/www.grupocastillo.com.pe\\\/wp-content\\\/uploads\\\/2023\\\/11\\\/ALITA-23.png\",\"width\":1140,\"height\":780},{\"@type\":\"BreadcrumbList\",\"@id\":\"https:\\\/\\\/www.grupocastillo.com.pe\\\/product\\\/aguja-intravenosa-scalp-vein\\\/#breadcrumb\",\"itemListElement\":[{\"@type\":\"ListItem\",\"position\":1,\"name\":\"Portada\",\"item\":\"https:\\\/\\\/www.grupocastillo.com.pe\\\/\"},{\"@type\":\"ListItem\",\"position\":2,\"name\":\"Tienda\",\"item\":\"https:\\\/\\\/www.grupocastillo.com.pe\\\/tienda\\\/\"},{\"@type\":\"ListItem\",\"position\":3,\"name\":\"Aguja Intravenosa (Scalp Vein)\"}]},{\"@type\":\"WebSite\",\"@id\":\"https:\\\/\\\/www.grupocastillo.com.pe\\\/#website\",\"url\":\"https:\\\/\\\/www.grupocastillo.com.pe\\\/\",\"name\":\"Corporaci\u00f3n castillo SAC\",\"description\":\"\",\"potentialAction\":[{\"@type\":\"SearchAction\",\"target\":{\"@type\":\"EntryPoint\",\"urlTemplate\":\"https:\\\/\\\/www.grupocastillo.com.pe\\\/?s={search_term_string}\"},\"query-input\":{\"@type\":\"PropertyValueSpecification\",\"valueRequired\":true,\"valueName\":\"search_term_string\"}}],\"inLanguage\":\"en-US\"}]}<\/script>\n<!-- \/ Yoast SEO plugin. -->","yoast_head_json":{"title":"Aguja Intravenosa (Scalp Vein) - Corporaci\u00f3n castillo SAC","robots":{"index":"index","follow":"follow","max-snippet":"max-snippet:-1","max-image-preview":"max-image-preview:large","max-video-preview":"max-video-preview:-1"},"canonical":"https:\/\/www.grupocastillo.com.pe\/en\/product\/aguja-intravenosa-scalp-vein\/","og_locale":"en_US","og_type":"article","og_title":"Aguja Intravenosa (Scalp Vein) - Corporaci\u00f3n castillo SAC","og_description":"Aguja Intravenosa (Scalp Vein) Es un dispositivo m\u00e9dico desechable que tiene una aguja de acero inoxidable flanqueada por dos aletas para mejorar el sosten durante la puncion endovenosa. Es ideal para procedimientos invasivos tales como ex\u00e1menes venosos y administraci\u00f3n de medicamentos de manera ambulatoria. Tambi\u00e9n se le conoce de manera com\u00fan como Scalp Vein o Mariposa.  CARACTER\u00cdSTICAS       Aguja tribiselada de acero inoxidable de grado m\u00e9dico.  Libre de l\u00e1tex, libre de DEHP  Tubo de extensi\u00f3n de PVC grado m\u00e9dico, incoloro, transparente, flexible con memoria de forma.  Los colores de la canula-aleta seg\u00fan ISO 6009:2016.  DESCARGAR FICHA T\u00c9CNICA  &nbsp;","og_url":"https:\/\/www.grupocastillo.com.pe\/en\/product\/aguja-intravenosa-scalp-vein\/","og_site_name":"Corporaci\u00f3n castillo SAC","article_modified_time":"2026-03-20T16:23:39+00:00","og_image":[{"width":1140,"height":780,"url":"https:\/\/www.grupocastillo.com.pe\/wp-content\/uploads\/2023\/11\/ALITA-23.png","type":"image\/png"}],"twitter_card":"summary_large_image","twitter_misc":{"Est. reading time":"1 minute"},"schema":{"@context":"https:\/\/schema.org","@graph":[{"@type":"WebPage","@id":"https:\/\/www.grupocastillo.com.pe\/product\/aguja-intravenosa-scalp-vein\/","url":"https:\/\/www.grupocastillo.com.pe\/product\/aguja-intravenosa-scalp-vein\/","name":"Aguja Intravenosa (Scalp Vein) - Corporaci\u00f3n castillo SAC","isPartOf":{"@id":"https:\/\/www.grupocastillo.com.pe\/#website"},"primaryImageOfPage":{"@id":"https:\/\/www.grupocastillo.com.pe\/product\/aguja-intravenosa-scalp-vein\/#primaryimage"},"image":{"@id":"https:\/\/www.grupocastillo.com.pe\/product\/aguja-intravenosa-scalp-vein\/#primaryimage"},"thumbnailUrl":"https:\/\/www.grupocastillo.com.pe\/wp-content\/uploads\/2023\/11\/ALITA-23.png","datePublished":"2023-11-21T16:15:15+00:00","dateModified":"2026-03-20T16:23:39+00:00","breadcrumb":{"@id":"https:\/\/www.grupocastillo.com.pe\/product\/aguja-intravenosa-scalp-vein\/#breadcrumb"},"inLanguage":"en-US","potentialAction":[{"@type":"ReadAction","target":["https:\/\/www.grupocastillo.com.pe\/product\/aguja-intravenosa-scalp-vein\/"]}]},{"@type":"ImageObject","inLanguage":"en-US","@id":"https:\/\/www.grupocastillo.com.pe\/product\/aguja-intravenosa-scalp-vein\/#primaryimage","url":"https:\/\/www.grupocastillo.com.pe\/wp-content\/uploads\/2023\/11\/ALITA-23.png","contentUrl":"https:\/\/www.grupocastillo.com.pe\/wp-content\/uploads\/2023\/11\/ALITA-23.png","width":1140,"height":780},{"@type":"BreadcrumbList","@id":"https:\/\/www.grupocastillo.com.pe\/product\/aguja-intravenosa-scalp-vein\/#breadcrumb","itemListElement":[{"@type":"ListItem","position":1,"name":"Portada","item":"https:\/\/www.grupocastillo.com.pe\/"},{"@type":"ListItem","position":2,"name":"Tienda","item":"https:\/\/www.grupocastillo.com.pe\/tienda\/"},{"@type":"ListItem","position":3,"name":"Aguja Intravenosa (Scalp Vein)"}]},{"@type":"WebSite","@id":"https:\/\/www.grupocastillo.com.pe\/#website","url":"https:\/\/www.grupocastillo.com.pe\/","name":"Corporaci\u00f3n castillo SAC","description":"","potentialAction":[{"@type":"SearchAction","target":{"@type":"EntryPoint","urlTemplate":"https:\/\/www.grupocastillo.com.pe\/?s={search_term_string}"},"query-input":{"@type":"PropertyValueSpecification","valueRequired":true,"valueName":"search_term_string"}}],"inLanguage":"en-US"}]}},"jetpack_sharing_enabled":true,"brands":[{"id":245,"name":"Intraven","slug":"intraven"}],"_links":{"self":[{"href":"https:\/\/www.grupocastillo.com.pe\/en\/wp-json\/wp\/v2\/product\/14917","targetHints":{"allow":["GET"]}}],"collection":[{"href":"https:\/\/www.grupocastillo.com.pe\/en\/wp-json\/wp\/v2\/product"}],"about":[{"href":"https:\/\/www.grupocastillo.com.pe\/en\/wp-json\/wp\/v2\/types\/product"}],"replies":[{"embeddable":true,"href":"https:\/\/www.grupocastillo.com.pe\/en\/wp-json\/wp\/v2\/comments?post=14917"}],"version-history":[{"count":5,"href":"https:\/\/www.grupocastillo.com.pe\/en\/wp-json\/wp\/v2\/product\/14917\/revisions"}],"predecessor-version":[{"id":15251,"href":"https:\/\/www.grupocastillo.com.pe\/en\/wp-json\/wp\/v2\/product\/14917\/revisions\/15251"}],"wp:featuredmedia":[{"embeddable":true,"href":"https:\/\/www.grupocastillo.com.pe\/en\/wp-json\/wp\/v2\/media\/14924"}],"wp:attachment":[{"href":"https:\/\/www.grupocastillo.com.pe\/en\/wp-json\/wp\/v2\/media?parent=14917"}],"wp:term":[{"taxonomy":"pwb-brand","embeddable":true,"href":"https:\/\/www.grupocastillo.com.pe\/en\/wp-json\/wp\/v2\/pwb-brand?post=14917"},{"taxonomy":"product_brand","embeddable":true,"href":"https:\/\/www.grupocastillo.com.pe\/en\/wp-json\/wp\/v2\/product_brand?post=14917"},{"taxonomy":"product_cat","embeddable":true,"href":"https:\/\/www.grupocastillo.com.pe\/en\/wp-json\/wp\/v2\/product_cat?post=14917"},{"taxonomy":"product_tag","embeddable":true,"href":"https:\/\/www.grupocastillo.com.pe\/en\/wp-json\/wp\/v2\/product_tag?post=14917"}],"curies":[{"name":"wp","href":"https:\/\/api.w.org\/{rel}","templated":true}]}}