{"id":14754,"date":"2022-11-10T21:14:30","date_gmt":"2022-11-10T21:14:30","guid":{"rendered":"https:\/\/www.grupocastillo.com.pe\/product\/guantes-de-examen-de-latex-empolvados-y-libre-de-polvo-caja-x-100-unidades-2\/"},"modified":"2026-03-20T16:41:19","modified_gmt":"2026-03-20T16:41:19","slug":"guantes-de-examen-de-latex-empolvados-y-libre-de-polvo-caja-x-100-unidades-2","status":"publish","type":"product","link":"https:\/\/www.grupocastillo.com.pe\/en\/product\/guantes-de-examen-de-latex-empolvados-y-libre-de-polvo-caja-x-100-unidades-2\/","title":{"rendered":"Guantes de Nitilo Libre de Polvo Azul Oceano"},"content":{"rendered":"","protected":false},"excerpt":{"rendered":"<h3>Guantes de Nitilo Libre de Polvo Quimedic Plus<br \/>\nAzul Oceano &#8211; Ocean Blue<\/h3>\n<p>Elemento de protecci\u00f3n personal frente a riesgos biol\u00f3gicos y qu\u00edmicos. Utilizados en el examen y exploraci\u00f3n de pacientes, en extracciones de muestras biol\u00f3gicas y anal\u00edticas, en la limpieza y manipulaci\u00f3n de instrumental y material contaminado o no contaminado<\/p>\n<div class=\"container section-title-container\">\n<h3 class=\"section-title section-title-normal\"><span class=\"section-title-main\"><i class=\"icon-plus\"><\/i>FEATURES<\/span><\/h3>\n<ul>\n<li>Fabricado con Nitrilo, exento de l\u00e1tex y polvo.<\/li>\n<li>Dise\u00f1o anat\u00f3mico y ergon\u00f3mico<\/li>\n<li>Apto para el uso en contacto con alimentos, exceptuando alimentos \u00e1cidos.<\/li>\n<li>Pu\u00f1o con reborde, ajustable anat\u00f3micamente y antideslizante.<\/li>\n<li>Ambidiestro.<\/li>\n<li>AQL: 1.5<\/li>\n<li>Producto desechable (un solo uso).<\/li>\n<\/ul>\n<\/div>\n<table class=\"footable default footable-loaded\" style=\"width: 64.6315%; height: 110px;\">\n<thead>\n<tr style=\"height: 24px;\">\n<th class=\"footable-sortable\" style=\"width: 15.9292%; height: 24px;\" data-hide=\"phone\">TALLAS<\/th>\n<th class=\"footable-sortable\" style=\"width: 21.5785%; height: 24px;\" data-hide=\"phone,phone\">LARGO<\/th>\n<th class=\"footable-sortable\" style=\"width: 25.042%; height: 24px;\" data-hide=\"phone,phone\">ANCHO<\/th>\n<th class=\"footable-last-column footable-sortable\" style=\"width: 76.9573%; height: 24px;\" data-hide=\"phone,tablet,phone\">ESPESOR<\/th>\n<\/tr>\n<\/thead>\n<tbody>\n<tr style=\"height: 86px;\">\n<td style=\"width: 15.9292%; text-align: center; height: 86px;\">S<br \/>\nM<br \/>\nL<\/td>\n<td style=\"width: 21.5785%; text-align: center; height: 86px;\">\u2265240 mm<\/td>\n<td style=\"width: 25.042%; text-align: center; height: 86px;\">80\u00b110mm<br \/>\n95\u00b110mm<br \/>\n110\u00b110mm<\/td>\n<td class=\"footable-last-column\" style=\"width: 76.9573%; text-align: center; height: 86px;\">Palma \u22650.05 mm<br \/>\nDedo \u22650.05 mm<\/td>\n<\/tr>\n<\/tbody>\n<\/table>\n<p>&nbsp;<\/p>\n<p>DESCARGAR FICHA TECNICA<\/p>","protected":false},"featured_media":14760,"comment_status":"open","ping_status":"closed","template":"","meta":{"_acf_changed":false,"inline_featured_image":false},"pwb-brand":[241],"product_brand":[],"product_cat":[229,215],"product_tag":[],"class_list":{"0":"post-14754","1":"product","2":"type-product","3":"status-publish","4":"has-post-thumbnail","6":"pwb-brand-quimedic-plus","7":"product_cat-guantes-de-examen-y-quirurgicos","8":"product_cat-linea-hospitalaria","10":"first","11":"contactar","12":"shipping-taxable","13":"purchasable","14":"product-type-simple"},"acf":[],"yoast_head":"<!-- This site is optimized with the Yoast SEO plugin v27.3 - https:\/\/yoast.com\/product\/yoast-seo-wordpress\/ -->\n<title>Guantes de Nitilo Libre de Polvo Azul Oceano - Corporaci\u00f3n castillo SAC<\/title>\n<meta name=\"robots\" content=\"index, follow, max-snippet:-1, max-image-preview:large, max-video-preview:-1\" \/>\n<link rel=\"canonical\" href=\"https:\/\/www.grupocastillo.com.pe\/en\/product\/guantes-de-examen-de-latex-empolvados-y-libre-de-polvo-caja-x-100-unidades-2\/\" \/>\n<meta property=\"og:locale\" content=\"en_US\" \/>\n<meta property=\"og:type\" content=\"article\" \/>\n<meta property=\"og:title\" content=\"Guantes de Nitilo Libre de Polvo Azul Oceano - Corporaci\u00f3n castillo SAC\" \/>\n<meta property=\"og:description\" content=\"Guantes de Nitilo Libre de Polvo Quimedic Plus Azul Oceano - Ocean Blue Elemento de protecci\u00f3n personal frente a riesgos biol\u00f3gicos y qu\u00edmicos. Utilizados en el examen y exploraci\u00f3n de pacientes, en extracciones de muestras biol\u00f3gicas y anal\u00edticas, en la limpieza y manipulaci\u00f3n de instrumental y material contaminado o no contaminado  CARACTER\u00cdSTICAS   Fabricado con Nitrilo, exento de l\u00e1tex y polvo.  Dise\u00f1o anat\u00f3mico y ergon\u00f3mico  Apto para el uso en contacto con alimentos, exceptuando alimentos \u00e1cidos.  Pu\u00f1o con reborde, ajustable anat\u00f3micamente y antideslizante.  Ambidiestro.  AQL: 1.5  Producto desechable (un solo uso).      TALLAS LARGO ANCHO ESPESOR     S M L \u2265240 mm 80\u00b110mm 95\u00b110mm 110\u00b110mm Palma \u22650.05 mm Dedo \u22650.05 mm    &nbsp;  DESCARGAR FICHA TECNICA\" \/>\n<meta property=\"og:url\" content=\"https:\/\/www.grupocastillo.com.pe\/en\/product\/guantes-de-examen-de-latex-empolvados-y-libre-de-polvo-caja-x-100-unidades-2\/\" \/>\n<meta property=\"og:site_name\" content=\"Corporaci\u00f3n castillo SAC\" \/>\n<meta property=\"article:modified_time\" content=\"2026-03-20T16:41:19+00:00\" \/>\n<meta property=\"og:image\" content=\"https:\/\/www.grupocastillo.com.pe\/wp-content\/uploads\/2022\/11\/BLUE-OCEAN.jpg\" \/>\n\t<meta property=\"og:image:width\" content=\"920\" \/>\n\t<meta property=\"og:image:height\" content=\"636\" \/>\n\t<meta property=\"og:image:type\" content=\"image\/jpeg\" \/>\n<meta name=\"twitter:card\" content=\"summary_large_image\" \/>\n<meta name=\"twitter:label1\" content=\"Est. reading time\" \/>\n\t<meta name=\"twitter:data1\" content=\"1 minute\" \/>\n<script type=\"application\/ld+json\" class=\"yoast-schema-graph\">{\"@context\":\"https:\\\/\\\/schema.org\",\"@graph\":[{\"@type\":\"WebPage\",\"@id\":\"https:\\\/\\\/www.grupocastillo.com.pe\\\/product\\\/guantes-de-examen-de-latex-empolvados-y-libre-de-polvo-caja-x-100-unidades-2\\\/\",\"url\":\"https:\\\/\\\/www.grupocastillo.com.pe\\\/product\\\/guantes-de-examen-de-latex-empolvados-y-libre-de-polvo-caja-x-100-unidades-2\\\/\",\"name\":\"Guantes de Nitilo Libre de Polvo Azul Oceano - Corporaci\u00f3n castillo SAC\",\"isPartOf\":{\"@id\":\"https:\\\/\\\/www.grupocastillo.com.pe\\\/#website\"},\"primaryImageOfPage\":{\"@id\":\"https:\\\/\\\/www.grupocastillo.com.pe\\\/product\\\/guantes-de-examen-de-latex-empolvados-y-libre-de-polvo-caja-x-100-unidades-2\\\/#primaryimage\"},\"image\":{\"@id\":\"https:\\\/\\\/www.grupocastillo.com.pe\\\/product\\\/guantes-de-examen-de-latex-empolvados-y-libre-de-polvo-caja-x-100-unidades-2\\\/#primaryimage\"},\"thumbnailUrl\":\"https:\\\/\\\/www.grupocastillo.com.pe\\\/wp-content\\\/uploads\\\/2022\\\/11\\\/BLUE-OCEAN.jpg\",\"datePublished\":\"2022-11-10T21:14:30+00:00\",\"dateModified\":\"2026-03-20T16:41:19+00:00\",\"breadcrumb\":{\"@id\":\"https:\\\/\\\/www.grupocastillo.com.pe\\\/product\\\/guantes-de-examen-de-latex-empolvados-y-libre-de-polvo-caja-x-100-unidades-2\\\/#breadcrumb\"},\"inLanguage\":\"en-US\",\"potentialAction\":[{\"@type\":\"ReadAction\",\"target\":[\"https:\\\/\\\/www.grupocastillo.com.pe\\\/product\\\/guantes-de-examen-de-latex-empolvados-y-libre-de-polvo-caja-x-100-unidades-2\\\/\"]}]},{\"@type\":\"ImageObject\",\"inLanguage\":\"en-US\",\"@id\":\"https:\\\/\\\/www.grupocastillo.com.pe\\\/product\\\/guantes-de-examen-de-latex-empolvados-y-libre-de-polvo-caja-x-100-unidades-2\\\/#primaryimage\",\"url\":\"https:\\\/\\\/www.grupocastillo.com.pe\\\/wp-content\\\/uploads\\\/2022\\\/11\\\/BLUE-OCEAN.jpg\",\"contentUrl\":\"https:\\\/\\\/www.grupocastillo.com.pe\\\/wp-content\\\/uploads\\\/2022\\\/11\\\/BLUE-OCEAN.jpg\",\"width\":920,\"height\":636},{\"@type\":\"BreadcrumbList\",\"@id\":\"https:\\\/\\\/www.grupocastillo.com.pe\\\/product\\\/guantes-de-examen-de-latex-empolvados-y-libre-de-polvo-caja-x-100-unidades-2\\\/#breadcrumb\",\"itemListElement\":[{\"@type\":\"ListItem\",\"position\":1,\"name\":\"Portada\",\"item\":\"https:\\\/\\\/www.grupocastillo.com.pe\\\/\"},{\"@type\":\"ListItem\",\"position\":2,\"name\":\"Tienda\",\"item\":\"https:\\\/\\\/www.grupocastillo.com.pe\\\/tienda\\\/\"},{\"@type\":\"ListItem\",\"position\":3,\"name\":\"Guantes de Nitilo Libre de Polvo Azul Oceano\"}]},{\"@type\":\"WebSite\",\"@id\":\"https:\\\/\\\/www.grupocastillo.com.pe\\\/#website\",\"url\":\"https:\\\/\\\/www.grupocastillo.com.pe\\\/\",\"name\":\"Corporaci\u00f3n castillo SAC\",\"description\":\"\",\"potentialAction\":[{\"@type\":\"SearchAction\",\"target\":{\"@type\":\"EntryPoint\",\"urlTemplate\":\"https:\\\/\\\/www.grupocastillo.com.pe\\\/?s={search_term_string}\"},\"query-input\":{\"@type\":\"PropertyValueSpecification\",\"valueRequired\":true,\"valueName\":\"search_term_string\"}}],\"inLanguage\":\"en-US\"}]}<\/script>\n<!-- \/ Yoast SEO plugin. -->","yoast_head_json":{"title":"Guantes de Nitilo Libre de Polvo Azul Oceano - Corporaci\u00f3n castillo SAC","robots":{"index":"index","follow":"follow","max-snippet":"max-snippet:-1","max-image-preview":"max-image-preview:large","max-video-preview":"max-video-preview:-1"},"canonical":"https:\/\/www.grupocastillo.com.pe\/en\/product\/guantes-de-examen-de-latex-empolvados-y-libre-de-polvo-caja-x-100-unidades-2\/","og_locale":"en_US","og_type":"article","og_title":"Guantes de Nitilo Libre de Polvo Azul Oceano - Corporaci\u00f3n castillo SAC","og_description":"Guantes de Nitilo Libre de Polvo Quimedic Plus Azul Oceano - Ocean Blue Elemento de protecci\u00f3n personal frente a riesgos biol\u00f3gicos y qu\u00edmicos. Utilizados en el examen y exploraci\u00f3n de pacientes, en extracciones de muestras biol\u00f3gicas y anal\u00edticas, en la limpieza y manipulaci\u00f3n de instrumental y material contaminado o no contaminado  CARACTER\u00cdSTICAS   Fabricado con Nitrilo, exento de l\u00e1tex y polvo.  Dise\u00f1o anat\u00f3mico y ergon\u00f3mico  Apto para el uso en contacto con alimentos, exceptuando alimentos \u00e1cidos.  Pu\u00f1o con reborde, ajustable anat\u00f3micamente y antideslizante.  Ambidiestro.  AQL: 1.5  Producto desechable (un solo uso).      TALLAS LARGO ANCHO ESPESOR     S M L \u2265240 mm 80\u00b110mm 95\u00b110mm 110\u00b110mm Palma \u22650.05 mm Dedo \u22650.05 mm    &nbsp;  DESCARGAR FICHA TECNICA","og_url":"https:\/\/www.grupocastillo.com.pe\/en\/product\/guantes-de-examen-de-latex-empolvados-y-libre-de-polvo-caja-x-100-unidades-2\/","og_site_name":"Corporaci\u00f3n castillo SAC","article_modified_time":"2026-03-20T16:41:19+00:00","og_image":[{"width":920,"height":636,"url":"https:\/\/www.grupocastillo.com.pe\/wp-content\/uploads\/2022\/11\/BLUE-OCEAN.jpg","type":"image\/jpeg"}],"twitter_card":"summary_large_image","twitter_misc":{"Est. reading time":"1 minute"},"schema":{"@context":"https:\/\/schema.org","@graph":[{"@type":"WebPage","@id":"https:\/\/www.grupocastillo.com.pe\/product\/guantes-de-examen-de-latex-empolvados-y-libre-de-polvo-caja-x-100-unidades-2\/","url":"https:\/\/www.grupocastillo.com.pe\/product\/guantes-de-examen-de-latex-empolvados-y-libre-de-polvo-caja-x-100-unidades-2\/","name":"Guantes de Nitilo Libre de Polvo Azul Oceano - Corporaci\u00f3n castillo SAC","isPartOf":{"@id":"https:\/\/www.grupocastillo.com.pe\/#website"},"primaryImageOfPage":{"@id":"https:\/\/www.grupocastillo.com.pe\/product\/guantes-de-examen-de-latex-empolvados-y-libre-de-polvo-caja-x-100-unidades-2\/#primaryimage"},"image":{"@id":"https:\/\/www.grupocastillo.com.pe\/product\/guantes-de-examen-de-latex-empolvados-y-libre-de-polvo-caja-x-100-unidades-2\/#primaryimage"},"thumbnailUrl":"https:\/\/www.grupocastillo.com.pe\/wp-content\/uploads\/2022\/11\/BLUE-OCEAN.jpg","datePublished":"2022-11-10T21:14:30+00:00","dateModified":"2026-03-20T16:41:19+00:00","breadcrumb":{"@id":"https:\/\/www.grupocastillo.com.pe\/product\/guantes-de-examen-de-latex-empolvados-y-libre-de-polvo-caja-x-100-unidades-2\/#breadcrumb"},"inLanguage":"en-US","potentialAction":[{"@type":"ReadAction","target":["https:\/\/www.grupocastillo.com.pe\/product\/guantes-de-examen-de-latex-empolvados-y-libre-de-polvo-caja-x-100-unidades-2\/"]}]},{"@type":"ImageObject","inLanguage":"en-US","@id":"https:\/\/www.grupocastillo.com.pe\/product\/guantes-de-examen-de-latex-empolvados-y-libre-de-polvo-caja-x-100-unidades-2\/#primaryimage","url":"https:\/\/www.grupocastillo.com.pe\/wp-content\/uploads\/2022\/11\/BLUE-OCEAN.jpg","contentUrl":"https:\/\/www.grupocastillo.com.pe\/wp-content\/uploads\/2022\/11\/BLUE-OCEAN.jpg","width":920,"height":636},{"@type":"BreadcrumbList","@id":"https:\/\/www.grupocastillo.com.pe\/product\/guantes-de-examen-de-latex-empolvados-y-libre-de-polvo-caja-x-100-unidades-2\/#breadcrumb","itemListElement":[{"@type":"ListItem","position":1,"name":"Portada","item":"https:\/\/www.grupocastillo.com.pe\/"},{"@type":"ListItem","position":2,"name":"Tienda","item":"https:\/\/www.grupocastillo.com.pe\/tienda\/"},{"@type":"ListItem","position":3,"name":"Guantes de Nitilo Libre de Polvo Azul Oceano"}]},{"@type":"WebSite","@id":"https:\/\/www.grupocastillo.com.pe\/#website","url":"https:\/\/www.grupocastillo.com.pe\/","name":"Corporaci\u00f3n castillo SAC","description":"","potentialAction":[{"@type":"SearchAction","target":{"@type":"EntryPoint","urlTemplate":"https:\/\/www.grupocastillo.com.pe\/?s={search_term_string}"},"query-input":{"@type":"PropertyValueSpecification","valueRequired":true,"valueName":"search_term_string"}}],"inLanguage":"en-US"}]}},"jetpack_sharing_enabled":true,"brands":[{"id":241,"name":"Quimedic PLus","slug":"quimedic-plus"}],"_links":{"self":[{"href":"https:\/\/www.grupocastillo.com.pe\/en\/wp-json\/wp\/v2\/product\/14754","targetHints":{"allow":["GET"]}}],"collection":[{"href":"https:\/\/www.grupocastillo.com.pe\/en\/wp-json\/wp\/v2\/product"}],"about":[{"href":"https:\/\/www.grupocastillo.com.pe\/en\/wp-json\/wp\/v2\/types\/product"}],"replies":[{"embeddable":true,"href":"https:\/\/www.grupocastillo.com.pe\/en\/wp-json\/wp\/v2\/comments?post=14754"}],"version-history":[{"count":5,"href":"https:\/\/www.grupocastillo.com.pe\/en\/wp-json\/wp\/v2\/product\/14754\/revisions"}],"predecessor-version":[{"id":15254,"href":"https:\/\/www.grupocastillo.com.pe\/en\/wp-json\/wp\/v2\/product\/14754\/revisions\/15254"}],"wp:featuredmedia":[{"embeddable":true,"href":"https:\/\/www.grupocastillo.com.pe\/en\/wp-json\/wp\/v2\/media\/14760"}],"wp:attachment":[{"href":"https:\/\/www.grupocastillo.com.pe\/en\/wp-json\/wp\/v2\/media?parent=14754"}],"wp:term":[{"taxonomy":"pwb-brand","embeddable":true,"href":"https:\/\/www.grupocastillo.com.pe\/en\/wp-json\/wp\/v2\/pwb-brand?post=14754"},{"taxonomy":"product_brand","embeddable":true,"href":"https:\/\/www.grupocastillo.com.pe\/en\/wp-json\/wp\/v2\/product_brand?post=14754"},{"taxonomy":"product_cat","embeddable":true,"href":"https:\/\/www.grupocastillo.com.pe\/en\/wp-json\/wp\/v2\/product_cat?post=14754"},{"taxonomy":"product_tag","embeddable":true,"href":"https:\/\/www.grupocastillo.com.pe\/en\/wp-json\/wp\/v2\/product_tag?post=14754"}],"curies":[{"name":"wp","href":"https:\/\/api.w.org\/{rel}","templated":true}]}}