{"id":14570,"date":"2022-09-19T21:42:03","date_gmt":"2022-09-19T21:42:03","guid":{"rendered":"https:\/\/www.grupocastillo.com.pe\/?post_type=product&#038;p=14570"},"modified":"2026-03-20T16:26:24","modified_gmt":"2026-03-20T16:26:24","slug":"esponja-de-gasa-no-tejida","status":"publish","type":"product","link":"https:\/\/www.grupocastillo.com.pe\/en\/product\/esponja-de-gasa-no-tejida\/","title":{"rendered":"Esponja de Gasa No Tejida."},"content":{"rendered":"","protected":false},"excerpt":{"rendered":"<h3><span style=\"font-size: 18pt;\">Esponja de Gasa No Tejida Cortex<br \/>\n<\/span><span style=\"font-size: 24px;\">5 x 5 cm ( 2&#8243;x 2&#8243;)<\/span><\/h3>\n<p>Las esponjas no tejidas no est\u00e9riles est\u00e1n hechas de no tejido spunlace (contienen viscosa y poli\u00e9ster), es un ap\u00f3sito m\u00e9dico tradicional que se ha utilizado en cl\u00ednicas<\/p>\n<h3>FEATURES<\/h3>\n<ul>\n<li>Gasa tipo VI de uso hospitalario.<\/li>\n<li>Libre de pelusas e hilachas.<\/li>\n<li>Tela uniforme, sin manchas y libre de particulas extra\u00f1as<\/li>\n<li>Con bordes ocultos, no prelavada.<\/li>\n<li>5cm x 5cm (2\u201dx2\u201d) &#8211; 4 pliegues &#8211; Blanca<\/li>\n<\/ul>\n<p>DESCARGAR FICHA TECNICA<\/p>","protected":false},"featured_media":14759,"comment_status":"open","ping_status":"closed","template":"","meta":{"_acf_changed":false,"inline_featured_image":false},"pwb-brand":[],"product_brand":[],"product_cat":[239,246],"product_tag":[240],"class_list":{"0":"post-14570","1":"product","2":"type-product","3":"status-publish","4":"has-post-thumbnail","6":"product_cat-gasa-esteril","7":"product_cat-linea-de-tratamiento-hospitalario","8":"product_tag-gasa-esteril","10":"first","11":"contactar","12":"shipping-taxable","13":"purchasable","14":"product-type-simple"},"acf":[],"yoast_head":"<!-- This site is optimized with the Yoast SEO plugin v27.3 - https:\/\/yoast.com\/product\/yoast-seo-wordpress\/ -->\n<title>Esponja de Gasa No Tejida. - Corporaci\u00f3n castillo SAC<\/title>\n<meta name=\"robots\" content=\"index, follow, max-snippet:-1, max-image-preview:large, max-video-preview:-1\" \/>\n<link rel=\"canonical\" href=\"https:\/\/www.grupocastillo.com.pe\/en\/product\/esponja-de-gasa-no-tejida\/\" \/>\n<meta property=\"og:locale\" content=\"en_US\" \/>\n<meta property=\"og:type\" content=\"article\" \/>\n<meta property=\"og:title\" content=\"Esponja de Gasa No Tejida. - Corporaci\u00f3n castillo SAC\" \/>\n<meta property=\"og:description\" content=\"Esponja de Gasa No Tejida Cortex 5 x 5 cm ( 2&quot;x 2&quot;) Las esponjas no tejidas no est\u00e9riles est\u00e1n hechas de no tejido spunlace (contienen viscosa y poli\u00e9ster), es un ap\u00f3sito m\u00e9dico tradicional que se ha utilizado en cl\u00ednicas CARACTER\u00cdSTICAS   Gasa tipo VI de uso hospitalario.  Libre de pelusas e hilachas.  Tela uniforme, sin manchas y libre de particulas extra\u00f1as  Con bordes ocultos, no prelavada.  5cm x 5cm (2\u201dx2\u201d) - 4 pliegues - Blanca  DESCARGAR FICHA TECNICA\" \/>\n<meta property=\"og:url\" content=\"https:\/\/www.grupocastillo.com.pe\/en\/product\/esponja-de-gasa-no-tejida\/\" \/>\n<meta property=\"og:site_name\" content=\"Corporaci\u00f3n castillo SAC\" \/>\n<meta property=\"article:modified_time\" content=\"2026-03-20T16:26:24+00:00\" \/>\n<meta property=\"og:image\" content=\"https:\/\/www.grupocastillo.com.pe\/wp-content\/uploads\/2022\/09\/aplicadores-esteriles.jpg\" \/>\n\t<meta property=\"og:image:width\" content=\"920\" \/>\n\t<meta property=\"og:image:height\" content=\"636\" \/>\n\t<meta property=\"og:image:type\" content=\"image\/jpeg\" \/>\n<meta name=\"twitter:card\" content=\"summary_large_image\" \/>\n<meta name=\"twitter:label1\" content=\"Est. reading time\" \/>\n\t<meta name=\"twitter:data1\" content=\"1 minute\" \/>\n<script type=\"application\/ld+json\" class=\"yoast-schema-graph\">{\"@context\":\"https:\\\/\\\/schema.org\",\"@graph\":[{\"@type\":\"WebPage\",\"@id\":\"https:\\\/\\\/www.grupocastillo.com.pe\\\/product\\\/esponja-de-gasa-no-tejida\\\/\",\"url\":\"https:\\\/\\\/www.grupocastillo.com.pe\\\/product\\\/esponja-de-gasa-no-tejida\\\/\",\"name\":\"Esponja de Gasa No Tejida. - Corporaci\u00f3n castillo SAC\",\"isPartOf\":{\"@id\":\"https:\\\/\\\/www.grupocastillo.com.pe\\\/#website\"},\"primaryImageOfPage\":{\"@id\":\"https:\\\/\\\/www.grupocastillo.com.pe\\\/product\\\/esponja-de-gasa-no-tejida\\\/#primaryimage\"},\"image\":{\"@id\":\"https:\\\/\\\/www.grupocastillo.com.pe\\\/product\\\/esponja-de-gasa-no-tejida\\\/#primaryimage\"},\"thumbnailUrl\":\"https:\\\/\\\/www.grupocastillo.com.pe\\\/wp-content\\\/uploads\\\/2022\\\/09\\\/aplicadores-esteriles.jpg\",\"datePublished\":\"2022-09-19T21:42:03+00:00\",\"dateModified\":\"2026-03-20T16:26:24+00:00\",\"breadcrumb\":{\"@id\":\"https:\\\/\\\/www.grupocastillo.com.pe\\\/product\\\/esponja-de-gasa-no-tejida\\\/#breadcrumb\"},\"inLanguage\":\"en-US\",\"potentialAction\":[{\"@type\":\"ReadAction\",\"target\":[\"https:\\\/\\\/www.grupocastillo.com.pe\\\/product\\\/esponja-de-gasa-no-tejida\\\/\"]}]},{\"@type\":\"ImageObject\",\"inLanguage\":\"en-US\",\"@id\":\"https:\\\/\\\/www.grupocastillo.com.pe\\\/product\\\/esponja-de-gasa-no-tejida\\\/#primaryimage\",\"url\":\"https:\\\/\\\/www.grupocastillo.com.pe\\\/wp-content\\\/uploads\\\/2022\\\/09\\\/aplicadores-esteriles.jpg\",\"contentUrl\":\"https:\\\/\\\/www.grupocastillo.com.pe\\\/wp-content\\\/uploads\\\/2022\\\/09\\\/aplicadores-esteriles.jpg\",\"width\":920,\"height\":636},{\"@type\":\"BreadcrumbList\",\"@id\":\"https:\\\/\\\/www.grupocastillo.com.pe\\\/product\\\/esponja-de-gasa-no-tejida\\\/#breadcrumb\",\"itemListElement\":[{\"@type\":\"ListItem\",\"position\":1,\"name\":\"Portada\",\"item\":\"https:\\\/\\\/www.grupocastillo.com.pe\\\/\"},{\"@type\":\"ListItem\",\"position\":2,\"name\":\"Tienda\",\"item\":\"https:\\\/\\\/www.grupocastillo.com.pe\\\/tienda\\\/\"},{\"@type\":\"ListItem\",\"position\":3,\"name\":\"Esponja de Gasa No Tejida.\"}]},{\"@type\":\"WebSite\",\"@id\":\"https:\\\/\\\/www.grupocastillo.com.pe\\\/#website\",\"url\":\"https:\\\/\\\/www.grupocastillo.com.pe\\\/\",\"name\":\"Corporaci\u00f3n castillo SAC\",\"description\":\"\",\"potentialAction\":[{\"@type\":\"SearchAction\",\"target\":{\"@type\":\"EntryPoint\",\"urlTemplate\":\"https:\\\/\\\/www.grupocastillo.com.pe\\\/?s={search_term_string}\"},\"query-input\":{\"@type\":\"PropertyValueSpecification\",\"valueRequired\":true,\"valueName\":\"search_term_string\"}}],\"inLanguage\":\"en-US\"}]}<\/script>\n<!-- \/ Yoast SEO plugin. -->","yoast_head_json":{"title":"Esponja de Gasa No Tejida. - Corporaci\u00f3n castillo SAC","robots":{"index":"index","follow":"follow","max-snippet":"max-snippet:-1","max-image-preview":"max-image-preview:large","max-video-preview":"max-video-preview:-1"},"canonical":"https:\/\/www.grupocastillo.com.pe\/en\/product\/esponja-de-gasa-no-tejida\/","og_locale":"en_US","og_type":"article","og_title":"Esponja de Gasa No Tejida. - Corporaci\u00f3n castillo SAC","og_description":"Esponja de Gasa No Tejida Cortex 5 x 5 cm ( 2\"x 2\") Las esponjas no tejidas no est\u00e9riles est\u00e1n hechas de no tejido spunlace (contienen viscosa y poli\u00e9ster), es un ap\u00f3sito m\u00e9dico tradicional que se ha utilizado en cl\u00ednicas CARACTER\u00cdSTICAS   Gasa tipo VI de uso hospitalario.  Libre de pelusas e hilachas.  Tela uniforme, sin manchas y libre de particulas extra\u00f1as  Con bordes ocultos, no prelavada.  5cm x 5cm (2\u201dx2\u201d) - 4 pliegues - Blanca  DESCARGAR FICHA TECNICA","og_url":"https:\/\/www.grupocastillo.com.pe\/en\/product\/esponja-de-gasa-no-tejida\/","og_site_name":"Corporaci\u00f3n castillo SAC","article_modified_time":"2026-03-20T16:26:24+00:00","og_image":[{"width":920,"height":636,"url":"https:\/\/www.grupocastillo.com.pe\/wp-content\/uploads\/2022\/09\/aplicadores-esteriles.jpg","type":"image\/jpeg"}],"twitter_card":"summary_large_image","twitter_misc":{"Est. reading time":"1 minute"},"schema":{"@context":"https:\/\/schema.org","@graph":[{"@type":"WebPage","@id":"https:\/\/www.grupocastillo.com.pe\/product\/esponja-de-gasa-no-tejida\/","url":"https:\/\/www.grupocastillo.com.pe\/product\/esponja-de-gasa-no-tejida\/","name":"Esponja de Gasa No Tejida. - Corporaci\u00f3n castillo SAC","isPartOf":{"@id":"https:\/\/www.grupocastillo.com.pe\/#website"},"primaryImageOfPage":{"@id":"https:\/\/www.grupocastillo.com.pe\/product\/esponja-de-gasa-no-tejida\/#primaryimage"},"image":{"@id":"https:\/\/www.grupocastillo.com.pe\/product\/esponja-de-gasa-no-tejida\/#primaryimage"},"thumbnailUrl":"https:\/\/www.grupocastillo.com.pe\/wp-content\/uploads\/2022\/09\/aplicadores-esteriles.jpg","datePublished":"2022-09-19T21:42:03+00:00","dateModified":"2026-03-20T16:26:24+00:00","breadcrumb":{"@id":"https:\/\/www.grupocastillo.com.pe\/product\/esponja-de-gasa-no-tejida\/#breadcrumb"},"inLanguage":"en-US","potentialAction":[{"@type":"ReadAction","target":["https:\/\/www.grupocastillo.com.pe\/product\/esponja-de-gasa-no-tejida\/"]}]},{"@type":"ImageObject","inLanguage":"en-US","@id":"https:\/\/www.grupocastillo.com.pe\/product\/esponja-de-gasa-no-tejida\/#primaryimage","url":"https:\/\/www.grupocastillo.com.pe\/wp-content\/uploads\/2022\/09\/aplicadores-esteriles.jpg","contentUrl":"https:\/\/www.grupocastillo.com.pe\/wp-content\/uploads\/2022\/09\/aplicadores-esteriles.jpg","width":920,"height":636},{"@type":"BreadcrumbList","@id":"https:\/\/www.grupocastillo.com.pe\/product\/esponja-de-gasa-no-tejida\/#breadcrumb","itemListElement":[{"@type":"ListItem","position":1,"name":"Portada","item":"https:\/\/www.grupocastillo.com.pe\/"},{"@type":"ListItem","position":2,"name":"Tienda","item":"https:\/\/www.grupocastillo.com.pe\/tienda\/"},{"@type":"ListItem","position":3,"name":"Esponja de Gasa No Tejida."}]},{"@type":"WebSite","@id":"https:\/\/www.grupocastillo.com.pe\/#website","url":"https:\/\/www.grupocastillo.com.pe\/","name":"Corporaci\u00f3n castillo SAC","description":"","potentialAction":[{"@type":"SearchAction","target":{"@type":"EntryPoint","urlTemplate":"https:\/\/www.grupocastillo.com.pe\/?s={search_term_string}"},"query-input":{"@type":"PropertyValueSpecification","valueRequired":true,"valueName":"search_term_string"}}],"inLanguage":"en-US"}]}},"jetpack_sharing_enabled":true,"brands":[],"_links":{"self":[{"href":"https:\/\/www.grupocastillo.com.pe\/en\/wp-json\/wp\/v2\/product\/14570","targetHints":{"allow":["GET"]}}],"collection":[{"href":"https:\/\/www.grupocastillo.com.pe\/en\/wp-json\/wp\/v2\/product"}],"about":[{"href":"https:\/\/www.grupocastillo.com.pe\/en\/wp-json\/wp\/v2\/types\/product"}],"replies":[{"embeddable":true,"href":"https:\/\/www.grupocastillo.com.pe\/en\/wp-json\/wp\/v2\/comments?post=14570"}],"version-history":[{"count":4,"href":"https:\/\/www.grupocastillo.com.pe\/en\/wp-json\/wp\/v2\/product\/14570\/revisions"}],"predecessor-version":[{"id":15255,"href":"https:\/\/www.grupocastillo.com.pe\/en\/wp-json\/wp\/v2\/product\/14570\/revisions\/15255"}],"wp:featuredmedia":[{"embeddable":true,"href":"https:\/\/www.grupocastillo.com.pe\/en\/wp-json\/wp\/v2\/media\/14759"}],"wp:attachment":[{"href":"https:\/\/www.grupocastillo.com.pe\/en\/wp-json\/wp\/v2\/media?parent=14570"}],"wp:term":[{"taxonomy":"pwb-brand","embeddable":true,"href":"https:\/\/www.grupocastillo.com.pe\/en\/wp-json\/wp\/v2\/pwb-brand?post=14570"},{"taxonomy":"product_brand","embeddable":true,"href":"https:\/\/www.grupocastillo.com.pe\/en\/wp-json\/wp\/v2\/product_brand?post=14570"},{"taxonomy":"product_cat","embeddable":true,"href":"https:\/\/www.grupocastillo.com.pe\/en\/wp-json\/wp\/v2\/product_cat?post=14570"},{"taxonomy":"product_tag","embeddable":true,"href":"https:\/\/www.grupocastillo.com.pe\/en\/wp-json\/wp\/v2\/product_tag?post=14570"}],"curies":[{"name":"wp","href":"https:\/\/api.w.org\/{rel}","templated":true}]}}