{"id":14567,"date":"2022-09-19T21:35:19","date_gmt":"2022-09-19T21:35:19","guid":{"rendered":"https:\/\/www.grupocastillo.com.pe\/product\/esponja-de-gasa-esteril-7-5-cm-x-7-5-cm-duplicate\/"},"modified":"2026-03-20T16:29:49","modified_gmt":"2026-03-20T16:29:49","slug":"esponja-de-gasa-esteril-10-cm-x-10-cm","status":"publish","type":"product","link":"https:\/\/www.grupocastillo.com.pe\/en\/product\/esponja-de-gasa-esteril-10-cm-x-10-cm\/","title":{"rendered":"Esponja de Gasa Est\u00e9ril &#8211; 10 cm x 10 cm"},"content":{"rendered":"","protected":false},"excerpt":{"rendered":"<h2>Esponja de Gasa Est\u00e9ril &#8211; 10 cm x 10 cm<\/h2>\n<p>Las esponjas de gasa est\u00e9riles est\u00e1n dise\u00f1adas para usarse dentro del cuerpo o en una incisi\u00f3n quir\u00fargica o aplicarse a \u00f3rganos o estructuras internas, para controlar el sangrado, absorber l\u00edquido o proteger \u00f3rganos o estructuras de la abrasi\u00f3n, el secado o la contaminaci\u00f3n. Tambi\u00e9n se utiliza como un dispositivo medico de uso transitorio de un solo uso dise\u00f1ada para limpiar las partes del cuerpo humano afectadas, adapt\u00e1ndose con facilidad a las partes corporales .<\/p>\n<div class=\"container section-title-container\">\n<h3 class=\"section-title section-title-normal\"><span class=\"section-title-main\"><i class=\"icon-plus\"><\/i>FEATURES<\/span><\/h3>\n<\/div>\n<div id=\"row-2053680350\" class=\"row\">\n<div id=\"col-463163840\" class=\"col medium-6 small-12 large-6\">\n<div class=\"col-inner\">\n<ul>\n<li>Gasa tipo VI de uso hospitalario.<\/li>\n<li>Hecha de algod\u00f3n 100%.<\/li>\n<li>Libre de pelusas e hilachas.<\/li>\n<\/ul>\n<\/div>\n<\/div>\n<div id=\"col-758652450\" class=\"col medium-6 small-12 large-6\">\n<div class=\"col-inner\">\n<ul>\n<li>Tela uniforme, sin manchas y libre de part\u00edculas extra\u00f1as.<\/li>\n<li>Con bordes ocultos, no prelavada.<\/li>\n<li>Est\u00e9ril, At\u00f3xico, Hipoalerg\u00e9nico.<\/li>\n<\/ul>\n<\/div>\n<\/div>\n<\/div>\n<div id=\"row-2053680350\" class=\"row\">\n<div id=\"col-758652450\" class=\"col medium-6 small-12 large-6\">\n<div class=\"col-inner\">\n<p>DOWNLOAD DATA SHEET<\/p>\n<\/div>\n<\/div>\n<\/div>\n<p>&nbsp;<\/p>","protected":false},"featured_media":14578,"comment_status":"open","ping_status":"closed","template":"","meta":{"_acf_changed":false,"inline_featured_image":false},"pwb-brand":[243],"product_brand":[],"product_cat":[239,246],"product_tag":[240],"class_list":{"0":"post-14567","1":"product","2":"type-product","3":"status-publish","4":"has-post-thumbnail","6":"pwb-brand-cortex","7":"product_cat-gasa-esteril","8":"product_cat-linea-de-tratamiento-hospitalario","9":"product_tag-gasa-esteril","11":"first","12":"contactar","13":"shipping-taxable","14":"purchasable","15":"product-type-simple"},"acf":[],"yoast_head":"<!-- This site is optimized with the Yoast SEO plugin v27.5 - https:\/\/yoast.com\/product\/yoast-seo-wordpress\/ -->\n<title>Esponja de Gasa Est\u00e9ril - 10 cm x 10 cm - %<\/title>\n<meta name=\"robots\" content=\"index, follow, max-snippet:-1, max-image-preview:large, max-video-preview:-1\" \/>\n<link rel=\"canonical\" href=\"https:\/\/www.grupocastillo.com.pe\/en\/product\/esponja-de-gasa-esteril-10-cm-x-10-cm\/\" \/>\n<meta property=\"og:locale\" content=\"en_US\" \/>\n<meta property=\"og:type\" content=\"article\" \/>\n<meta property=\"og:title\" content=\"Esponja de Gasa Est\u00e9ril - 10 cm x 10 cm - %\" \/>\n<meta property=\"og:description\" content=\"Esponja de Gasa Est\u00e9ril - 10 cm x 10 cm Las esponjas de gasa est\u00e9riles est\u00e1n dise\u00f1adas para usarse dentro del cuerpo o en una incisi\u00f3n quir\u00fargica o aplicarse a \u00f3rganos o estructuras internas, para controlar el sangrado, absorber l\u00edquido o proteger \u00f3rganos o estructuras de la abrasi\u00f3n, el secado o la contaminaci\u00f3n. Tambi\u00e9n se utiliza como un dispositivo medico de uso transitorio de un solo uso dise\u00f1ada para limpiar las partes del cuerpo humano afectadas, adapt\u00e1ndose con facilidad a las partes corporales .  CARACTER\u00cdSTICAS       Gasa tipo VI de uso hospitalario.  Hecha de algod\u00f3n 100%.  Libre de pelusas e hilachas.        Tela uniforme, sin manchas y libre de part\u00edculas extra\u00f1as.  Con bordes ocultos, no prelavada.  Est\u00e9ril, At\u00f3xico, Hipoalerg\u00e9nico.         DESCARGAR FICHA T\u00c9CNICA     &nbsp;\" \/>\n<meta property=\"og:url\" content=\"https:\/\/www.grupocastillo.com.pe\/en\/product\/esponja-de-gasa-esteril-10-cm-x-10-cm\/\" \/>\n<meta property=\"og:site_name\" content=\"Corporaci\u00f3n castillo SAC\" \/>\n<meta property=\"article:modified_time\" content=\"2026-03-20T16:29:49+00:00\" \/>\n<meta property=\"og:image\" content=\"https:\/\/www.grupocastillo.com.pe\/wp-content\/uploads\/2022\/09\/IMG_2532-1024x686.png\" \/>\n\t<meta property=\"og:image:width\" content=\"1024\" \/>\n\t<meta property=\"og:image:height\" content=\"686\" \/>\n\t<meta property=\"og:image:type\" content=\"image\/png\" \/>\n<meta name=\"twitter:card\" content=\"summary_large_image\" \/>\n<meta name=\"twitter:label1\" content=\"Est. reading time\" \/>\n\t<meta name=\"twitter:data1\" content=\"1 minute\" \/>\n<script type=\"application\/ld+json\" class=\"yoast-schema-graph\">{\"@context\":\"https:\\\/\\\/schema.org\",\"@graph\":[{\"@type\":\"WebPage\",\"@id\":\"https:\\\/\\\/www.grupocastillo.com.pe\\\/product\\\/esponja-de-gasa-esteril-10-cm-x-10-cm\\\/\",\"url\":\"https:\\\/\\\/www.grupocastillo.com.pe\\\/product\\\/esponja-de-gasa-esteril-10-cm-x-10-cm\\\/\",\"name\":\"Esponja de Gasa Est\u00e9ril - 10 cm x 10 cm - %\",\"isPartOf\":{\"@id\":\"https:\\\/\\\/www.grupocastillo.com.pe\\\/#website\"},\"primaryImageOfPage\":{\"@id\":\"https:\\\/\\\/www.grupocastillo.com.pe\\\/product\\\/esponja-de-gasa-esteril-10-cm-x-10-cm\\\/#primaryimage\"},\"image\":{\"@id\":\"https:\\\/\\\/www.grupocastillo.com.pe\\\/product\\\/esponja-de-gasa-esteril-10-cm-x-10-cm\\\/#primaryimage\"},\"thumbnailUrl\":\"https:\\\/\\\/www.grupocastillo.com.pe\\\/wp-content\\\/uploads\\\/2022\\\/09\\\/IMG_2532.png\",\"datePublished\":\"2022-09-19T21:35:19+00:00\",\"dateModified\":\"2026-03-20T16:29:49+00:00\",\"breadcrumb\":{\"@id\":\"https:\\\/\\\/www.grupocastillo.com.pe\\\/product\\\/esponja-de-gasa-esteril-10-cm-x-10-cm\\\/#breadcrumb\"},\"inLanguage\":\"en-US\",\"potentialAction\":[{\"@type\":\"ReadAction\",\"target\":[\"https:\\\/\\\/www.grupocastillo.com.pe\\\/product\\\/esponja-de-gasa-esteril-10-cm-x-10-cm\\\/\"]}]},{\"@type\":\"ImageObject\",\"inLanguage\":\"en-US\",\"@id\":\"https:\\\/\\\/www.grupocastillo.com.pe\\\/product\\\/esponja-de-gasa-esteril-10-cm-x-10-cm\\\/#primaryimage\",\"url\":\"https:\\\/\\\/www.grupocastillo.com.pe\\\/wp-content\\\/uploads\\\/2022\\\/09\\\/IMG_2532.png\",\"contentUrl\":\"https:\\\/\\\/www.grupocastillo.com.pe\\\/wp-content\\\/uploads\\\/2022\\\/09\\\/IMG_2532.png\",\"width\":5184,\"height\":3475},{\"@type\":\"BreadcrumbList\",\"@id\":\"https:\\\/\\\/www.grupocastillo.com.pe\\\/product\\\/esponja-de-gasa-esteril-10-cm-x-10-cm\\\/#breadcrumb\",\"itemListElement\":[{\"@type\":\"ListItem\",\"position\":1,\"name\":\"Portada\",\"item\":\"https:\\\/\\\/www.grupocastillo.com.pe\\\/\"},{\"@type\":\"ListItem\",\"position\":2,\"name\":\"Tienda\",\"item\":\"https:\\\/\\\/www.grupocastillo.com.pe\\\/tienda\\\/\"},{\"@type\":\"ListItem\",\"position\":3,\"name\":\"Esponja de Gasa Est\u00e9ril &#8211; 10 cm x 10 cm\"}]},{\"@type\":\"WebSite\",\"@id\":\"https:\\\/\\\/www.grupocastillo.com.pe\\\/#website\",\"url\":\"https:\\\/\\\/www.grupocastillo.com.pe\\\/\",\"name\":\"Corporaci\u00f3n castillo SAC\",\"description\":\"\",\"potentialAction\":[{\"@type\":\"SearchAction\",\"target\":{\"@type\":\"EntryPoint\",\"urlTemplate\":\"https:\\\/\\\/www.grupocastillo.com.pe\\\/?s={search_term_string}\"},\"query-input\":{\"@type\":\"PropertyValueSpecification\",\"valueRequired\":true,\"valueName\":\"search_term_string\"}}],\"inLanguage\":\"en-US\"}]}<\/script>\n<!-- \/ Yoast SEO plugin. -->","yoast_head_json":{"title":"Esponja de Gasa Est\u00e9ril - 10 cm x 10 cm - %","robots":{"index":"index","follow":"follow","max-snippet":"max-snippet:-1","max-image-preview":"max-image-preview:large","max-video-preview":"max-video-preview:-1"},"canonical":"https:\/\/www.grupocastillo.com.pe\/en\/product\/esponja-de-gasa-esteril-10-cm-x-10-cm\/","og_locale":"en_US","og_type":"article","og_title":"Esponja de Gasa Est\u00e9ril - 10 cm x 10 cm - %","og_description":"Esponja de Gasa Est\u00e9ril - 10 cm x 10 cm Las esponjas de gasa est\u00e9riles est\u00e1n dise\u00f1adas para usarse dentro del cuerpo o en una incisi\u00f3n quir\u00fargica o aplicarse a \u00f3rganos o estructuras internas, para controlar el sangrado, absorber l\u00edquido o proteger \u00f3rganos o estructuras de la abrasi\u00f3n, el secado o la contaminaci\u00f3n. Tambi\u00e9n se utiliza como un dispositivo medico de uso transitorio de un solo uso dise\u00f1ada para limpiar las partes del cuerpo humano afectadas, adapt\u00e1ndose con facilidad a las partes corporales .  CARACTER\u00cdSTICAS       Gasa tipo VI de uso hospitalario.  Hecha de algod\u00f3n 100%.  Libre de pelusas e hilachas.        Tela uniforme, sin manchas y libre de part\u00edculas extra\u00f1as.  Con bordes ocultos, no prelavada.  Est\u00e9ril, At\u00f3xico, Hipoalerg\u00e9nico.         DESCARGAR FICHA T\u00c9CNICA     &nbsp;","og_url":"https:\/\/www.grupocastillo.com.pe\/en\/product\/esponja-de-gasa-esteril-10-cm-x-10-cm\/","og_site_name":"Corporaci\u00f3n castillo SAC","article_modified_time":"2026-03-20T16:29:49+00:00","og_image":[{"width":1024,"height":686,"url":"https:\/\/www.grupocastillo.com.pe\/wp-content\/uploads\/2022\/09\/IMG_2532-1024x686.png","type":"image\/png"}],"twitter_card":"summary_large_image","twitter_misc":{"Est. reading time":"1 minute"},"schema":{"@context":"https:\/\/schema.org","@graph":[{"@type":"WebPage","@id":"https:\/\/www.grupocastillo.com.pe\/product\/esponja-de-gasa-esteril-10-cm-x-10-cm\/","url":"https:\/\/www.grupocastillo.com.pe\/product\/esponja-de-gasa-esteril-10-cm-x-10-cm\/","name":"Esponja de Gasa Est\u00e9ril - 10 cm x 10 cm - %","isPartOf":{"@id":"https:\/\/www.grupocastillo.com.pe\/#website"},"primaryImageOfPage":{"@id":"https:\/\/www.grupocastillo.com.pe\/product\/esponja-de-gasa-esteril-10-cm-x-10-cm\/#primaryimage"},"image":{"@id":"https:\/\/www.grupocastillo.com.pe\/product\/esponja-de-gasa-esteril-10-cm-x-10-cm\/#primaryimage"},"thumbnailUrl":"https:\/\/www.grupocastillo.com.pe\/wp-content\/uploads\/2022\/09\/IMG_2532.png","datePublished":"2022-09-19T21:35:19+00:00","dateModified":"2026-03-20T16:29:49+00:00","breadcrumb":{"@id":"https:\/\/www.grupocastillo.com.pe\/product\/esponja-de-gasa-esteril-10-cm-x-10-cm\/#breadcrumb"},"inLanguage":"en-US","potentialAction":[{"@type":"ReadAction","target":["https:\/\/www.grupocastillo.com.pe\/product\/esponja-de-gasa-esteril-10-cm-x-10-cm\/"]}]},{"@type":"ImageObject","inLanguage":"en-US","@id":"https:\/\/www.grupocastillo.com.pe\/product\/esponja-de-gasa-esteril-10-cm-x-10-cm\/#primaryimage","url":"https:\/\/www.grupocastillo.com.pe\/wp-content\/uploads\/2022\/09\/IMG_2532.png","contentUrl":"https:\/\/www.grupocastillo.com.pe\/wp-content\/uploads\/2022\/09\/IMG_2532.png","width":5184,"height":3475},{"@type":"BreadcrumbList","@id":"https:\/\/www.grupocastillo.com.pe\/product\/esponja-de-gasa-esteril-10-cm-x-10-cm\/#breadcrumb","itemListElement":[{"@type":"ListItem","position":1,"name":"Portada","item":"https:\/\/www.grupocastillo.com.pe\/"},{"@type":"ListItem","position":2,"name":"Tienda","item":"https:\/\/www.grupocastillo.com.pe\/tienda\/"},{"@type":"ListItem","position":3,"name":"Esponja de Gasa Est\u00e9ril &#8211; 10 cm x 10 cm"}]},{"@type":"WebSite","@id":"https:\/\/www.grupocastillo.com.pe\/#website","url":"https:\/\/www.grupocastillo.com.pe\/","name":"Corporaci\u00f3n castillo SAC","description":"","potentialAction":[{"@type":"SearchAction","target":{"@type":"EntryPoint","urlTemplate":"https:\/\/www.grupocastillo.com.pe\/?s={search_term_string}"},"query-input":{"@type":"PropertyValueSpecification","valueRequired":true,"valueName":"search_term_string"}}],"inLanguage":"en-US"}]}},"jetpack_sharing_enabled":true,"brands":[{"id":243,"name":"Cortex","slug":"cortex"}],"_links":{"self":[{"href":"https:\/\/www.grupocastillo.com.pe\/en\/wp-json\/wp\/v2\/product\/14567","targetHints":{"allow":["GET"]}}],"collection":[{"href":"https:\/\/www.grupocastillo.com.pe\/en\/wp-json\/wp\/v2\/product"}],"about":[{"href":"https:\/\/www.grupocastillo.com.pe\/en\/wp-json\/wp\/v2\/types\/product"}],"replies":[{"embeddable":true,"href":"https:\/\/www.grupocastillo.com.pe\/en\/wp-json\/wp\/v2\/comments?post=14567"}],"version-history":[{"count":6,"href":"https:\/\/www.grupocastillo.com.pe\/en\/wp-json\/wp\/v2\/product\/14567\/revisions"}],"predecessor-version":[{"id":15257,"href":"https:\/\/www.grupocastillo.com.pe\/en\/wp-json\/wp\/v2\/product\/14567\/revisions\/15257"}],"wp:featuredmedia":[{"embeddable":true,"href":"https:\/\/www.grupocastillo.com.pe\/en\/wp-json\/wp\/v2\/media\/14578"}],"wp:attachment":[{"href":"https:\/\/www.grupocastillo.com.pe\/en\/wp-json\/wp\/v2\/media?parent=14567"}],"wp:term":[{"taxonomy":"pwb-brand","embeddable":true,"href":"https:\/\/www.grupocastillo.com.pe\/en\/wp-json\/wp\/v2\/pwb-brand?post=14567"},{"taxonomy":"product_brand","embeddable":true,"href":"https:\/\/www.grupocastillo.com.pe\/en\/wp-json\/wp\/v2\/product_brand?post=14567"},{"taxonomy":"product_cat","embeddable":true,"href":"https:\/\/www.grupocastillo.com.pe\/en\/wp-json\/wp\/v2\/product_cat?post=14567"},{"taxonomy":"product_tag","embeddable":true,"href":"https:\/\/www.grupocastillo.com.pe\/en\/wp-json\/wp\/v2\/product_tag?post=14567"}],"curies":[{"name":"wp","href":"https:\/\/api.w.org\/{rel}","templated":true}]}}