{"id":14538,"date":"2022-09-14T20:52:43","date_gmt":"2022-09-14T20:52:43","guid":{"rendered":"https:\/\/www.grupocastillo.com.pe\/?post_type=product&#038;p=14538"},"modified":"2026-03-20T16:40:44","modified_gmt":"2026-03-20T16:40:44","slug":"equipo-volutrol","status":"publish","type":"product","link":"https:\/\/www.grupocastillo.com.pe\/en\/product\/equipo-volutrol\/","title":{"rendered":"Equipo Volutrol"},"content":{"rendered":"<p>SAD<\/p>","protected":false},"excerpt":{"rendered":"<h2>Equipo Volutrol &#8211; Disposable Burette Set<\/h2>\n<p>El equipo volutrol, es un equipo m\u00e9dico usado para la administraci\u00f3n de soluciones con control de goteo y para la inyecci\u00f3n alterna de medicamentos en el organismo, con un sistema de <strong>micro-goteo<\/strong> que dosifica 60gotas\/ml. brindando precisi\u00f3n y seguridad en la administraci\u00f3n de l\u00edquidos endovenosos.<\/p>\n<div class=\"container section-title-container\">\n<h3 class=\"section-title section-title-normal\"><span class=\"section-title-main\"><i class=\"icon-plus\"><\/i>FEATURES<\/span><\/h3>\n<\/div>\n<div id=\"row-2053680350\" class=\"row\">\n<div id=\"col-463163840\" class=\"col medium-6 small-12 large-6\">\n<div class=\"col-inner\">\n<ul>\n<li>Punta perforadora universal ventilada<\/li>\n<li>Salida de aire a prueba de bacterias<\/li>\n<li>Una abrazadera o rollers de rodillos precisa y segura, para controlar la velocidad de flujo.<\/li>\n<\/ul>\n<\/div>\n<\/div>\n<div id=\"col-758652450\" class=\"col medium-6 small-12 large-6\">\n<div class=\"col-inner\">\n<ul>\n<li>Tubo de PVC suave y transparente de memoria de forma r\u00e1pida<\/li>\n<li>Conexi\u00f3n Luer-Lock a prueba de goteo.\u00a0Para una conexi\u00f3n segura en el sitio de inyecci\u00f3n del paciente<\/li>\n<li>Est\u00e9ril, At\u00f3xico, Hipoalerg\u00e9nico.<\/li>\n<\/ul>\n<p>DOWNLOAD DATA SHEET<\/p>\n<\/div>\n<\/div>\n<\/div>","protected":false},"featured_media":14572,"comment_status":"open","ping_status":"closed","template":"","meta":{"_acf_changed":false,"inline_featured_image":false},"pwb-brand":[245],"product_brand":[],"product_cat":[220,15],"product_tag":[],"class_list":{"0":"post-14538","1":"product","2":"type-product","3":"status-publish","4":"has-post-thumbnail","6":"pwb-brand-intraven","7":"product_cat-equipos-de-infusion","8":"product_cat-linea-hipodermica","10":"first","11":"contactar","12":"shipping-taxable","13":"purchasable","14":"product-type-simple"},"acf":[],"yoast_head":"<!-- This site is optimized with the Yoast SEO plugin v27.3 - https:\/\/yoast.com\/product\/yoast-seo-wordpress\/ -->\n<title>Equipo Volutrol - Corporaci\u00f3n castillo SAC<\/title>\n<meta name=\"robots\" content=\"index, follow, max-snippet:-1, max-image-preview:large, max-video-preview:-1\" \/>\n<link rel=\"canonical\" href=\"https:\/\/www.grupocastillo.com.pe\/en\/product\/equipo-volutrol\/\" \/>\n<meta property=\"og:locale\" content=\"en_US\" \/>\n<meta property=\"og:type\" content=\"article\" \/>\n<meta property=\"og:title\" content=\"Equipo Volutrol - Corporaci\u00f3n castillo SAC\" \/>\n<meta property=\"og:description\" content=\"Equipo Volutrol - Disposable Burette Set El equipo volutrol, es un equipo m\u00e9dico usado para la administraci\u00f3n de soluciones con control de goteo y para la inyecci\u00f3n alterna de medicamentos en el organismo, con un sistema de micro-goteo que dosifica 60gotas\/ml. brindando precisi\u00f3n y seguridad en la administraci\u00f3n de l\u00edquidos endovenosos.  CARACTER\u00cdSTICAS       Punta perforadora universal ventilada  Salida de aire a prueba de bacterias  Una abrazadera o rollers de rodillos precisa y segura, para controlar la velocidad de flujo.        Tubo de PVC suave y transparente de memoria de forma r\u00e1pida  Conexi\u00f3n Luer-Lock a prueba de goteo.\u00a0Para una conexi\u00f3n segura en el sitio de inyecci\u00f3n del paciente  Est\u00e9ril, At\u00f3xico, Hipoalerg\u00e9nico.  DESCARGAR FICHA T\u00c9CNICA\" \/>\n<meta property=\"og:url\" content=\"https:\/\/www.grupocastillo.com.pe\/en\/product\/equipo-volutrol\/\" \/>\n<meta property=\"og:site_name\" content=\"Corporaci\u00f3n castillo SAC\" \/>\n<meta property=\"article:modified_time\" content=\"2026-03-20T16:40:44+00:00\" \/>\n<meta property=\"og:image\" content=\"https:\/\/www.grupocastillo.com.pe\/wp-content\/uploads\/2022\/09\/IMG_2702-1024x683.png\" \/>\n\t<meta property=\"og:image:width\" content=\"1024\" \/>\n\t<meta property=\"og:image:height\" content=\"683\" \/>\n\t<meta property=\"og:image:type\" content=\"image\/png\" \/>\n<meta name=\"twitter:card\" content=\"summary_large_image\" \/>\n<meta name=\"twitter:label1\" content=\"Est. reading time\" \/>\n\t<meta name=\"twitter:data1\" content=\"1 minute\" \/>\n<script type=\"application\/ld+json\" class=\"yoast-schema-graph\">{\"@context\":\"https:\\\/\\\/schema.org\",\"@graph\":[{\"@type\":\"WebPage\",\"@id\":\"https:\\\/\\\/www.grupocastillo.com.pe\\\/product\\\/equipo-volutrol\\\/\",\"url\":\"https:\\\/\\\/www.grupocastillo.com.pe\\\/product\\\/equipo-volutrol\\\/\",\"name\":\"Equipo Volutrol - Corporaci\u00f3n castillo SAC\",\"isPartOf\":{\"@id\":\"https:\\\/\\\/www.grupocastillo.com.pe\\\/#website\"},\"primaryImageOfPage\":{\"@id\":\"https:\\\/\\\/www.grupocastillo.com.pe\\\/product\\\/equipo-volutrol\\\/#primaryimage\"},\"image\":{\"@id\":\"https:\\\/\\\/www.grupocastillo.com.pe\\\/product\\\/equipo-volutrol\\\/#primaryimage\"},\"thumbnailUrl\":\"https:\\\/\\\/www.grupocastillo.com.pe\\\/wp-content\\\/uploads\\\/2022\\\/09\\\/IMG_2702.png\",\"datePublished\":\"2022-09-14T20:52:43+00:00\",\"dateModified\":\"2026-03-20T16:40:44+00:00\",\"breadcrumb\":{\"@id\":\"https:\\\/\\\/www.grupocastillo.com.pe\\\/product\\\/equipo-volutrol\\\/#breadcrumb\"},\"inLanguage\":\"en-US\",\"potentialAction\":[{\"@type\":\"ReadAction\",\"target\":[\"https:\\\/\\\/www.grupocastillo.com.pe\\\/product\\\/equipo-volutrol\\\/\"]}]},{\"@type\":\"ImageObject\",\"inLanguage\":\"en-US\",\"@id\":\"https:\\\/\\\/www.grupocastillo.com.pe\\\/product\\\/equipo-volutrol\\\/#primaryimage\",\"url\":\"https:\\\/\\\/www.grupocastillo.com.pe\\\/wp-content\\\/uploads\\\/2022\\\/09\\\/IMG_2702.png\",\"contentUrl\":\"https:\\\/\\\/www.grupocastillo.com.pe\\\/wp-content\\\/uploads\\\/2022\\\/09\\\/IMG_2702.png\",\"width\":5184,\"height\":3456},{\"@type\":\"BreadcrumbList\",\"@id\":\"https:\\\/\\\/www.grupocastillo.com.pe\\\/product\\\/equipo-volutrol\\\/#breadcrumb\",\"itemListElement\":[{\"@type\":\"ListItem\",\"position\":1,\"name\":\"Portada\",\"item\":\"https:\\\/\\\/www.grupocastillo.com.pe\\\/\"},{\"@type\":\"ListItem\",\"position\":2,\"name\":\"Tienda\",\"item\":\"https:\\\/\\\/www.grupocastillo.com.pe\\\/tienda\\\/\"},{\"@type\":\"ListItem\",\"position\":3,\"name\":\"Equipo Volutrol\"}]},{\"@type\":\"WebSite\",\"@id\":\"https:\\\/\\\/www.grupocastillo.com.pe\\\/#website\",\"url\":\"https:\\\/\\\/www.grupocastillo.com.pe\\\/\",\"name\":\"Corporaci\u00f3n castillo SAC\",\"description\":\"\",\"potentialAction\":[{\"@type\":\"SearchAction\",\"target\":{\"@type\":\"EntryPoint\",\"urlTemplate\":\"https:\\\/\\\/www.grupocastillo.com.pe\\\/?s={search_term_string}\"},\"query-input\":{\"@type\":\"PropertyValueSpecification\",\"valueRequired\":true,\"valueName\":\"search_term_string\"}}],\"inLanguage\":\"en-US\"}]}<\/script>\n<!-- \/ Yoast SEO plugin. -->","yoast_head_json":{"title":"Equipo Volutrol - Corporaci\u00f3n castillo SAC","robots":{"index":"index","follow":"follow","max-snippet":"max-snippet:-1","max-image-preview":"max-image-preview:large","max-video-preview":"max-video-preview:-1"},"canonical":"https:\/\/www.grupocastillo.com.pe\/en\/product\/equipo-volutrol\/","og_locale":"en_US","og_type":"article","og_title":"Equipo Volutrol - Corporaci\u00f3n castillo SAC","og_description":"Equipo Volutrol - Disposable Burette Set El equipo volutrol, es un equipo m\u00e9dico usado para la administraci\u00f3n de soluciones con control de goteo y para la inyecci\u00f3n alterna de medicamentos en el organismo, con un sistema de micro-goteo que dosifica 60gotas\/ml. brindando precisi\u00f3n y seguridad en la administraci\u00f3n de l\u00edquidos endovenosos.  CARACTER\u00cdSTICAS       Punta perforadora universal ventilada  Salida de aire a prueba de bacterias  Una abrazadera o rollers de rodillos precisa y segura, para controlar la velocidad de flujo.        Tubo de PVC suave y transparente de memoria de forma r\u00e1pida  Conexi\u00f3n Luer-Lock a prueba de goteo.\u00a0Para una conexi\u00f3n segura en el sitio de inyecci\u00f3n del paciente  Est\u00e9ril, At\u00f3xico, Hipoalerg\u00e9nico.  DESCARGAR FICHA T\u00c9CNICA","og_url":"https:\/\/www.grupocastillo.com.pe\/en\/product\/equipo-volutrol\/","og_site_name":"Corporaci\u00f3n castillo SAC","article_modified_time":"2026-03-20T16:40:44+00:00","og_image":[{"width":1024,"height":683,"url":"https:\/\/www.grupocastillo.com.pe\/wp-content\/uploads\/2022\/09\/IMG_2702-1024x683.png","type":"image\/png"}],"twitter_card":"summary_large_image","twitter_misc":{"Est. reading time":"1 minute"},"schema":{"@context":"https:\/\/schema.org","@graph":[{"@type":"WebPage","@id":"https:\/\/www.grupocastillo.com.pe\/product\/equipo-volutrol\/","url":"https:\/\/www.grupocastillo.com.pe\/product\/equipo-volutrol\/","name":"Equipo Volutrol - Corporaci\u00f3n castillo SAC","isPartOf":{"@id":"https:\/\/www.grupocastillo.com.pe\/#website"},"primaryImageOfPage":{"@id":"https:\/\/www.grupocastillo.com.pe\/product\/equipo-volutrol\/#primaryimage"},"image":{"@id":"https:\/\/www.grupocastillo.com.pe\/product\/equipo-volutrol\/#primaryimage"},"thumbnailUrl":"https:\/\/www.grupocastillo.com.pe\/wp-content\/uploads\/2022\/09\/IMG_2702.png","datePublished":"2022-09-14T20:52:43+00:00","dateModified":"2026-03-20T16:40:44+00:00","breadcrumb":{"@id":"https:\/\/www.grupocastillo.com.pe\/product\/equipo-volutrol\/#breadcrumb"},"inLanguage":"en-US","potentialAction":[{"@type":"ReadAction","target":["https:\/\/www.grupocastillo.com.pe\/product\/equipo-volutrol\/"]}]},{"@type":"ImageObject","inLanguage":"en-US","@id":"https:\/\/www.grupocastillo.com.pe\/product\/equipo-volutrol\/#primaryimage","url":"https:\/\/www.grupocastillo.com.pe\/wp-content\/uploads\/2022\/09\/IMG_2702.png","contentUrl":"https:\/\/www.grupocastillo.com.pe\/wp-content\/uploads\/2022\/09\/IMG_2702.png","width":5184,"height":3456},{"@type":"BreadcrumbList","@id":"https:\/\/www.grupocastillo.com.pe\/product\/equipo-volutrol\/#breadcrumb","itemListElement":[{"@type":"ListItem","position":1,"name":"Portada","item":"https:\/\/www.grupocastillo.com.pe\/"},{"@type":"ListItem","position":2,"name":"Tienda","item":"https:\/\/www.grupocastillo.com.pe\/tienda\/"},{"@type":"ListItem","position":3,"name":"Equipo Volutrol"}]},{"@type":"WebSite","@id":"https:\/\/www.grupocastillo.com.pe\/#website","url":"https:\/\/www.grupocastillo.com.pe\/","name":"Corporaci\u00f3n castillo SAC","description":"","potentialAction":[{"@type":"SearchAction","target":{"@type":"EntryPoint","urlTemplate":"https:\/\/www.grupocastillo.com.pe\/?s={search_term_string}"},"query-input":{"@type":"PropertyValueSpecification","valueRequired":true,"valueName":"search_term_string"}}],"inLanguage":"en-US"}]}},"jetpack_sharing_enabled":true,"brands":[{"id":245,"name":"Intraven","slug":"intraven"}],"_links":{"self":[{"href":"https:\/\/www.grupocastillo.com.pe\/en\/wp-json\/wp\/v2\/product\/14538","targetHints":{"allow":["GET"]}}],"collection":[{"href":"https:\/\/www.grupocastillo.com.pe\/en\/wp-json\/wp\/v2\/product"}],"about":[{"href":"https:\/\/www.grupocastillo.com.pe\/en\/wp-json\/wp\/v2\/types\/product"}],"replies":[{"embeddable":true,"href":"https:\/\/www.grupocastillo.com.pe\/en\/wp-json\/wp\/v2\/comments?post=14538"}],"version-history":[{"count":9,"href":"https:\/\/www.grupocastillo.com.pe\/en\/wp-json\/wp\/v2\/product\/14538\/revisions"}],"predecessor-version":[{"id":15260,"href":"https:\/\/www.grupocastillo.com.pe\/en\/wp-json\/wp\/v2\/product\/14538\/revisions\/15260"}],"wp:featuredmedia":[{"embeddable":true,"href":"https:\/\/www.grupocastillo.com.pe\/en\/wp-json\/wp\/v2\/media\/14572"}],"wp:attachment":[{"href":"https:\/\/www.grupocastillo.com.pe\/en\/wp-json\/wp\/v2\/media?parent=14538"}],"wp:term":[{"taxonomy":"pwb-brand","embeddable":true,"href":"https:\/\/www.grupocastillo.com.pe\/en\/wp-json\/wp\/v2\/pwb-brand?post=14538"},{"taxonomy":"product_brand","embeddable":true,"href":"https:\/\/www.grupocastillo.com.pe\/en\/wp-json\/wp\/v2\/product_brand?post=14538"},{"taxonomy":"product_cat","embeddable":true,"href":"https:\/\/www.grupocastillo.com.pe\/en\/wp-json\/wp\/v2\/product_cat?post=14538"},{"taxonomy":"product_tag","embeddable":true,"href":"https:\/\/www.grupocastillo.com.pe\/en\/wp-json\/wp\/v2\/product_tag?post=14538"}],"curies":[{"name":"wp","href":"https:\/\/api.w.org\/{rel}","templated":true}]}}