{"id":13277,"date":"2021-12-11T00:47:36","date_gmt":"2021-12-11T00:47:36","guid":{"rendered":"https:\/\/kyriosdemos4.xyz\/?post_type=product&#038;p=13277"},"modified":"2026-03-20T16:41:02","modified_gmt":"2026-03-20T16:41:02","slug":"equipo-de-venoclisis","status":"publish","type":"product","link":"https:\/\/www.grupocastillo.com.pe\/en\/product\/equipo-de-venoclisis\/","title":{"rendered":"Venoclysis Equipment"},"content":{"rendered":"<p>SAD<\/p>","protected":false},"excerpt":{"rendered":"<h2>Venoclysis Equipment<\/h2>\n<p>El equipo de venoclisis, es un equipo m\u00e9dico usado para la administraci\u00f3n de soluciones con control de goteo y para la inyecci\u00f3n alterna de medicamentos en el organismo, con un sistema de\u00a0<strong>macro-goteo<\/strong>\u00a0que dosifica 20gotas\/ml. brindando precisi\u00f3n y seguridad en la administraci\u00f3n de l\u00edquidos endovenosos.<\/p>\n<div class=\"container section-title-container\">\n<h3 class=\"section-title section-title-normal\"><span class=\"section-title-main\"><i class=\"icon-plus\"><\/i>FEATURES<\/span><\/h3>\n<\/div>\n<div id=\"row-2053680350\" class=\"row\">\n<div id=\"col-463163840\" class=\"col medium-6 small-12 large-6\">\n<div class=\"col-inner\">\n<ul>\n<li>Punta perforadora universal ventilada<\/li>\n<li>Salida de aire a prueba de bacterias<\/li>\n<li>Filtro de fluido de 15 \u00b5m como parte integral de la c\u00e1mara de goteo<\/li>\n<li>Una abrazadera o rollers de rodillos precisa y segura, para controlar la velocidad de flujo.<\/li>\n<\/ul>\n<\/div>\n<\/div>\n<div id=\"col-758652450\" class=\"col medium-6 small-12 large-6\">\n<div class=\"col-inner\">\n<ul>\n<li>Tubo de PVC suave y transparente de memoria de forma r\u00e1pida<\/li>\n<li>Conexi\u00f3n Luer-Lock a prueba de goteo.\u00a0Para una conexi\u00f3n segura en el sitio de inyecci\u00f3n del paciente<\/li>\n<li>Est\u00e9ril, At\u00f3xico, Hipoalerg\u00e9nico.<\/li>\n<\/ul>\n<p>DOWNLOAD DATA SHEET<\/p>\n<\/div>\n<\/div>\n<\/div>","protected":false},"featured_media":13278,"comment_status":"open","ping_status":"closed","template":"","meta":{"_acf_changed":false,"inline_featured_image":false},"pwb-brand":[245],"product_brand":[],"product_cat":[220],"product_tag":[],"class_list":{"0":"post-13277","1":"product","2":"type-product","3":"status-publish","4":"has-post-thumbnail","6":"pwb-brand-intraven","7":"product_cat-equipos-de-infusion","9":"first","10":"contactar","11":"shipping-taxable","12":"purchasable","13":"product-type-simple"},"acf":[],"yoast_head":"<!-- This site is optimized with the Yoast SEO plugin v27.3 - https:\/\/yoast.com\/product\/yoast-seo-wordpress\/ -->\n<title>Equipo de Venoclisis - Corporaci\u00f3n castillo SAC<\/title>\n<meta name=\"robots\" content=\"index, follow, max-snippet:-1, max-image-preview:large, max-video-preview:-1\" \/>\n<link rel=\"canonical\" href=\"https:\/\/www.grupocastillo.com.pe\/en\/product\/equipo-de-venoclisis\/\" \/>\n<meta property=\"og:locale\" content=\"en_US\" \/>\n<meta property=\"og:type\" content=\"article\" \/>\n<meta property=\"og:title\" content=\"Equipo de Venoclisis - Corporaci\u00f3n castillo SAC\" \/>\n<meta property=\"og:description\" content=\"Equipo\u00a0de Venoclisis El equipo de venoclisis, es un equipo m\u00e9dico usado para la administraci\u00f3n de soluciones con control de goteo y para la inyecci\u00f3n alterna de medicamentos en el organismo, con un sistema de\u00a0macro-goteo\u00a0que dosifica 20gotas\/ml. brindando precisi\u00f3n y seguridad en la administraci\u00f3n de l\u00edquidos endovenosos.  CARACTER\u00cdSTICAS       Punta perforadora universal ventilada  Salida de aire a prueba de bacterias  Filtro de fluido de 15 \u00b5m como parte integral de la c\u00e1mara de goteo  Una abrazadera o rollers de rodillos precisa y segura, para controlar la velocidad de flujo.        Tubo de PVC suave y transparente de memoria de forma r\u00e1pida  Conexi\u00f3n Luer-Lock a prueba de goteo.\u00a0Para una conexi\u00f3n segura en el sitio de inyecci\u00f3n del paciente  Est\u00e9ril, At\u00f3xico, Hipoalerg\u00e9nico.  DESCARGAR FICHA T\u00c9CNICA\" \/>\n<meta property=\"og:url\" content=\"https:\/\/www.grupocastillo.com.pe\/en\/product\/equipo-de-venoclisis\/\" \/>\n<meta property=\"og:site_name\" content=\"Corporaci\u00f3n castillo SAC\" \/>\n<meta property=\"article:modified_time\" content=\"2026-03-20T16:41:02+00:00\" \/>\n<meta property=\"og:image\" content=\"https:\/\/www.grupocastillo.com.pe\/wp-content\/uploads\/2021\/12\/EQUIPO-VENOCLISIS.jpg\" \/>\n\t<meta property=\"og:image:width\" content=\"920\" \/>\n\t<meta property=\"og:image:height\" content=\"636\" \/>\n\t<meta property=\"og:image:type\" content=\"image\/jpeg\" \/>\n<meta name=\"twitter:card\" content=\"summary_large_image\" \/>\n<meta name=\"twitter:label1\" content=\"Est. reading time\" \/>\n\t<meta name=\"twitter:data1\" content=\"1 minute\" \/>\n<script type=\"application\/ld+json\" class=\"yoast-schema-graph\">{\"@context\":\"https:\\\/\\\/schema.org\",\"@graph\":[{\"@type\":\"WebPage\",\"@id\":\"https:\\\/\\\/www.grupocastillo.com.pe\\\/product\\\/equipo-de-venoclisis\\\/\",\"url\":\"https:\\\/\\\/www.grupocastillo.com.pe\\\/product\\\/equipo-de-venoclisis\\\/\",\"name\":\"Equipo de Venoclisis - Corporaci\u00f3n castillo SAC\",\"isPartOf\":{\"@id\":\"https:\\\/\\\/www.grupocastillo.com.pe\\\/#website\"},\"primaryImageOfPage\":{\"@id\":\"https:\\\/\\\/www.grupocastillo.com.pe\\\/product\\\/equipo-de-venoclisis\\\/#primaryimage\"},\"image\":{\"@id\":\"https:\\\/\\\/www.grupocastillo.com.pe\\\/product\\\/equipo-de-venoclisis\\\/#primaryimage\"},\"thumbnailUrl\":\"https:\\\/\\\/www.grupocastillo.com.pe\\\/wp-content\\\/uploads\\\/2021\\\/12\\\/EQUIPO-VENOCLISIS.jpg\",\"datePublished\":\"2021-12-11T00:47:36+00:00\",\"dateModified\":\"2026-03-20T16:41:02+00:00\",\"breadcrumb\":{\"@id\":\"https:\\\/\\\/www.grupocastillo.com.pe\\\/product\\\/equipo-de-venoclisis\\\/#breadcrumb\"},\"inLanguage\":\"en-US\",\"potentialAction\":[{\"@type\":\"ReadAction\",\"target\":[\"https:\\\/\\\/www.grupocastillo.com.pe\\\/product\\\/equipo-de-venoclisis\\\/\"]}]},{\"@type\":\"ImageObject\",\"inLanguage\":\"en-US\",\"@id\":\"https:\\\/\\\/www.grupocastillo.com.pe\\\/product\\\/equipo-de-venoclisis\\\/#primaryimage\",\"url\":\"https:\\\/\\\/www.grupocastillo.com.pe\\\/wp-content\\\/uploads\\\/2021\\\/12\\\/EQUIPO-VENOCLISIS.jpg\",\"contentUrl\":\"https:\\\/\\\/www.grupocastillo.com.pe\\\/wp-content\\\/uploads\\\/2021\\\/12\\\/EQUIPO-VENOCLISIS.jpg\",\"width\":920,\"height\":636},{\"@type\":\"BreadcrumbList\",\"@id\":\"https:\\\/\\\/www.grupocastillo.com.pe\\\/product\\\/equipo-de-venoclisis\\\/#breadcrumb\",\"itemListElement\":[{\"@type\":\"ListItem\",\"position\":1,\"name\":\"Portada\",\"item\":\"https:\\\/\\\/www.grupocastillo.com.pe\\\/\"},{\"@type\":\"ListItem\",\"position\":2,\"name\":\"Tienda\",\"item\":\"https:\\\/\\\/www.grupocastillo.com.pe\\\/tienda\\\/\"},{\"@type\":\"ListItem\",\"position\":3,\"name\":\"Equipo de Venoclisis\"}]},{\"@type\":\"WebSite\",\"@id\":\"https:\\\/\\\/www.grupocastillo.com.pe\\\/#website\",\"url\":\"https:\\\/\\\/www.grupocastillo.com.pe\\\/\",\"name\":\"Corporaci\u00f3n castillo SAC\",\"description\":\"\",\"potentialAction\":[{\"@type\":\"SearchAction\",\"target\":{\"@type\":\"EntryPoint\",\"urlTemplate\":\"https:\\\/\\\/www.grupocastillo.com.pe\\\/?s={search_term_string}\"},\"query-input\":{\"@type\":\"PropertyValueSpecification\",\"valueRequired\":true,\"valueName\":\"search_term_string\"}}],\"inLanguage\":\"en-US\"}]}<\/script>\n<!-- \/ Yoast SEO plugin. -->","yoast_head_json":{"title":"Equipo de Venoclisis - Corporaci\u00f3n castillo SAC","robots":{"index":"index","follow":"follow","max-snippet":"max-snippet:-1","max-image-preview":"max-image-preview:large","max-video-preview":"max-video-preview:-1"},"canonical":"https:\/\/www.grupocastillo.com.pe\/en\/product\/equipo-de-venoclisis\/","og_locale":"en_US","og_type":"article","og_title":"Equipo de Venoclisis - Corporaci\u00f3n castillo SAC","og_description":"Equipo\u00a0de Venoclisis El equipo de venoclisis, es un equipo m\u00e9dico usado para la administraci\u00f3n de soluciones con control de goteo y para la inyecci\u00f3n alterna de medicamentos en el organismo, con un sistema de\u00a0macro-goteo\u00a0que dosifica 20gotas\/ml. brindando precisi\u00f3n y seguridad en la administraci\u00f3n de l\u00edquidos endovenosos.  CARACTER\u00cdSTICAS       Punta perforadora universal ventilada  Salida de aire a prueba de bacterias  Filtro de fluido de 15 \u00b5m como parte integral de la c\u00e1mara de goteo  Una abrazadera o rollers de rodillos precisa y segura, para controlar la velocidad de flujo.        Tubo de PVC suave y transparente de memoria de forma r\u00e1pida  Conexi\u00f3n Luer-Lock a prueba de goteo.\u00a0Para una conexi\u00f3n segura en el sitio de inyecci\u00f3n del paciente  Est\u00e9ril, At\u00f3xico, Hipoalerg\u00e9nico.  DESCARGAR FICHA T\u00c9CNICA","og_url":"https:\/\/www.grupocastillo.com.pe\/en\/product\/equipo-de-venoclisis\/","og_site_name":"Corporaci\u00f3n castillo SAC","article_modified_time":"2026-03-20T16:41:02+00:00","og_image":[{"width":920,"height":636,"url":"https:\/\/www.grupocastillo.com.pe\/wp-content\/uploads\/2021\/12\/EQUIPO-VENOCLISIS.jpg","type":"image\/jpeg"}],"twitter_card":"summary_large_image","twitter_misc":{"Est. reading time":"1 minute"},"schema":{"@context":"https:\/\/schema.org","@graph":[{"@type":"WebPage","@id":"https:\/\/www.grupocastillo.com.pe\/product\/equipo-de-venoclisis\/","url":"https:\/\/www.grupocastillo.com.pe\/product\/equipo-de-venoclisis\/","name":"Equipo de Venoclisis - Corporaci\u00f3n castillo SAC","isPartOf":{"@id":"https:\/\/www.grupocastillo.com.pe\/#website"},"primaryImageOfPage":{"@id":"https:\/\/www.grupocastillo.com.pe\/product\/equipo-de-venoclisis\/#primaryimage"},"image":{"@id":"https:\/\/www.grupocastillo.com.pe\/product\/equipo-de-venoclisis\/#primaryimage"},"thumbnailUrl":"https:\/\/www.grupocastillo.com.pe\/wp-content\/uploads\/2021\/12\/EQUIPO-VENOCLISIS.jpg","datePublished":"2021-12-11T00:47:36+00:00","dateModified":"2026-03-20T16:41:02+00:00","breadcrumb":{"@id":"https:\/\/www.grupocastillo.com.pe\/product\/equipo-de-venoclisis\/#breadcrumb"},"inLanguage":"en-US","potentialAction":[{"@type":"ReadAction","target":["https:\/\/www.grupocastillo.com.pe\/product\/equipo-de-venoclisis\/"]}]},{"@type":"ImageObject","inLanguage":"en-US","@id":"https:\/\/www.grupocastillo.com.pe\/product\/equipo-de-venoclisis\/#primaryimage","url":"https:\/\/www.grupocastillo.com.pe\/wp-content\/uploads\/2021\/12\/EQUIPO-VENOCLISIS.jpg","contentUrl":"https:\/\/www.grupocastillo.com.pe\/wp-content\/uploads\/2021\/12\/EQUIPO-VENOCLISIS.jpg","width":920,"height":636},{"@type":"BreadcrumbList","@id":"https:\/\/www.grupocastillo.com.pe\/product\/equipo-de-venoclisis\/#breadcrumb","itemListElement":[{"@type":"ListItem","position":1,"name":"Portada","item":"https:\/\/www.grupocastillo.com.pe\/"},{"@type":"ListItem","position":2,"name":"Tienda","item":"https:\/\/www.grupocastillo.com.pe\/tienda\/"},{"@type":"ListItem","position":3,"name":"Equipo de Venoclisis"}]},{"@type":"WebSite","@id":"https:\/\/www.grupocastillo.com.pe\/#website","url":"https:\/\/www.grupocastillo.com.pe\/","name":"Corporaci\u00f3n castillo SAC","description":"","potentialAction":[{"@type":"SearchAction","target":{"@type":"EntryPoint","urlTemplate":"https:\/\/www.grupocastillo.com.pe\/?s={search_term_string}"},"query-input":{"@type":"PropertyValueSpecification","valueRequired":true,"valueName":"search_term_string"}}],"inLanguage":"en-US"}]}},"jetpack_sharing_enabled":true,"brands":[{"id":245,"name":"Intraven","slug":"intraven"}],"_links":{"self":[{"href":"https:\/\/www.grupocastillo.com.pe\/en\/wp-json\/wp\/v2\/product\/13277","targetHints":{"allow":["GET"]}}],"collection":[{"href":"https:\/\/www.grupocastillo.com.pe\/en\/wp-json\/wp\/v2\/product"}],"about":[{"href":"https:\/\/www.grupocastillo.com.pe\/en\/wp-json\/wp\/v2\/types\/product"}],"replies":[{"embeddable":true,"href":"https:\/\/www.grupocastillo.com.pe\/en\/wp-json\/wp\/v2\/comments?post=13277"}],"version-history":[{"count":8,"href":"https:\/\/www.grupocastillo.com.pe\/en\/wp-json\/wp\/v2\/product\/13277\/revisions"}],"predecessor-version":[{"id":15261,"href":"https:\/\/www.grupocastillo.com.pe\/en\/wp-json\/wp\/v2\/product\/13277\/revisions\/15261"}],"wp:featuredmedia":[{"embeddable":true,"href":"https:\/\/www.grupocastillo.com.pe\/en\/wp-json\/wp\/v2\/media\/13278"}],"wp:attachment":[{"href":"https:\/\/www.grupocastillo.com.pe\/en\/wp-json\/wp\/v2\/media?parent=13277"}],"wp:term":[{"taxonomy":"pwb-brand","embeddable":true,"href":"https:\/\/www.grupocastillo.com.pe\/en\/wp-json\/wp\/v2\/pwb-brand?post=13277"},{"taxonomy":"product_brand","embeddable":true,"href":"https:\/\/www.grupocastillo.com.pe\/en\/wp-json\/wp\/v2\/product_brand?post=13277"},{"taxonomy":"product_cat","embeddable":true,"href":"https:\/\/www.grupocastillo.com.pe\/en\/wp-json\/wp\/v2\/product_cat?post=13277"},{"taxonomy":"product_tag","embeddable":true,"href":"https:\/\/www.grupocastillo.com.pe\/en\/wp-json\/wp\/v2\/product_tag?post=13277"}],"curies":[{"name":"wp","href":"https:\/\/api.w.org\/{rel}","templated":true}]}}