{"id":13256,"date":"2021-12-11T00:31:08","date_gmt":"2021-12-11T00:31:08","guid":{"rendered":"https:\/\/kyriosdemos4.xyz\/?post_type=product&#038;p=13256"},"modified":"2026-03-20T19:30:25","modified_gmt":"2026-03-20T19:30:25","slug":"20-g-x-1%e2%80%b3-caja-x-100-unidades","status":"publish","type":"product","link":"https:\/\/www.grupocastillo.com.pe\/en\/product\/20-g-x-1%e2%80%b3-caja-x-100-unidades\/","title":{"rendered":"20 G x 1\u2033 Box x 100 pcs."},"content":{"rendered":"","protected":false},"excerpt":{"rendered":"<h1>Intraven Disposable Needles<\/h1>\n<div class=\"container section-title-container\">\n<h3 class=\"section-title section-title-normal\"><span class=\"section-title-main\"><i class=\"icon-plus\"><\/i>FEATURES<\/span><\/h3>\n<\/div>\n<div id=\"row-1855534145\" class=\"row\">\n<div id=\"col-1689796905\" class=\"col medium-6 small-12 large-6\">\n<div class=\"col-inner\">\n<ul>\n<li>Hypodermic needle for single use.<\/li>\n<li>Can be used with hypodermic syringes for clinical use.<\/li>\n<li>Free of burrs and sharp edges.<\/li>\n<li>Free of foreign particles<\/li>\n<li>Stainless steel tri-beveled cannula.<\/li>\n<li>The coupling cone is colored according to ISO 6009 Standard.<\/li>\n<\/ul>\n<\/div>\n<\/div>\n<div id=\"col-286105908\" class=\"col medium-6 small-12 large-6\">\n<div class=\"col-inner\">\n<ul>\n<li>Hermetically sealed.<\/li>\n<li>Individually packaged Peel Open.<\/li>\n<li>Easy to open.<\/li>\n<li>Sterile (E.O.)<\/li>\n<li>Non-toxic<\/li>\n<li>Pyrogen free<\/li>\n<\/ul>\n<p>DOWNLOAD DATA SHEET<\/p>\n<\/div>\n<\/div>\n<\/div>","protected":false},"featured_media":13257,"comment_status":"open","ping_status":"closed","template":"","meta":{"_acf_changed":false,"inline_featured_image":false},"pwb-brand":[245],"product_brand":[],"product_cat":[219],"product_tag":[],"class_list":{"0":"post-13256","1":"product","2":"type-product","3":"status-publish","4":"has-post-thumbnail","6":"pwb-brand-intraven","7":"product_cat-agujas-descartables","9":"first","10":"contactar","11":"shipping-taxable","12":"purchasable","13":"product-type-simple"},"acf":[],"yoast_head":"<!-- This site is optimized with the Yoast SEO plugin v27.3 - https:\/\/yoast.com\/product\/yoast-seo-wordpress\/ -->\n<title>20 G x 1\u2033 Caja x 100 unidades. - Corporaci\u00f3n castillo SAC<\/title>\n<meta name=\"robots\" content=\"index, follow, max-snippet:-1, max-image-preview:large, max-video-preview:-1\" \/>\n<link rel=\"canonical\" href=\"https:\/\/www.grupocastillo.com.pe\/en\/product\/20-g-x-1\u2033-caja-x-100-unidades\/\" \/>\n<meta property=\"og:locale\" content=\"en_US\" \/>\n<meta property=\"og:type\" content=\"article\" \/>\n<meta property=\"og:title\" content=\"20 G x 1\u2033 Caja x 100 unidades. - Corporaci\u00f3n castillo SAC\" \/>\n<meta property=\"og:description\" content=\"Agujas Descartables Intraven  CARACTER\u00cdSTICAS       Aguja hipod\u00e9rmica de un solo Uso.  Puede ser utilizada con jeringas hipod\u00e9rmicas de uso cl\u00ednico  Exento de rebabas y aristas cortantes.  Exento de part\u00edculas extra\u00f1as  C\u00e1nula tribiselada de acero inoxidable.  El cono de acoplamiento presenta color de acuerdo a Norma ISO 6009.        Sellado herm\u00e9tico.  Empaque individual Peel Open.  De f\u00e1cil apertura.  Est\u00e9ril (E.O.)  At\u00f3xico  Libre de pir\u00f3genos  DESCARGAR FICHA T\u00c9CNICA\" \/>\n<meta property=\"og:url\" content=\"https:\/\/www.grupocastillo.com.pe\/en\/product\/20-g-x-1\u2033-caja-x-100-unidades\/\" \/>\n<meta property=\"og:site_name\" content=\"Corporaci\u00f3n castillo SAC\" \/>\n<meta property=\"article:modified_time\" content=\"2026-03-20T19:30:25+00:00\" \/>\n<meta property=\"og:image\" content=\"https:\/\/www.grupocastillo.com.pe\/wp-content\/uploads\/2021\/12\/aguja_20Gx1-1.jpg\" \/>\n\t<meta property=\"og:image:width\" content=\"920\" \/>\n\t<meta property=\"og:image:height\" content=\"636\" \/>\n\t<meta property=\"og:image:type\" content=\"image\/jpeg\" \/>\n<meta name=\"twitter:card\" content=\"summary_large_image\" \/>\n<meta name=\"twitter:label1\" content=\"Est. reading time\" \/>\n\t<meta name=\"twitter:data1\" content=\"1 minute\" \/>\n<script type=\"application\/ld+json\" class=\"yoast-schema-graph\">{\"@context\":\"https:\\\/\\\/schema.org\",\"@graph\":[{\"@type\":\"WebPage\",\"@id\":\"https:\\\/\\\/www.grupocastillo.com.pe\\\/product\\\/20-g-x-1%e2%80%b3-caja-x-100-unidades\\\/\",\"url\":\"https:\\\/\\\/www.grupocastillo.com.pe\\\/product\\\/20-g-x-1%e2%80%b3-caja-x-100-unidades\\\/\",\"name\":\"20 G x 1\u2033 Caja x 100 unidades. - Corporaci\u00f3n castillo SAC\",\"isPartOf\":{\"@id\":\"https:\\\/\\\/www.grupocastillo.com.pe\\\/#website\"},\"primaryImageOfPage\":{\"@id\":\"https:\\\/\\\/www.grupocastillo.com.pe\\\/product\\\/20-g-x-1%e2%80%b3-caja-x-100-unidades\\\/#primaryimage\"},\"image\":{\"@id\":\"https:\\\/\\\/www.grupocastillo.com.pe\\\/product\\\/20-g-x-1%e2%80%b3-caja-x-100-unidades\\\/#primaryimage\"},\"thumbnailUrl\":\"https:\\\/\\\/www.grupocastillo.com.pe\\\/wp-content\\\/uploads\\\/2021\\\/12\\\/aguja_20Gx1-1.jpg\",\"datePublished\":\"2021-12-11T00:31:08+00:00\",\"dateModified\":\"2026-03-20T19:30:25+00:00\",\"breadcrumb\":{\"@id\":\"https:\\\/\\\/www.grupocastillo.com.pe\\\/product\\\/20-g-x-1%e2%80%b3-caja-x-100-unidades\\\/#breadcrumb\"},\"inLanguage\":\"en-US\",\"potentialAction\":[{\"@type\":\"ReadAction\",\"target\":[\"https:\\\/\\\/www.grupocastillo.com.pe\\\/product\\\/20-g-x-1%e2%80%b3-caja-x-100-unidades\\\/\"]}]},{\"@type\":\"ImageObject\",\"inLanguage\":\"en-US\",\"@id\":\"https:\\\/\\\/www.grupocastillo.com.pe\\\/product\\\/20-g-x-1%e2%80%b3-caja-x-100-unidades\\\/#primaryimage\",\"url\":\"https:\\\/\\\/www.grupocastillo.com.pe\\\/wp-content\\\/uploads\\\/2021\\\/12\\\/aguja_20Gx1-1.jpg\",\"contentUrl\":\"https:\\\/\\\/www.grupocastillo.com.pe\\\/wp-content\\\/uploads\\\/2021\\\/12\\\/aguja_20Gx1-1.jpg\",\"width\":920,\"height\":636},{\"@type\":\"BreadcrumbList\",\"@id\":\"https:\\\/\\\/www.grupocastillo.com.pe\\\/product\\\/20-g-x-1%e2%80%b3-caja-x-100-unidades\\\/#breadcrumb\",\"itemListElement\":[{\"@type\":\"ListItem\",\"position\":1,\"name\":\"Portada\",\"item\":\"https:\\\/\\\/www.grupocastillo.com.pe\\\/\"},{\"@type\":\"ListItem\",\"position\":2,\"name\":\"Tienda\",\"item\":\"https:\\\/\\\/www.grupocastillo.com.pe\\\/tienda\\\/\"},{\"@type\":\"ListItem\",\"position\":3,\"name\":\"20 G x 1\u2033 Caja x 100 unidades.\"}]},{\"@type\":\"WebSite\",\"@id\":\"https:\\\/\\\/www.grupocastillo.com.pe\\\/#website\",\"url\":\"https:\\\/\\\/www.grupocastillo.com.pe\\\/\",\"name\":\"Corporaci\u00f3n castillo SAC\",\"description\":\"\",\"potentialAction\":[{\"@type\":\"SearchAction\",\"target\":{\"@type\":\"EntryPoint\",\"urlTemplate\":\"https:\\\/\\\/www.grupocastillo.com.pe\\\/?s={search_term_string}\"},\"query-input\":{\"@type\":\"PropertyValueSpecification\",\"valueRequired\":true,\"valueName\":\"search_term_string\"}}],\"inLanguage\":\"en-US\"}]}<\/script>\n<!-- \/ Yoast SEO plugin. -->","yoast_head_json":{"title":"20 G x 1\u2033 Caja x 100 unidades. - Corporaci\u00f3n castillo SAC","robots":{"index":"index","follow":"follow","max-snippet":"max-snippet:-1","max-image-preview":"max-image-preview:large","max-video-preview":"max-video-preview:-1"},"canonical":"https:\/\/www.grupocastillo.com.pe\/en\/product\/20-g-x-1\u2033-caja-x-100-unidades\/","og_locale":"en_US","og_type":"article","og_title":"20 G x 1\u2033 Caja x 100 unidades. - Corporaci\u00f3n castillo SAC","og_description":"Agujas Descartables Intraven  CARACTER\u00cdSTICAS       Aguja hipod\u00e9rmica de un solo Uso.  Puede ser utilizada con jeringas hipod\u00e9rmicas de uso cl\u00ednico  Exento de rebabas y aristas cortantes.  Exento de part\u00edculas extra\u00f1as  C\u00e1nula tribiselada de acero inoxidable.  El cono de acoplamiento presenta color de acuerdo a Norma ISO 6009.        Sellado herm\u00e9tico.  Empaque individual Peel Open.  De f\u00e1cil apertura.  Est\u00e9ril (E.O.)  At\u00f3xico  Libre de pir\u00f3genos  DESCARGAR FICHA T\u00c9CNICA","og_url":"https:\/\/www.grupocastillo.com.pe\/en\/product\/20-g-x-1\u2033-caja-x-100-unidades\/","og_site_name":"Corporaci\u00f3n castillo SAC","article_modified_time":"2026-03-20T19:30:25+00:00","og_image":[{"width":920,"height":636,"url":"https:\/\/www.grupocastillo.com.pe\/wp-content\/uploads\/2021\/12\/aguja_20Gx1-1.jpg","type":"image\/jpeg"}],"twitter_card":"summary_large_image","twitter_misc":{"Est. reading time":"1 minute"},"schema":{"@context":"https:\/\/schema.org","@graph":[{"@type":"WebPage","@id":"https:\/\/www.grupocastillo.com.pe\/product\/20-g-x-1%e2%80%b3-caja-x-100-unidades\/","url":"https:\/\/www.grupocastillo.com.pe\/product\/20-g-x-1%e2%80%b3-caja-x-100-unidades\/","name":"20 G x 1\u2033 Caja x 100 unidades. - Corporaci\u00f3n castillo SAC","isPartOf":{"@id":"https:\/\/www.grupocastillo.com.pe\/#website"},"primaryImageOfPage":{"@id":"https:\/\/www.grupocastillo.com.pe\/product\/20-g-x-1%e2%80%b3-caja-x-100-unidades\/#primaryimage"},"image":{"@id":"https:\/\/www.grupocastillo.com.pe\/product\/20-g-x-1%e2%80%b3-caja-x-100-unidades\/#primaryimage"},"thumbnailUrl":"https:\/\/www.grupocastillo.com.pe\/wp-content\/uploads\/2021\/12\/aguja_20Gx1-1.jpg","datePublished":"2021-12-11T00:31:08+00:00","dateModified":"2026-03-20T19:30:25+00:00","breadcrumb":{"@id":"https:\/\/www.grupocastillo.com.pe\/product\/20-g-x-1%e2%80%b3-caja-x-100-unidades\/#breadcrumb"},"inLanguage":"en-US","potentialAction":[{"@type":"ReadAction","target":["https:\/\/www.grupocastillo.com.pe\/product\/20-g-x-1%e2%80%b3-caja-x-100-unidades\/"]}]},{"@type":"ImageObject","inLanguage":"en-US","@id":"https:\/\/www.grupocastillo.com.pe\/product\/20-g-x-1%e2%80%b3-caja-x-100-unidades\/#primaryimage","url":"https:\/\/www.grupocastillo.com.pe\/wp-content\/uploads\/2021\/12\/aguja_20Gx1-1.jpg","contentUrl":"https:\/\/www.grupocastillo.com.pe\/wp-content\/uploads\/2021\/12\/aguja_20Gx1-1.jpg","width":920,"height":636},{"@type":"BreadcrumbList","@id":"https:\/\/www.grupocastillo.com.pe\/product\/20-g-x-1%e2%80%b3-caja-x-100-unidades\/#breadcrumb","itemListElement":[{"@type":"ListItem","position":1,"name":"Portada","item":"https:\/\/www.grupocastillo.com.pe\/"},{"@type":"ListItem","position":2,"name":"Tienda","item":"https:\/\/www.grupocastillo.com.pe\/tienda\/"},{"@type":"ListItem","position":3,"name":"20 G x 1\u2033 Caja x 100 unidades."}]},{"@type":"WebSite","@id":"https:\/\/www.grupocastillo.com.pe\/#website","url":"https:\/\/www.grupocastillo.com.pe\/","name":"Corporaci\u00f3n castillo SAC","description":"","potentialAction":[{"@type":"SearchAction","target":{"@type":"EntryPoint","urlTemplate":"https:\/\/www.grupocastillo.com.pe\/?s={search_term_string}"},"query-input":{"@type":"PropertyValueSpecification","valueRequired":true,"valueName":"search_term_string"}}],"inLanguage":"en-US"}]}},"jetpack_sharing_enabled":true,"brands":[{"id":245,"name":"Intraven","slug":"intraven"}],"_links":{"self":[{"href":"https:\/\/www.grupocastillo.com.pe\/en\/wp-json\/wp\/v2\/product\/13256","targetHints":{"allow":["GET"]}}],"collection":[{"href":"https:\/\/www.grupocastillo.com.pe\/en\/wp-json\/wp\/v2\/product"}],"about":[{"href":"https:\/\/www.grupocastillo.com.pe\/en\/wp-json\/wp\/v2\/types\/product"}],"replies":[{"embeddable":true,"href":"https:\/\/www.grupocastillo.com.pe\/en\/wp-json\/wp\/v2\/comments?post=13256"}],"version-history":[{"count":5,"href":"https:\/\/www.grupocastillo.com.pe\/en\/wp-json\/wp\/v2\/product\/13256\/revisions"}],"predecessor-version":[{"id":15267,"href":"https:\/\/www.grupocastillo.com.pe\/en\/wp-json\/wp\/v2\/product\/13256\/revisions\/15267"}],"wp:featuredmedia":[{"embeddable":true,"href":"https:\/\/www.grupocastillo.com.pe\/en\/wp-json\/wp\/v2\/media\/13257"}],"wp:attachment":[{"href":"https:\/\/www.grupocastillo.com.pe\/en\/wp-json\/wp\/v2\/media?parent=13256"}],"wp:term":[{"taxonomy":"pwb-brand","embeddable":true,"href":"https:\/\/www.grupocastillo.com.pe\/en\/wp-json\/wp\/v2\/pwb-brand?post=13256"},{"taxonomy":"product_brand","embeddable":true,"href":"https:\/\/www.grupocastillo.com.pe\/en\/wp-json\/wp\/v2\/product_brand?post=13256"},{"taxonomy":"product_cat","embeddable":true,"href":"https:\/\/www.grupocastillo.com.pe\/en\/wp-json\/wp\/v2\/product_cat?post=13256"},{"taxonomy":"product_tag","embeddable":true,"href":"https:\/\/www.grupocastillo.com.pe\/en\/wp-json\/wp\/v2\/product_tag?post=13256"}],"curies":[{"name":"wp","href":"https:\/\/api.w.org\/{rel}","templated":true}]}}