{"id":13161,"date":"2021-12-10T00:38:37","date_gmt":"2021-12-10T00:38:37","guid":{"rendered":"https:\/\/kyriosdemos4.xyz\/?post_type=product&#038;p=13161"},"modified":"2026-03-20T20:11:07","modified_gmt":"2026-03-20T20:11:07","slug":"estuche-de-diseccion-quimedic-plus","status":"publish","type":"product","link":"https:\/\/www.grupocastillo.com.pe\/en\/product\/estuche-de-diseccion-quimedic-plus\/","title":{"rendered":"QUIMEDIC PLUS Dissection Kit"},"content":{"rendered":"","protected":false},"excerpt":{"rendered":"<p>Compuesto por todos los elementos necesarios para llevar a cabo disecciones, este pr\u00e1ctico estuche est\u00e1 especialmente destinado para la realizaci\u00f3n de pr\u00e1cticas en el instituto o la universidad. Todos los componentes est\u00e1n fabricados en acero inoxidable de la m\u00e1s alta calidad, suministrados en un pr\u00e1ctico estuche de cremallera en el que mantenerlos perfectamente recogidos y almacenados.<\/p>\n<div class=\"container section-title-container\">\n<h3 class=\"section-title section-title-normal\"><span class=\"section-title-main\"><i class=\"icon-plus\"><\/i>CONTENIDO<\/span><\/h3>\n<\/div>\n<div id=\"row-91405421\" class=\"row\">\n<div id=\"col-2054639773\" class=\"col medium-6 small-12 large-6\">\n<div class=\"col-inner\">\n<ul>\n<li>01 Estilete, 140 mm.<\/li>\n<li>01 Sonda acanalada, 140 mm.<\/li>\n<li>01 Porta agujas Baumgartner, 140 mm.<\/li>\n<li>01 Mango de bistur\u00ed N\u00b0 3, 125 mm.<\/li>\n<li>01 Mango de bistur\u00ed N\u00b0 4, 140 mm.<\/li>\n<\/ul>\n<\/div>\n<\/div>\n<div id=\"col-1281677243\" class=\"col medium-6 small-12 large-6\">\n<div class=\"col-inner\">\n<ul>\n<li>01 Tijera punta aguda-roma, 140 mm.<\/li>\n<li>01 Tijera recta aguda-roma, 140 mm.<\/li>\n<li>01 Pinza con 1:2 dientes, 140 mm.<\/li>\n<li>01 Pinza sin dientes, 140 mm.<\/li>\n<li>01 Estuche de Terciopelo<\/li>\n<\/ul>\n<p>DOWNLOAD DATA SHEET<\/p>\n<\/div>\n<\/div>\n<\/div>","protected":false},"featured_media":13162,"comment_status":"open","ping_status":"closed","template":"","meta":{"_acf_changed":false,"inline_featured_image":false},"pwb-brand":[242],"product_brand":[],"product_cat":[231],"product_tag":[],"class_list":{"0":"post-13161","1":"product","2":"type-product","3":"status-publish","4":"has-post-thumbnail","6":"pwb-brand-quimedic","7":"product_cat-estuches-de-diseccion","9":"first","10":"contactar","11":"shipping-taxable","12":"purchasable","13":"product-type-simple"},"acf":[],"yoast_head":"<!-- This site is optimized with the Yoast SEO plugin v27.4 - https:\/\/yoast.com\/product\/yoast-seo-wordpress\/ -->\n<title>Estuche de Disecci\u00f3n QUIMEDIC PLUS - Corporaci\u00f3n castillo SAC<\/title>\n<meta name=\"robots\" content=\"index, follow, max-snippet:-1, max-image-preview:large, max-video-preview:-1\" \/>\n<link rel=\"canonical\" href=\"https:\/\/www.grupocastillo.com.pe\/en\/product\/estuche-de-diseccion-quimedic-plus\/\" \/>\n<meta property=\"og:locale\" content=\"en_US\" \/>\n<meta property=\"og:type\" content=\"article\" \/>\n<meta property=\"og:title\" content=\"Estuche de Disecci\u00f3n QUIMEDIC PLUS - Corporaci\u00f3n castillo SAC\" \/>\n<meta property=\"og:description\" content=\"Compuesto por todos los elementos necesarios para llevar a cabo disecciones, este pr\u00e1ctico estuche est\u00e1 especialmente destinado para la realizaci\u00f3n de pr\u00e1cticas en el instituto o la universidad. Todos los componentes est\u00e1n fabricados en acero inoxidable de la m\u00e1s alta calidad, suministrados en un pr\u00e1ctico estuche de cremallera en el que mantenerlos perfectamente recogidos y almacenados.  CONTENIDO       01 Estilete, 140 mm.  01 Sonda acanalada, 140 mm.  01 Porta agujas Baumgartner, 140 mm.  01 Mango de bistur\u00ed N\u00b0 3, 125 mm.  01 Mango de bistur\u00ed N\u00b0 4, 140 mm.        01 Tijera punta aguda-roma, 140 mm.  01 Tijera recta aguda-roma, 140 mm.  01 Pinza con 1:2 dientes, 140 mm.  01 Pinza sin dientes, 140 mm.  01 Estuche de Terciopelo  DESCARGAR FICHA T\u00c9CNICA\" \/>\n<meta property=\"og:url\" content=\"https:\/\/www.grupocastillo.com.pe\/en\/product\/estuche-de-diseccion-quimedic-plus\/\" \/>\n<meta property=\"og:site_name\" content=\"Corporaci\u00f3n castillo SAC\" \/>\n<meta property=\"article:modified_time\" content=\"2026-03-20T20:11:07+00:00\" \/>\n<meta property=\"og:image\" content=\"https:\/\/www.grupocastillo.com.pe\/wp-content\/uploads\/2021\/12\/estuche-de-diseccion.jpg\" \/>\n\t<meta property=\"og:image:width\" content=\"920\" \/>\n\t<meta property=\"og:image:height\" content=\"636\" \/>\n\t<meta property=\"og:image:type\" content=\"image\/jpeg\" \/>\n<meta name=\"twitter:card\" content=\"summary_large_image\" \/>\n<meta name=\"twitter:label1\" content=\"Est. reading time\" \/>\n\t<meta name=\"twitter:data1\" content=\"1 minute\" \/>\n<script type=\"application\/ld+json\" class=\"yoast-schema-graph\">{\"@context\":\"https:\\\/\\\/schema.org\",\"@graph\":[{\"@type\":\"WebPage\",\"@id\":\"https:\\\/\\\/www.grupocastillo.com.pe\\\/product\\\/estuche-de-diseccion-quimedic-plus\\\/\",\"url\":\"https:\\\/\\\/www.grupocastillo.com.pe\\\/product\\\/estuche-de-diseccion-quimedic-plus\\\/\",\"name\":\"Estuche de Disecci\u00f3n QUIMEDIC PLUS - Corporaci\u00f3n castillo SAC\",\"isPartOf\":{\"@id\":\"https:\\\/\\\/www.grupocastillo.com.pe\\\/#website\"},\"primaryImageOfPage\":{\"@id\":\"https:\\\/\\\/www.grupocastillo.com.pe\\\/product\\\/estuche-de-diseccion-quimedic-plus\\\/#primaryimage\"},\"image\":{\"@id\":\"https:\\\/\\\/www.grupocastillo.com.pe\\\/product\\\/estuche-de-diseccion-quimedic-plus\\\/#primaryimage\"},\"thumbnailUrl\":\"https:\\\/\\\/www.grupocastillo.com.pe\\\/wp-content\\\/uploads\\\/2021\\\/12\\\/estuche-de-diseccion.jpg\",\"datePublished\":\"2021-12-10T00:38:37+00:00\",\"dateModified\":\"2026-03-20T20:11:07+00:00\",\"breadcrumb\":{\"@id\":\"https:\\\/\\\/www.grupocastillo.com.pe\\\/product\\\/estuche-de-diseccion-quimedic-plus\\\/#breadcrumb\"},\"inLanguage\":\"en-US\",\"potentialAction\":[{\"@type\":\"ReadAction\",\"target\":[\"https:\\\/\\\/www.grupocastillo.com.pe\\\/product\\\/estuche-de-diseccion-quimedic-plus\\\/\"]}]},{\"@type\":\"ImageObject\",\"inLanguage\":\"en-US\",\"@id\":\"https:\\\/\\\/www.grupocastillo.com.pe\\\/product\\\/estuche-de-diseccion-quimedic-plus\\\/#primaryimage\",\"url\":\"https:\\\/\\\/www.grupocastillo.com.pe\\\/wp-content\\\/uploads\\\/2021\\\/12\\\/estuche-de-diseccion.jpg\",\"contentUrl\":\"https:\\\/\\\/www.grupocastillo.com.pe\\\/wp-content\\\/uploads\\\/2021\\\/12\\\/estuche-de-diseccion.jpg\",\"width\":920,\"height\":636},{\"@type\":\"BreadcrumbList\",\"@id\":\"https:\\\/\\\/www.grupocastillo.com.pe\\\/product\\\/estuche-de-diseccion-quimedic-plus\\\/#breadcrumb\",\"itemListElement\":[{\"@type\":\"ListItem\",\"position\":1,\"name\":\"Portada\",\"item\":\"https:\\\/\\\/www.grupocastillo.com.pe\\\/\"},{\"@type\":\"ListItem\",\"position\":2,\"name\":\"Tienda\",\"item\":\"https:\\\/\\\/www.grupocastillo.com.pe\\\/tienda\\\/\"},{\"@type\":\"ListItem\",\"position\":3,\"name\":\"Estuche de Disecci\u00f3n QUIMEDIC PLUS\"}]},{\"@type\":\"WebSite\",\"@id\":\"https:\\\/\\\/www.grupocastillo.com.pe\\\/#website\",\"url\":\"https:\\\/\\\/www.grupocastillo.com.pe\\\/\",\"name\":\"Corporaci\u00f3n castillo SAC\",\"description\":\"\",\"potentialAction\":[{\"@type\":\"SearchAction\",\"target\":{\"@type\":\"EntryPoint\",\"urlTemplate\":\"https:\\\/\\\/www.grupocastillo.com.pe\\\/?s={search_term_string}\"},\"query-input\":{\"@type\":\"PropertyValueSpecification\",\"valueRequired\":true,\"valueName\":\"search_term_string\"}}],\"inLanguage\":\"en-US\"}]}<\/script>\n<!-- \/ Yoast SEO plugin. -->","yoast_head_json":{"title":"Estuche de Disecci\u00f3n QUIMEDIC PLUS - Corporaci\u00f3n castillo SAC","robots":{"index":"index","follow":"follow","max-snippet":"max-snippet:-1","max-image-preview":"max-image-preview:large","max-video-preview":"max-video-preview:-1"},"canonical":"https:\/\/www.grupocastillo.com.pe\/en\/product\/estuche-de-diseccion-quimedic-plus\/","og_locale":"en_US","og_type":"article","og_title":"Estuche de Disecci\u00f3n QUIMEDIC PLUS - Corporaci\u00f3n castillo SAC","og_description":"Compuesto por todos los elementos necesarios para llevar a cabo disecciones, este pr\u00e1ctico estuche est\u00e1 especialmente destinado para la realizaci\u00f3n de pr\u00e1cticas en el instituto o la universidad. Todos los componentes est\u00e1n fabricados en acero inoxidable de la m\u00e1s alta calidad, suministrados en un pr\u00e1ctico estuche de cremallera en el que mantenerlos perfectamente recogidos y almacenados.  CONTENIDO       01 Estilete, 140 mm.  01 Sonda acanalada, 140 mm.  01 Porta agujas Baumgartner, 140 mm.  01 Mango de bistur\u00ed N\u00b0 3, 125 mm.  01 Mango de bistur\u00ed N\u00b0 4, 140 mm.        01 Tijera punta aguda-roma, 140 mm.  01 Tijera recta aguda-roma, 140 mm.  01 Pinza con 1:2 dientes, 140 mm.  01 Pinza sin dientes, 140 mm.  01 Estuche de Terciopelo  DESCARGAR FICHA T\u00c9CNICA","og_url":"https:\/\/www.grupocastillo.com.pe\/en\/product\/estuche-de-diseccion-quimedic-plus\/","og_site_name":"Corporaci\u00f3n castillo SAC","article_modified_time":"2026-03-20T20:11:07+00:00","og_image":[{"width":920,"height":636,"url":"https:\/\/www.grupocastillo.com.pe\/wp-content\/uploads\/2021\/12\/estuche-de-diseccion.jpg","type":"image\/jpeg"}],"twitter_card":"summary_large_image","twitter_misc":{"Est. reading time":"1 minute"},"schema":{"@context":"https:\/\/schema.org","@graph":[{"@type":"WebPage","@id":"https:\/\/www.grupocastillo.com.pe\/product\/estuche-de-diseccion-quimedic-plus\/","url":"https:\/\/www.grupocastillo.com.pe\/product\/estuche-de-diseccion-quimedic-plus\/","name":"Estuche de Disecci\u00f3n QUIMEDIC PLUS - Corporaci\u00f3n castillo SAC","isPartOf":{"@id":"https:\/\/www.grupocastillo.com.pe\/#website"},"primaryImageOfPage":{"@id":"https:\/\/www.grupocastillo.com.pe\/product\/estuche-de-diseccion-quimedic-plus\/#primaryimage"},"image":{"@id":"https:\/\/www.grupocastillo.com.pe\/product\/estuche-de-diseccion-quimedic-plus\/#primaryimage"},"thumbnailUrl":"https:\/\/www.grupocastillo.com.pe\/wp-content\/uploads\/2021\/12\/estuche-de-diseccion.jpg","datePublished":"2021-12-10T00:38:37+00:00","dateModified":"2026-03-20T20:11:07+00:00","breadcrumb":{"@id":"https:\/\/www.grupocastillo.com.pe\/product\/estuche-de-diseccion-quimedic-plus\/#breadcrumb"},"inLanguage":"en-US","potentialAction":[{"@type":"ReadAction","target":["https:\/\/www.grupocastillo.com.pe\/product\/estuche-de-diseccion-quimedic-plus\/"]}]},{"@type":"ImageObject","inLanguage":"en-US","@id":"https:\/\/www.grupocastillo.com.pe\/product\/estuche-de-diseccion-quimedic-plus\/#primaryimage","url":"https:\/\/www.grupocastillo.com.pe\/wp-content\/uploads\/2021\/12\/estuche-de-diseccion.jpg","contentUrl":"https:\/\/www.grupocastillo.com.pe\/wp-content\/uploads\/2021\/12\/estuche-de-diseccion.jpg","width":920,"height":636},{"@type":"BreadcrumbList","@id":"https:\/\/www.grupocastillo.com.pe\/product\/estuche-de-diseccion-quimedic-plus\/#breadcrumb","itemListElement":[{"@type":"ListItem","position":1,"name":"Portada","item":"https:\/\/www.grupocastillo.com.pe\/"},{"@type":"ListItem","position":2,"name":"Tienda","item":"https:\/\/www.grupocastillo.com.pe\/tienda\/"},{"@type":"ListItem","position":3,"name":"Estuche de Disecci\u00f3n QUIMEDIC PLUS"}]},{"@type":"WebSite","@id":"https:\/\/www.grupocastillo.com.pe\/#website","url":"https:\/\/www.grupocastillo.com.pe\/","name":"Corporaci\u00f3n castillo SAC","description":"","potentialAction":[{"@type":"SearchAction","target":{"@type":"EntryPoint","urlTemplate":"https:\/\/www.grupocastillo.com.pe\/?s={search_term_string}"},"query-input":{"@type":"PropertyValueSpecification","valueRequired":true,"valueName":"search_term_string"}}],"inLanguage":"en-US"}]}},"jetpack_sharing_enabled":true,"brands":[{"id":242,"name":"Quimedic","slug":"quimedic"}],"_links":{"self":[{"href":"https:\/\/www.grupocastillo.com.pe\/en\/wp-json\/wp\/v2\/product\/13161","targetHints":{"allow":["GET"]}}],"collection":[{"href":"https:\/\/www.grupocastillo.com.pe\/en\/wp-json\/wp\/v2\/product"}],"about":[{"href":"https:\/\/www.grupocastillo.com.pe\/en\/wp-json\/wp\/v2\/types\/product"}],"replies":[{"embeddable":true,"href":"https:\/\/www.grupocastillo.com.pe\/en\/wp-json\/wp\/v2\/comments?post=13161"}],"version-history":[{"count":7,"href":"https:\/\/www.grupocastillo.com.pe\/en\/wp-json\/wp\/v2\/product\/13161\/revisions"}],"predecessor-version":[{"id":15274,"href":"https:\/\/www.grupocastillo.com.pe\/en\/wp-json\/wp\/v2\/product\/13161\/revisions\/15274"}],"wp:featuredmedia":[{"embeddable":true,"href":"https:\/\/www.grupocastillo.com.pe\/en\/wp-json\/wp\/v2\/media\/13162"}],"wp:attachment":[{"href":"https:\/\/www.grupocastillo.com.pe\/en\/wp-json\/wp\/v2\/media?parent=13161"}],"wp:term":[{"taxonomy":"pwb-brand","embeddable":true,"href":"https:\/\/www.grupocastillo.com.pe\/en\/wp-json\/wp\/v2\/pwb-brand?post=13161"},{"taxonomy":"product_brand","embeddable":true,"href":"https:\/\/www.grupocastillo.com.pe\/en\/wp-json\/wp\/v2\/product_brand?post=13161"},{"taxonomy":"product_cat","embeddable":true,"href":"https:\/\/www.grupocastillo.com.pe\/en\/wp-json\/wp\/v2\/product_cat?post=13161"},{"taxonomy":"product_tag","embeddable":true,"href":"https:\/\/www.grupocastillo.com.pe\/en\/wp-json\/wp\/v2\/product_tag?post=13161"}],"curies":[{"name":"wp","href":"https:\/\/api.w.org\/{rel}","templated":true}]}}