{"id":13150,"date":"2021-12-09T22:11:26","date_gmt":"2021-12-09T22:11:26","guid":{"rendered":"https:\/\/kyriosdemos4.xyz\/?post_type=product&#038;p=13150"},"modified":"2026-03-20T19:39:50","modified_gmt":"2026-03-20T19:39:50","slug":"guantes-de-examen-de-latex-empolvados-y-libre-de-polvo-caja-x-100-unidades","status":"publish","type":"product","link":"https:\/\/www.grupocastillo.com.pe\/en\/product\/guantes-de-examen-de-latex-empolvados-y-libre-de-polvo-caja-x-100-unidades\/","title":{"rendered":"Powdered and Powder Free Latex Examination Gloves Box x 100 pcs."},"content":{"rendered":"","protected":false},"excerpt":{"rendered":"<p>Guantes de examen de l\u00e1tex con AQL 1.5 (Prueba de agujeros), utilizados como barrera de protecci\u00f3n contra exposici\u00f3n, contaminaci\u00f3n o riesgo de contagio de enfermedades, durante procedimiento m\u00e9dicos, manipulaci\u00f3n de material contaminado y contacto con pacientes u objetos.<\/p>\n<div class=\"container section-title-container\">\n<h3 class=\"section-title section-title-normal\"><span class=\"section-title-main\"><i class=\"icon-plus\"><\/i>FEATURES<\/span><\/h3>\n<\/div>\n<table class=\"footable default footable-loaded\" style=\"width: 64.6315%; height: 205px;\">\n<thead>\n<tr>\n<th class=\"footable-first-column footable-sortable\" style=\"width: 23.0088%;\">TIPO<\/th>\n<th class=\"footable-sortable\" style=\"width: 15.9292%;\" data-hide=\"phone\">TALLAS<\/th>\n<th class=\"footable-sortable\" style=\"width: 21.5785%;\" data-hide=\"phone,phone\">LARGO<\/th>\n<th class=\"footable-sortable\" style=\"width: 25.042%;\" data-hide=\"phone,phone\">ANCHO<\/th>\n<th class=\"footable-last-column footable-sortable\" style=\"width: 76.9573%;\" data-hide=\"phone,tablet,phone\">ESPESOR<\/th>\n<\/tr>\n<\/thead>\n<tbody>\n<tr>\n<td class=\"footable-first-column\" style=\"width: 23.0088%;\">Empolvados<\/td>\n<td style=\"width: 15.9292%; text-align: center;\">S<br \/>\nM<br \/>\nL<\/td>\n<td style=\"width: 21.5785%; text-align: center;\">\u2265240 mm<\/td>\n<td style=\"width: 25.042%; text-align: center;\">80\u00b110mm<br \/>\n95\u00b110mm<br \/>\n110\u00b110mm<\/td>\n<td class=\"footable-last-column\" style=\"width: 76.9573%; text-align: center;\">\u226500.8 mm<\/td>\n<\/tr>\n<tr>\n<td class=\"footable-first-column\" style=\"width: 23.0088%;\">Libre de Polvo<\/td>\n<td style=\"text-align: center; width: 15.9292%;\">S<br \/>\nM<br \/>\nL<\/td>\n<td style=\"width: 21.5785%; text-align: center;\">\u2265240 mm<\/td>\n<td style=\"width: 25.042%; text-align: center;\">80\u00b110mm<br \/>\n95\u00b110mm<br \/>\n110\u00b110mm<\/td>\n<td class=\"footable-last-column\" style=\"width: 76.9573%; text-align: center;\">\u226500.8 mm<\/td>\n<\/tr>\n<\/tbody>\n<\/table>\n<p>&nbsp;<\/p>\n<p>FICHA GUANTES DE LATEX<\/p>","protected":false},"featured_media":13151,"comment_status":"open","ping_status":"closed","template":"","meta":{"_acf_changed":false,"inline_featured_image":false},"pwb-brand":[],"product_brand":[],"product_cat":[229],"product_tag":[],"class_list":{"0":"post-13150","1":"product","2":"type-product","3":"status-publish","4":"has-post-thumbnail","6":"product_cat-guantes-de-examen-y-quirurgicos","8":"first","9":"contactar","10":"shipping-taxable","11":"purchasable","12":"product-type-simple"},"acf":[],"yoast_head":"<!-- This site is optimized with the Yoast SEO plugin v27.3 - https:\/\/yoast.com\/product\/yoast-seo-wordpress\/ -->\n<title>Guantes de Examen de L\u00e1tex Empolvados y Libre de Polvo Caja x 100 unidades - Corporaci\u00f3n castillo SAC<\/title>\n<meta name=\"robots\" content=\"index, follow, max-snippet:-1, max-image-preview:large, max-video-preview:-1\" \/>\n<link rel=\"canonical\" href=\"https:\/\/www.grupocastillo.com.pe\/en\/product\/guantes-de-examen-de-latex-empolvados-y-libre-de-polvo-caja-x-100-unidades\/\" \/>\n<meta property=\"og:locale\" content=\"en_US\" \/>\n<meta property=\"og:type\" content=\"article\" \/>\n<meta property=\"og:title\" content=\"Guantes de Examen de L\u00e1tex Empolvados y Libre de Polvo Caja x 100 unidades - Corporaci\u00f3n castillo SAC\" \/>\n<meta property=\"og:description\" content=\"Guantes de examen de l\u00e1tex con AQL 1.5 (Prueba de agujeros), utilizados como barrera de protecci\u00f3n contra exposici\u00f3n, contaminaci\u00f3n o riesgo de contagio de enfermedades, durante procedimiento m\u00e9dicos, manipulaci\u00f3n de material contaminado y contacto con pacientes u objetos.  CARACTER\u00cdSTICAS     TIPO TALLAS LARGO ANCHO ESPESOR     Empolvados S M L \u2265240 mm 80\u00b110mm 95\u00b110mm 110\u00b110mm \u226500.8 mm   Libre de Polvo S M L \u2265240 mm 80\u00b110mm 95\u00b110mm 110\u00b110mm \u226500.8 mm    &nbsp;  FICHA GUANTES DE LATEX\" \/>\n<meta property=\"og:url\" content=\"https:\/\/www.grupocastillo.com.pe\/en\/product\/guantes-de-examen-de-latex-empolvados-y-libre-de-polvo-caja-x-100-unidades\/\" \/>\n<meta property=\"og:site_name\" content=\"Corporaci\u00f3n castillo SAC\" \/>\n<meta property=\"article:modified_time\" content=\"2026-03-20T19:39:50+00:00\" \/>\n<meta property=\"og:image\" content=\"https:\/\/www.grupocastillo.com.pe\/wp-content\/uploads\/2021\/12\/guantes_de_latex_empolvados.jpg\" \/>\n\t<meta property=\"og:image:width\" content=\"920\" \/>\n\t<meta property=\"og:image:height\" content=\"636\" \/>\n\t<meta property=\"og:image:type\" content=\"image\/jpeg\" \/>\n<meta name=\"twitter:card\" content=\"summary_large_image\" \/>\n<meta name=\"twitter:label1\" content=\"Est. reading time\" \/>\n\t<meta name=\"twitter:data1\" content=\"1 minute\" \/>\n<script type=\"application\/ld+json\" class=\"yoast-schema-graph\">{\"@context\":\"https:\\\/\\\/schema.org\",\"@graph\":[{\"@type\":\"WebPage\",\"@id\":\"https:\\\/\\\/www.grupocastillo.com.pe\\\/product\\\/guantes-de-examen-de-latex-empolvados-y-libre-de-polvo-caja-x-100-unidades\\\/\",\"url\":\"https:\\\/\\\/www.grupocastillo.com.pe\\\/product\\\/guantes-de-examen-de-latex-empolvados-y-libre-de-polvo-caja-x-100-unidades\\\/\",\"name\":\"Guantes de Examen de L\u00e1tex Empolvados y Libre de Polvo Caja x 100 unidades - Corporaci\u00f3n castillo SAC\",\"isPartOf\":{\"@id\":\"https:\\\/\\\/www.grupocastillo.com.pe\\\/#website\"},\"primaryImageOfPage\":{\"@id\":\"https:\\\/\\\/www.grupocastillo.com.pe\\\/product\\\/guantes-de-examen-de-latex-empolvados-y-libre-de-polvo-caja-x-100-unidades\\\/#primaryimage\"},\"image\":{\"@id\":\"https:\\\/\\\/www.grupocastillo.com.pe\\\/product\\\/guantes-de-examen-de-latex-empolvados-y-libre-de-polvo-caja-x-100-unidades\\\/#primaryimage\"},\"thumbnailUrl\":\"https:\\\/\\\/www.grupocastillo.com.pe\\\/wp-content\\\/uploads\\\/2021\\\/12\\\/guantes_de_latex_empolvados.jpg\",\"datePublished\":\"2021-12-09T22:11:26+00:00\",\"dateModified\":\"2026-03-20T19:39:50+00:00\",\"breadcrumb\":{\"@id\":\"https:\\\/\\\/www.grupocastillo.com.pe\\\/product\\\/guantes-de-examen-de-latex-empolvados-y-libre-de-polvo-caja-x-100-unidades\\\/#breadcrumb\"},\"inLanguage\":\"en-US\",\"potentialAction\":[{\"@type\":\"ReadAction\",\"target\":[\"https:\\\/\\\/www.grupocastillo.com.pe\\\/product\\\/guantes-de-examen-de-latex-empolvados-y-libre-de-polvo-caja-x-100-unidades\\\/\"]}]},{\"@type\":\"ImageObject\",\"inLanguage\":\"en-US\",\"@id\":\"https:\\\/\\\/www.grupocastillo.com.pe\\\/product\\\/guantes-de-examen-de-latex-empolvados-y-libre-de-polvo-caja-x-100-unidades\\\/#primaryimage\",\"url\":\"https:\\\/\\\/www.grupocastillo.com.pe\\\/wp-content\\\/uploads\\\/2021\\\/12\\\/guantes_de_latex_empolvados.jpg\",\"contentUrl\":\"https:\\\/\\\/www.grupocastillo.com.pe\\\/wp-content\\\/uploads\\\/2021\\\/12\\\/guantes_de_latex_empolvados.jpg\",\"width\":920,\"height\":636},{\"@type\":\"BreadcrumbList\",\"@id\":\"https:\\\/\\\/www.grupocastillo.com.pe\\\/product\\\/guantes-de-examen-de-latex-empolvados-y-libre-de-polvo-caja-x-100-unidades\\\/#breadcrumb\",\"itemListElement\":[{\"@type\":\"ListItem\",\"position\":1,\"name\":\"Portada\",\"item\":\"https:\\\/\\\/www.grupocastillo.com.pe\\\/\"},{\"@type\":\"ListItem\",\"position\":2,\"name\":\"Tienda\",\"item\":\"https:\\\/\\\/www.grupocastillo.com.pe\\\/tienda\\\/\"},{\"@type\":\"ListItem\",\"position\":3,\"name\":\"Guantes de Examen de L\u00e1tex Empolvados y Libre de Polvo Caja x 100 unidades\"}]},{\"@type\":\"WebSite\",\"@id\":\"https:\\\/\\\/www.grupocastillo.com.pe\\\/#website\",\"url\":\"https:\\\/\\\/www.grupocastillo.com.pe\\\/\",\"name\":\"Corporaci\u00f3n castillo SAC\",\"description\":\"\",\"potentialAction\":[{\"@type\":\"SearchAction\",\"target\":{\"@type\":\"EntryPoint\",\"urlTemplate\":\"https:\\\/\\\/www.grupocastillo.com.pe\\\/?s={search_term_string}\"},\"query-input\":{\"@type\":\"PropertyValueSpecification\",\"valueRequired\":true,\"valueName\":\"search_term_string\"}}],\"inLanguage\":\"en-US\"}]}<\/script>\n<!-- \/ Yoast SEO plugin. -->","yoast_head_json":{"title":"Guantes de Examen de L\u00e1tex Empolvados y Libre de Polvo Caja x 100 unidades - Corporaci\u00f3n castillo SAC","robots":{"index":"index","follow":"follow","max-snippet":"max-snippet:-1","max-image-preview":"max-image-preview:large","max-video-preview":"max-video-preview:-1"},"canonical":"https:\/\/www.grupocastillo.com.pe\/en\/product\/guantes-de-examen-de-latex-empolvados-y-libre-de-polvo-caja-x-100-unidades\/","og_locale":"en_US","og_type":"article","og_title":"Guantes de Examen de L\u00e1tex Empolvados y Libre de Polvo Caja x 100 unidades - Corporaci\u00f3n castillo SAC","og_description":"Guantes de examen de l\u00e1tex con AQL 1.5 (Prueba de agujeros), utilizados como barrera de protecci\u00f3n contra exposici\u00f3n, contaminaci\u00f3n o riesgo de contagio de enfermedades, durante procedimiento m\u00e9dicos, manipulaci\u00f3n de material contaminado y contacto con pacientes u objetos.  CARACTER\u00cdSTICAS     TIPO TALLAS LARGO ANCHO ESPESOR     Empolvados S M L \u2265240 mm 80\u00b110mm 95\u00b110mm 110\u00b110mm \u226500.8 mm   Libre de Polvo S M L \u2265240 mm 80\u00b110mm 95\u00b110mm 110\u00b110mm \u226500.8 mm    &nbsp;  FICHA GUANTES DE LATEX","og_url":"https:\/\/www.grupocastillo.com.pe\/en\/product\/guantes-de-examen-de-latex-empolvados-y-libre-de-polvo-caja-x-100-unidades\/","og_site_name":"Corporaci\u00f3n castillo SAC","article_modified_time":"2026-03-20T19:39:50+00:00","og_image":[{"width":920,"height":636,"url":"https:\/\/www.grupocastillo.com.pe\/wp-content\/uploads\/2021\/12\/guantes_de_latex_empolvados.jpg","type":"image\/jpeg"}],"twitter_card":"summary_large_image","twitter_misc":{"Est. reading time":"1 minute"},"schema":{"@context":"https:\/\/schema.org","@graph":[{"@type":"WebPage","@id":"https:\/\/www.grupocastillo.com.pe\/product\/guantes-de-examen-de-latex-empolvados-y-libre-de-polvo-caja-x-100-unidades\/","url":"https:\/\/www.grupocastillo.com.pe\/product\/guantes-de-examen-de-latex-empolvados-y-libre-de-polvo-caja-x-100-unidades\/","name":"Guantes de Examen de L\u00e1tex Empolvados y Libre de Polvo Caja x 100 unidades - Corporaci\u00f3n castillo SAC","isPartOf":{"@id":"https:\/\/www.grupocastillo.com.pe\/#website"},"primaryImageOfPage":{"@id":"https:\/\/www.grupocastillo.com.pe\/product\/guantes-de-examen-de-latex-empolvados-y-libre-de-polvo-caja-x-100-unidades\/#primaryimage"},"image":{"@id":"https:\/\/www.grupocastillo.com.pe\/product\/guantes-de-examen-de-latex-empolvados-y-libre-de-polvo-caja-x-100-unidades\/#primaryimage"},"thumbnailUrl":"https:\/\/www.grupocastillo.com.pe\/wp-content\/uploads\/2021\/12\/guantes_de_latex_empolvados.jpg","datePublished":"2021-12-09T22:11:26+00:00","dateModified":"2026-03-20T19:39:50+00:00","breadcrumb":{"@id":"https:\/\/www.grupocastillo.com.pe\/product\/guantes-de-examen-de-latex-empolvados-y-libre-de-polvo-caja-x-100-unidades\/#breadcrumb"},"inLanguage":"en-US","potentialAction":[{"@type":"ReadAction","target":["https:\/\/www.grupocastillo.com.pe\/product\/guantes-de-examen-de-latex-empolvados-y-libre-de-polvo-caja-x-100-unidades\/"]}]},{"@type":"ImageObject","inLanguage":"en-US","@id":"https:\/\/www.grupocastillo.com.pe\/product\/guantes-de-examen-de-latex-empolvados-y-libre-de-polvo-caja-x-100-unidades\/#primaryimage","url":"https:\/\/www.grupocastillo.com.pe\/wp-content\/uploads\/2021\/12\/guantes_de_latex_empolvados.jpg","contentUrl":"https:\/\/www.grupocastillo.com.pe\/wp-content\/uploads\/2021\/12\/guantes_de_latex_empolvados.jpg","width":920,"height":636},{"@type":"BreadcrumbList","@id":"https:\/\/www.grupocastillo.com.pe\/product\/guantes-de-examen-de-latex-empolvados-y-libre-de-polvo-caja-x-100-unidades\/#breadcrumb","itemListElement":[{"@type":"ListItem","position":1,"name":"Portada","item":"https:\/\/www.grupocastillo.com.pe\/"},{"@type":"ListItem","position":2,"name":"Tienda","item":"https:\/\/www.grupocastillo.com.pe\/tienda\/"},{"@type":"ListItem","position":3,"name":"Guantes de Examen de L\u00e1tex Empolvados y Libre de Polvo Caja x 100 unidades"}]},{"@type":"WebSite","@id":"https:\/\/www.grupocastillo.com.pe\/#website","url":"https:\/\/www.grupocastillo.com.pe\/","name":"Corporaci\u00f3n castillo SAC","description":"","potentialAction":[{"@type":"SearchAction","target":{"@type":"EntryPoint","urlTemplate":"https:\/\/www.grupocastillo.com.pe\/?s={search_term_string}"},"query-input":{"@type":"PropertyValueSpecification","valueRequired":true,"valueName":"search_term_string"}}],"inLanguage":"en-US"}]}},"jetpack_sharing_enabled":true,"brands":[],"_links":{"self":[{"href":"https:\/\/www.grupocastillo.com.pe\/en\/wp-json\/wp\/v2\/product\/13150","targetHints":{"allow":["GET"]}}],"collection":[{"href":"https:\/\/www.grupocastillo.com.pe\/en\/wp-json\/wp\/v2\/product"}],"about":[{"href":"https:\/\/www.grupocastillo.com.pe\/en\/wp-json\/wp\/v2\/types\/product"}],"replies":[{"embeddable":true,"href":"https:\/\/www.grupocastillo.com.pe\/en\/wp-json\/wp\/v2\/comments?post=13150"}],"version-history":[{"count":6,"href":"https:\/\/www.grupocastillo.com.pe\/en\/wp-json\/wp\/v2\/product\/13150\/revisions"}],"predecessor-version":[{"id":15273,"href":"https:\/\/www.grupocastillo.com.pe\/en\/wp-json\/wp\/v2\/product\/13150\/revisions\/15273"}],"wp:featuredmedia":[{"embeddable":true,"href":"https:\/\/www.grupocastillo.com.pe\/en\/wp-json\/wp\/v2\/media\/13151"}],"wp:attachment":[{"href":"https:\/\/www.grupocastillo.com.pe\/en\/wp-json\/wp\/v2\/media?parent=13150"}],"wp:term":[{"taxonomy":"pwb-brand","embeddable":true,"href":"https:\/\/www.grupocastillo.com.pe\/en\/wp-json\/wp\/v2\/pwb-brand?post=13150"},{"taxonomy":"product_brand","embeddable":true,"href":"https:\/\/www.grupocastillo.com.pe\/en\/wp-json\/wp\/v2\/product_brand?post=13150"},{"taxonomy":"product_cat","embeddable":true,"href":"https:\/\/www.grupocastillo.com.pe\/en\/wp-json\/wp\/v2\/product_cat?post=13150"},{"taxonomy":"product_tag","embeddable":true,"href":"https:\/\/www.grupocastillo.com.pe\/en\/wp-json\/wp\/v2\/product_tag?post=13150"}],"curies":[{"name":"wp","href":"https:\/\/api.w.org\/{rel}","templated":true}]}}