{"id":13141,"date":"2021-12-05T00:57:37","date_gmt":"2021-12-05T00:57:37","guid":{"rendered":"https:\/\/kyriosdemos4.xyz\/?post_type=product&#038;p=13141"},"modified":"2026-03-19T15:06:30","modified_gmt":"2026-03-19T15:06:30","slug":"brazalete-pediatrico-azul-quimedic-plus","status":"publish","type":"product","link":"https:\/\/www.grupocastillo.com.pe\/en\/product\/brazalete-pediatrico-azul-quimedic-plus\/","title":{"rendered":"QUIMEDIC PLUS Pediatric Blue Armband"},"content":{"rendered":"","protected":false},"excerpt":{"rendered":"<h1>Quimedic Plus Identification Bracelets<\/h1>\n<p>Fabricados en vinyl soft, libre de latex con sistema de cierre con broche para proporcionar la m\u00e1xima seguridad de la informaci\u00f3n del paciente. Superficie blanca para escritura.<\/p>\n<p><strong>Disponibles en color: Blanco, Verde y Rojo (adulto),Celeste y Rosado (Pedi\u00e1trico)<\/strong><\/p>\n<div class=\"container section-title-container\">\n<h3 class=\"section-title section-title-normal\"><span class=\"section-title-main\"><i class=\"icon-plus\"><\/i>FEATURES<\/span><\/h3>\n<\/div>\n<ul>\n<li>Confeccionadas en Vynil soft.<\/li>\n<li>Cierre con broche que proporciona m\u00e1xima seguridad.<\/li>\n<li>Superficie de escritura especial.<\/li>\n<li>Todas las pulseras son libres de l\u00e1tex.<\/li>\n<li>Resistente al agua.<\/li>\n<\/ul>\n<p><a href=\"https:\/\/kyriosdemos4.xyz\/wp-content\/uploads\/2021\/12\/FICHA-TECNICA-brazaletes.pdf\">DOWNLOAD DATA SHEET<\/a><\/p>","protected":false},"featured_media":13142,"comment_status":"open","ping_status":"closed","template":"","meta":{"_acf_changed":false,"inline_featured_image":false},"pwb-brand":[],"product_brand":[],"product_cat":[228],"product_tag":[],"class_list":{"0":"post-13141","1":"product","2":"type-product","3":"status-publish","4":"has-post-thumbnail","6":"product_cat-brazaletes-de-identificacion","8":"first","9":"contactar","10":"shipping-taxable","11":"purchasable","12":"product-type-simple"},"acf":[],"yoast_head":"<!-- This site is optimized with the Yoast SEO plugin v27.4 - https:\/\/yoast.com\/product\/yoast-seo-wordpress\/ -->\n<title>Brazalete Pedi\u00e1trico Azul QUIMEDIC PLUS - Corporaci\u00f3n castillo SAC<\/title>\n<meta name=\"robots\" content=\"index, follow, max-snippet:-1, max-image-preview:large, max-video-preview:-1\" \/>\n<link rel=\"canonical\" href=\"https:\/\/www.grupocastillo.com.pe\/en\/product\/brazalete-pediatrico-azul-quimedic-plus\/\" \/>\n<meta property=\"og:locale\" content=\"en_US\" \/>\n<meta property=\"og:type\" content=\"article\" \/>\n<meta property=\"og:title\" content=\"Brazalete Pedi\u00e1trico Azul QUIMEDIC PLUS - Corporaci\u00f3n castillo SAC\" \/>\n<meta property=\"og:description\" content=\"Brazaletes de Identificaci\u00f3n Quimedic Plus Fabricados en vinyl soft, libre de latex con sistema de cierre con broche para proporcionar la m\u00e1xima seguridad de la informaci\u00f3n del paciente. Superficie blanca para escritura.  Disponibles en color: Blanco, Verde y Rojo (adulto),Celeste y Rosado (Pedi\u00e1trico)  CARACTER\u00cdSTICAS    Confeccionadas en Vynil soft.  Cierre con broche que proporciona m\u00e1xima seguridad.  Superficie de escritura especial.  Todas las pulseras son libres de l\u00e1tex.  Resistente al agua.  DESCARGAR FICHA T\u00c9CNICA\" \/>\n<meta property=\"og:url\" content=\"https:\/\/www.grupocastillo.com.pe\/en\/product\/brazalete-pediatrico-azul-quimedic-plus\/\" \/>\n<meta property=\"og:site_name\" content=\"Corporaci\u00f3n castillo SAC\" \/>\n<meta property=\"article:modified_time\" content=\"2026-03-19T15:06:30+00:00\" \/>\n<meta property=\"og:image\" content=\"https:\/\/www.grupocastillo.com.pe\/wp-content\/uploads\/2021\/12\/brazalete-azul.jpg\" \/>\n\t<meta property=\"og:image:width\" content=\"920\" \/>\n\t<meta property=\"og:image:height\" content=\"636\" \/>\n\t<meta property=\"og:image:type\" content=\"image\/jpeg\" \/>\n<meta name=\"twitter:card\" content=\"summary_large_image\" \/>\n<script type=\"application\/ld+json\" class=\"yoast-schema-graph\">{\"@context\":\"https:\\\/\\\/schema.org\",\"@graph\":[{\"@type\":\"WebPage\",\"@id\":\"https:\\\/\\\/www.grupocastillo.com.pe\\\/product\\\/brazalete-pediatrico-azul-quimedic-plus\\\/\",\"url\":\"https:\\\/\\\/www.grupocastillo.com.pe\\\/product\\\/brazalete-pediatrico-azul-quimedic-plus\\\/\",\"name\":\"Brazalete Pedi\u00e1trico Azul QUIMEDIC PLUS - Corporaci\u00f3n castillo SAC\",\"isPartOf\":{\"@id\":\"https:\\\/\\\/www.grupocastillo.com.pe\\\/#website\"},\"primaryImageOfPage\":{\"@id\":\"https:\\\/\\\/www.grupocastillo.com.pe\\\/product\\\/brazalete-pediatrico-azul-quimedic-plus\\\/#primaryimage\"},\"image\":{\"@id\":\"https:\\\/\\\/www.grupocastillo.com.pe\\\/product\\\/brazalete-pediatrico-azul-quimedic-plus\\\/#primaryimage\"},\"thumbnailUrl\":\"https:\\\/\\\/www.grupocastillo.com.pe\\\/wp-content\\\/uploads\\\/2021\\\/12\\\/brazalete-azul.jpg\",\"datePublished\":\"2021-12-05T00:57:37+00:00\",\"dateModified\":\"2026-03-19T15:06:30+00:00\",\"breadcrumb\":{\"@id\":\"https:\\\/\\\/www.grupocastillo.com.pe\\\/product\\\/brazalete-pediatrico-azul-quimedic-plus\\\/#breadcrumb\"},\"inLanguage\":\"en-US\",\"potentialAction\":[{\"@type\":\"ReadAction\",\"target\":[\"https:\\\/\\\/www.grupocastillo.com.pe\\\/product\\\/brazalete-pediatrico-azul-quimedic-plus\\\/\"]}]},{\"@type\":\"ImageObject\",\"inLanguage\":\"en-US\",\"@id\":\"https:\\\/\\\/www.grupocastillo.com.pe\\\/product\\\/brazalete-pediatrico-azul-quimedic-plus\\\/#primaryimage\",\"url\":\"https:\\\/\\\/www.grupocastillo.com.pe\\\/wp-content\\\/uploads\\\/2021\\\/12\\\/brazalete-azul.jpg\",\"contentUrl\":\"https:\\\/\\\/www.grupocastillo.com.pe\\\/wp-content\\\/uploads\\\/2021\\\/12\\\/brazalete-azul.jpg\",\"width\":920,\"height\":636},{\"@type\":\"BreadcrumbList\",\"@id\":\"https:\\\/\\\/www.grupocastillo.com.pe\\\/product\\\/brazalete-pediatrico-azul-quimedic-plus\\\/#breadcrumb\",\"itemListElement\":[{\"@type\":\"ListItem\",\"position\":1,\"name\":\"Portada\",\"item\":\"https:\\\/\\\/www.grupocastillo.com.pe\\\/\"},{\"@type\":\"ListItem\",\"position\":2,\"name\":\"Tienda\",\"item\":\"https:\\\/\\\/www.grupocastillo.com.pe\\\/tienda\\\/\"},{\"@type\":\"ListItem\",\"position\":3,\"name\":\"Brazalete Pedi\u00e1trico Azul QUIMEDIC PLUS\"}]},{\"@type\":\"WebSite\",\"@id\":\"https:\\\/\\\/www.grupocastillo.com.pe\\\/#website\",\"url\":\"https:\\\/\\\/www.grupocastillo.com.pe\\\/\",\"name\":\"Corporaci\u00f3n castillo SAC\",\"description\":\"\",\"potentialAction\":[{\"@type\":\"SearchAction\",\"target\":{\"@type\":\"EntryPoint\",\"urlTemplate\":\"https:\\\/\\\/www.grupocastillo.com.pe\\\/?s={search_term_string}\"},\"query-input\":{\"@type\":\"PropertyValueSpecification\",\"valueRequired\":true,\"valueName\":\"search_term_string\"}}],\"inLanguage\":\"en-US\"}]}<\/script>\n<!-- \/ Yoast SEO plugin. -->","yoast_head_json":{"title":"Brazalete Pedi\u00e1trico Azul QUIMEDIC PLUS - Corporaci\u00f3n castillo SAC","robots":{"index":"index","follow":"follow","max-snippet":"max-snippet:-1","max-image-preview":"max-image-preview:large","max-video-preview":"max-video-preview:-1"},"canonical":"https:\/\/www.grupocastillo.com.pe\/en\/product\/brazalete-pediatrico-azul-quimedic-plus\/","og_locale":"en_US","og_type":"article","og_title":"Brazalete Pedi\u00e1trico Azul QUIMEDIC PLUS - Corporaci\u00f3n castillo SAC","og_description":"Brazaletes de Identificaci\u00f3n Quimedic Plus Fabricados en vinyl soft, libre de latex con sistema de cierre con broche para proporcionar la m\u00e1xima seguridad de la informaci\u00f3n del paciente. Superficie blanca para escritura.  Disponibles en color: Blanco, Verde y Rojo (adulto),Celeste y Rosado (Pedi\u00e1trico)  CARACTER\u00cdSTICAS    Confeccionadas en Vynil soft.  Cierre con broche que proporciona m\u00e1xima seguridad.  Superficie de escritura especial.  Todas las pulseras son libres de l\u00e1tex.  Resistente al agua.  DESCARGAR FICHA T\u00c9CNICA","og_url":"https:\/\/www.grupocastillo.com.pe\/en\/product\/brazalete-pediatrico-azul-quimedic-plus\/","og_site_name":"Corporaci\u00f3n castillo SAC","article_modified_time":"2026-03-19T15:06:30+00:00","og_image":[{"width":920,"height":636,"url":"https:\/\/www.grupocastillo.com.pe\/wp-content\/uploads\/2021\/12\/brazalete-azul.jpg","type":"image\/jpeg"}],"twitter_card":"summary_large_image","schema":{"@context":"https:\/\/schema.org","@graph":[{"@type":"WebPage","@id":"https:\/\/www.grupocastillo.com.pe\/product\/brazalete-pediatrico-azul-quimedic-plus\/","url":"https:\/\/www.grupocastillo.com.pe\/product\/brazalete-pediatrico-azul-quimedic-plus\/","name":"Brazalete Pedi\u00e1trico Azul QUIMEDIC PLUS - Corporaci\u00f3n castillo SAC","isPartOf":{"@id":"https:\/\/www.grupocastillo.com.pe\/#website"},"primaryImageOfPage":{"@id":"https:\/\/www.grupocastillo.com.pe\/product\/brazalete-pediatrico-azul-quimedic-plus\/#primaryimage"},"image":{"@id":"https:\/\/www.grupocastillo.com.pe\/product\/brazalete-pediatrico-azul-quimedic-plus\/#primaryimage"},"thumbnailUrl":"https:\/\/www.grupocastillo.com.pe\/wp-content\/uploads\/2021\/12\/brazalete-azul.jpg","datePublished":"2021-12-05T00:57:37+00:00","dateModified":"2026-03-19T15:06:30+00:00","breadcrumb":{"@id":"https:\/\/www.grupocastillo.com.pe\/product\/brazalete-pediatrico-azul-quimedic-plus\/#breadcrumb"},"inLanguage":"en-US","potentialAction":[{"@type":"ReadAction","target":["https:\/\/www.grupocastillo.com.pe\/product\/brazalete-pediatrico-azul-quimedic-plus\/"]}]},{"@type":"ImageObject","inLanguage":"en-US","@id":"https:\/\/www.grupocastillo.com.pe\/product\/brazalete-pediatrico-azul-quimedic-plus\/#primaryimage","url":"https:\/\/www.grupocastillo.com.pe\/wp-content\/uploads\/2021\/12\/brazalete-azul.jpg","contentUrl":"https:\/\/www.grupocastillo.com.pe\/wp-content\/uploads\/2021\/12\/brazalete-azul.jpg","width":920,"height":636},{"@type":"BreadcrumbList","@id":"https:\/\/www.grupocastillo.com.pe\/product\/brazalete-pediatrico-azul-quimedic-plus\/#breadcrumb","itemListElement":[{"@type":"ListItem","position":1,"name":"Portada","item":"https:\/\/www.grupocastillo.com.pe\/"},{"@type":"ListItem","position":2,"name":"Tienda","item":"https:\/\/www.grupocastillo.com.pe\/tienda\/"},{"@type":"ListItem","position":3,"name":"Brazalete Pedi\u00e1trico Azul QUIMEDIC PLUS"}]},{"@type":"WebSite","@id":"https:\/\/www.grupocastillo.com.pe\/#website","url":"https:\/\/www.grupocastillo.com.pe\/","name":"Corporaci\u00f3n castillo SAC","description":"","potentialAction":[{"@type":"SearchAction","target":{"@type":"EntryPoint","urlTemplate":"https:\/\/www.grupocastillo.com.pe\/?s={search_term_string}"},"query-input":{"@type":"PropertyValueSpecification","valueRequired":true,"valueName":"search_term_string"}}],"inLanguage":"en-US"}]}},"jetpack_sharing_enabled":true,"brands":[],"_links":{"self":[{"href":"https:\/\/www.grupocastillo.com.pe\/en\/wp-json\/wp\/v2\/product\/13141","targetHints":{"allow":["GET"]}}],"collection":[{"href":"https:\/\/www.grupocastillo.com.pe\/en\/wp-json\/wp\/v2\/product"}],"about":[{"href":"https:\/\/www.grupocastillo.com.pe\/en\/wp-json\/wp\/v2\/types\/product"}],"replies":[{"embeddable":true,"href":"https:\/\/www.grupocastillo.com.pe\/en\/wp-json\/wp\/v2\/comments?post=13141"}],"version-history":[{"count":2,"href":"https:\/\/www.grupocastillo.com.pe\/en\/wp-json\/wp\/v2\/product\/13141\/revisions"}],"predecessor-version":[{"id":13233,"href":"https:\/\/www.grupocastillo.com.pe\/en\/wp-json\/wp\/v2\/product\/13141\/revisions\/13233"}],"wp:featuredmedia":[{"embeddable":true,"href":"https:\/\/www.grupocastillo.com.pe\/en\/wp-json\/wp\/v2\/media\/13142"}],"wp:attachment":[{"href":"https:\/\/www.grupocastillo.com.pe\/en\/wp-json\/wp\/v2\/media?parent=13141"}],"wp:term":[{"taxonomy":"pwb-brand","embeddable":true,"href":"https:\/\/www.grupocastillo.com.pe\/en\/wp-json\/wp\/v2\/pwb-brand?post=13141"},{"taxonomy":"product_brand","embeddable":true,"href":"https:\/\/www.grupocastillo.com.pe\/en\/wp-json\/wp\/v2\/product_brand?post=13141"},{"taxonomy":"product_cat","embeddable":true,"href":"https:\/\/www.grupocastillo.com.pe\/en\/wp-json\/wp\/v2\/product_cat?post=13141"},{"taxonomy":"product_tag","embeddable":true,"href":"https:\/\/www.grupocastillo.com.pe\/en\/wp-json\/wp\/v2\/product_tag?post=13141"}],"curies":[{"name":"wp","href":"https:\/\/api.w.org\/{rel}","templated":true}]}}