{"id":13132,"date":"2021-12-05T00:51:28","date_gmt":"2021-12-05T00:51:28","guid":{"rendered":"https:\/\/kyriosdemos4.xyz\/?post_type=product&#038;p=13132"},"modified":"2026-03-20T20:12:28","modified_gmt":"2026-03-20T20:12:28","slug":"aplicador-no-esteril-con-punta-de-algodon-150-mm-6%e2%80%b3-caja-x-1000-unidades","status":"publish","type":"product","link":"https:\/\/www.grupocastillo.com.pe\/en\/product\/aplicador-no-esteril-con-punta-de-algodon-150-mm-6%e2%80%b3-caja-x-1000-unidades\/","title":{"rendered":"Non Sterile Applicator with Cotton Tip 150 mm (6\u2033) Box x 1000 pcs."},"content":{"rendered":"","protected":false},"excerpt":{"rendered":"<h1>Aplicadores de Madera<br \/>\nQuimedic Plus<\/h1>\n<p><strong>Wooden Applicators<\/strong>\u00a0Quimedic Plus is a medical material, used in hospitals, laboratories and doctor's offices for taking samples and applying medication.<\/p>\n<div class=\"container section-title-container\">\n<h3 class=\"section-title section-title-normal\"><span class=\"section-title-main\"><i class=\"icon-plus\"><\/i>FEATURES<\/span><\/h3>\n<\/div>\n<ul>\n<li>Product manufactured 100 % in natural wood (Reforestable) of smooth surface without any damage either by worms, fungus or dirt, also free of stains; they are used in the medical inspection of the oral cavity.<\/li>\n<li>Wooden article, sterile, aseptic, non-toxic, polished.<\/li>\n<li>Rounded ends.<\/li>\n<li>Box of 500 and 100 Pcs.<\/li>\n<li>Device used for oral cavity examination, lowering the back of the tongue, examining the pharynx.<\/li>\n<\/ul>\n<table class=\"footable footable-loaded default\" style=\"width: 56.1726%;\">\n<thead>\n<tr>\n<th class=\"footable-first-column footable-sortable\">PRODUCT<\/th>\n<th class=\"footable-sortable\" data-hide=\"phone\">MEASUREMENTS<\/th>\n<th class=\"footable-sortable\" data-hide=\"phone,phone\">PRESENTATION<\/th>\n<th class=\"footable-sortable\" data-hide=\"phone,phone\">MATERIAL<\/th>\n<th class=\"footable-last-column footable-sortable\" data-hide=\"phone,tablet,phone\">COLOR<\/th>\n<\/tr>\n<\/thead>\n<tbody>\n<tr>\n<td class=\"footable-first-column\">Sterile wooden applicator<\/td>\n<td>6 inches<\/td>\n<td>Box x 100 units \/ box 1000<\/td>\n<td>Wood<\/td>\n<td class=\"footable-last-column\">Natural<\/td>\n<\/tr>\n<tr>\n<td class=\"footable-first-column\">Non-sterile wooden applicator<\/td>\n<td>6 inches<\/td>\n<td>Box x 1000 pcs \/ crate x 10000<\/td>\n<td>Wood<\/td>\n<td class=\"footable-last-column\">Natural<\/td>\n<\/tr>\n<\/tbody>\n<\/table>\n<p>FICHA APLICADOR DE MADERA<\/p>","protected":false},"featured_media":13133,"comment_status":"open","ping_status":"closed","template":"","meta":{"_acf_changed":false,"inline_featured_image":false},"pwb-brand":[241],"product_brand":[],"product_cat":[227],"product_tag":[],"class_list":{"0":"post-13132","1":"product","2":"type-product","3":"status-publish","4":"has-post-thumbnail","6":"pwb-brand-quimedic-plus","7":"product_cat-bajalenguas-y-aplicadores-de-madera","9":"first","10":"contactar","11":"shipping-taxable","12":"purchasable","13":"product-type-simple"},"acf":[],"yoast_head":"<!-- This site is optimized with the Yoast SEO plugin v27.3 - https:\/\/yoast.com\/product\/yoast-seo-wordpress\/ -->\n<title>Aplicador No Est\u00e9ril con Punta de Algod\u00f3n 150 mm (6\u2033) Caja x 1000 unidades - Corporaci\u00f3n castillo SAC<\/title>\n<meta name=\"robots\" content=\"index, follow, max-snippet:-1, max-image-preview:large, max-video-preview:-1\" \/>\n<link rel=\"canonical\" href=\"https:\/\/www.grupocastillo.com.pe\/en\/product\/aplicador-no-esteril-con-punta-de-algodon-150-mm-6\u2033-caja-x-1000-unidades\/\" \/>\n<meta property=\"og:locale\" content=\"en_US\" \/>\n<meta property=\"og:type\" content=\"article\" \/>\n<meta property=\"og:title\" content=\"Aplicador No Est\u00e9ril con Punta de Algod\u00f3n 150 mm (6\u2033) Caja x 1000 unidades - Corporaci\u00f3n castillo SAC\" \/>\n<meta property=\"og:description\" content=\"Aplicadores de Madera Quimedic Plus Los Aplicadores de madera\u00a0Quimedic Plus son un material m\u00e9dico, utilizado dentro de hospitales, laboratorios y consultorios para la toma de muestras y la aplicaci\u00f3n de medicamentos.  CARACTER\u00cdSTICAS    Producto manufacturado 100 % en madera natural (Reforestable) de superficie suave sin ning\u00fan tipo de da\u00f1o sea por gusanos, hongos o suciedad, adem\u00e1s libre de manchas; ellos son usados en la inspecci\u00f3n m\u00e9dica de la cavidad oral.  Art\u00edculo de madera, est\u00e9ril, as\u00e9ptico, atoxico, pulido.  Extremos redondeados.  Caja por 500 y 100 unidades.  Dispositivo utilizado para examen de cavidad oral, bajar dorso de la lengua, examinar la faringe     PRODUCTO MEDIDAS PRESENTACI\u00d3N MATERIAL COLOR     Aplicador de madera est\u00e9ril 6 pulgadas Caja x 100 und \/ cajon 1000 Madera Natural   Aplicador de madera no esteril 6 pulgadas Cajita x 1000 und \/ cajon x 10000 Madera Natural    FICHA APLICADOR DE MADERA\" \/>\n<meta property=\"og:url\" content=\"https:\/\/www.grupocastillo.com.pe\/en\/product\/aplicador-no-esteril-con-punta-de-algodon-150-mm-6\u2033-caja-x-1000-unidades\/\" \/>\n<meta property=\"og:site_name\" content=\"Corporaci\u00f3n castillo SAC\" \/>\n<meta property=\"article:modified_time\" content=\"2026-03-20T20:12:28+00:00\" \/>\n<meta property=\"og:image\" content=\"https:\/\/www.grupocastillo.com.pe\/wp-content\/uploads\/2021\/12\/no-esteril-algodon-aplicador.jpg\" \/>\n\t<meta property=\"og:image:width\" content=\"920\" \/>\n\t<meta property=\"og:image:height\" content=\"636\" \/>\n\t<meta property=\"og:image:type\" content=\"image\/jpeg\" \/>\n<meta name=\"twitter:card\" content=\"summary_large_image\" \/>\n<meta name=\"twitter:label1\" content=\"Est. reading time\" \/>\n\t<meta name=\"twitter:data1\" content=\"1 minute\" \/>\n<script type=\"application\/ld+json\" class=\"yoast-schema-graph\">{\"@context\":\"https:\\\/\\\/schema.org\",\"@graph\":[{\"@type\":\"WebPage\",\"@id\":\"https:\\\/\\\/www.grupocastillo.com.pe\\\/product\\\/aplicador-no-esteril-con-punta-de-algodon-150-mm-6%e2%80%b3-caja-x-1000-unidades\\\/\",\"url\":\"https:\\\/\\\/www.grupocastillo.com.pe\\\/product\\\/aplicador-no-esteril-con-punta-de-algodon-150-mm-6%e2%80%b3-caja-x-1000-unidades\\\/\",\"name\":\"Aplicador No Est\u00e9ril con Punta de Algod\u00f3n 150 mm (6\u2033) Caja x 1000 unidades - Corporaci\u00f3n castillo SAC\",\"isPartOf\":{\"@id\":\"https:\\\/\\\/www.grupocastillo.com.pe\\\/#website\"},\"primaryImageOfPage\":{\"@id\":\"https:\\\/\\\/www.grupocastillo.com.pe\\\/product\\\/aplicador-no-esteril-con-punta-de-algodon-150-mm-6%e2%80%b3-caja-x-1000-unidades\\\/#primaryimage\"},\"image\":{\"@id\":\"https:\\\/\\\/www.grupocastillo.com.pe\\\/product\\\/aplicador-no-esteril-con-punta-de-algodon-150-mm-6%e2%80%b3-caja-x-1000-unidades\\\/#primaryimage\"},\"thumbnailUrl\":\"https:\\\/\\\/www.grupocastillo.com.pe\\\/wp-content\\\/uploads\\\/2021\\\/12\\\/no-esteril-algodon-aplicador.jpg\",\"datePublished\":\"2021-12-05T00:51:28+00:00\",\"dateModified\":\"2026-03-20T20:12:28+00:00\",\"breadcrumb\":{\"@id\":\"https:\\\/\\\/www.grupocastillo.com.pe\\\/product\\\/aplicador-no-esteril-con-punta-de-algodon-150-mm-6%e2%80%b3-caja-x-1000-unidades\\\/#breadcrumb\"},\"inLanguage\":\"en-US\",\"potentialAction\":[{\"@type\":\"ReadAction\",\"target\":[\"https:\\\/\\\/www.grupocastillo.com.pe\\\/product\\\/aplicador-no-esteril-con-punta-de-algodon-150-mm-6%e2%80%b3-caja-x-1000-unidades\\\/\"]}]},{\"@type\":\"ImageObject\",\"inLanguage\":\"en-US\",\"@id\":\"https:\\\/\\\/www.grupocastillo.com.pe\\\/product\\\/aplicador-no-esteril-con-punta-de-algodon-150-mm-6%e2%80%b3-caja-x-1000-unidades\\\/#primaryimage\",\"url\":\"https:\\\/\\\/www.grupocastillo.com.pe\\\/wp-content\\\/uploads\\\/2021\\\/12\\\/no-esteril-algodon-aplicador.jpg\",\"contentUrl\":\"https:\\\/\\\/www.grupocastillo.com.pe\\\/wp-content\\\/uploads\\\/2021\\\/12\\\/no-esteril-algodon-aplicador.jpg\",\"width\":920,\"height\":636},{\"@type\":\"BreadcrumbList\",\"@id\":\"https:\\\/\\\/www.grupocastillo.com.pe\\\/product\\\/aplicador-no-esteril-con-punta-de-algodon-150-mm-6%e2%80%b3-caja-x-1000-unidades\\\/#breadcrumb\",\"itemListElement\":[{\"@type\":\"ListItem\",\"position\":1,\"name\":\"Portada\",\"item\":\"https:\\\/\\\/www.grupocastillo.com.pe\\\/\"},{\"@type\":\"ListItem\",\"position\":2,\"name\":\"Tienda\",\"item\":\"https:\\\/\\\/www.grupocastillo.com.pe\\\/tienda\\\/\"},{\"@type\":\"ListItem\",\"position\":3,\"name\":\"Aplicador No Est\u00e9ril con Punta de Algod\u00f3n 150 mm (6\u2033) Caja x 1000 unidades\"}]},{\"@type\":\"WebSite\",\"@id\":\"https:\\\/\\\/www.grupocastillo.com.pe\\\/#website\",\"url\":\"https:\\\/\\\/www.grupocastillo.com.pe\\\/\",\"name\":\"Corporaci\u00f3n castillo SAC\",\"description\":\"\",\"potentialAction\":[{\"@type\":\"SearchAction\",\"target\":{\"@type\":\"EntryPoint\",\"urlTemplate\":\"https:\\\/\\\/www.grupocastillo.com.pe\\\/?s={search_term_string}\"},\"query-input\":{\"@type\":\"PropertyValueSpecification\",\"valueRequired\":true,\"valueName\":\"search_term_string\"}}],\"inLanguage\":\"en-US\"}]}<\/script>\n<!-- \/ Yoast SEO plugin. -->","yoast_head_json":{"title":"Aplicador No Est\u00e9ril con Punta de Algod\u00f3n 150 mm (6\u2033) Caja x 1000 unidades - Corporaci\u00f3n castillo SAC","robots":{"index":"index","follow":"follow","max-snippet":"max-snippet:-1","max-image-preview":"max-image-preview:large","max-video-preview":"max-video-preview:-1"},"canonical":"https:\/\/www.grupocastillo.com.pe\/en\/product\/aplicador-no-esteril-con-punta-de-algodon-150-mm-6\u2033-caja-x-1000-unidades\/","og_locale":"en_US","og_type":"article","og_title":"Aplicador No Est\u00e9ril con Punta de Algod\u00f3n 150 mm (6\u2033) Caja x 1000 unidades - Corporaci\u00f3n castillo SAC","og_description":"Aplicadores de Madera Quimedic Plus Los Aplicadores de madera\u00a0Quimedic Plus son un material m\u00e9dico, utilizado dentro de hospitales, laboratorios y consultorios para la toma de muestras y la aplicaci\u00f3n de medicamentos.  CARACTER\u00cdSTICAS    Producto manufacturado 100 % en madera natural (Reforestable) de superficie suave sin ning\u00fan tipo de da\u00f1o sea por gusanos, hongos o suciedad, adem\u00e1s libre de manchas; ellos son usados en la inspecci\u00f3n m\u00e9dica de la cavidad oral.  Art\u00edculo de madera, est\u00e9ril, as\u00e9ptico, atoxico, pulido.  Extremos redondeados.  Caja por 500 y 100 unidades.  Dispositivo utilizado para examen de cavidad oral, bajar dorso de la lengua, examinar la faringe     PRODUCTO MEDIDAS PRESENTACI\u00d3N MATERIAL COLOR     Aplicador de madera est\u00e9ril 6 pulgadas Caja x 100 und \/ cajon 1000 Madera Natural   Aplicador de madera no esteril 6 pulgadas Cajita x 1000 und \/ cajon x 10000 Madera Natural    FICHA APLICADOR DE MADERA","og_url":"https:\/\/www.grupocastillo.com.pe\/en\/product\/aplicador-no-esteril-con-punta-de-algodon-150-mm-6\u2033-caja-x-1000-unidades\/","og_site_name":"Corporaci\u00f3n castillo SAC","article_modified_time":"2026-03-20T20:12:28+00:00","og_image":[{"width":920,"height":636,"url":"https:\/\/www.grupocastillo.com.pe\/wp-content\/uploads\/2021\/12\/no-esteril-algodon-aplicador.jpg","type":"image\/jpeg"}],"twitter_card":"summary_large_image","twitter_misc":{"Est. reading time":"1 minute"},"schema":{"@context":"https:\/\/schema.org","@graph":[{"@type":"WebPage","@id":"https:\/\/www.grupocastillo.com.pe\/product\/aplicador-no-esteril-con-punta-de-algodon-150-mm-6%e2%80%b3-caja-x-1000-unidades\/","url":"https:\/\/www.grupocastillo.com.pe\/product\/aplicador-no-esteril-con-punta-de-algodon-150-mm-6%e2%80%b3-caja-x-1000-unidades\/","name":"Aplicador No Est\u00e9ril con Punta de Algod\u00f3n 150 mm (6\u2033) Caja x 1000 unidades - Corporaci\u00f3n castillo SAC","isPartOf":{"@id":"https:\/\/www.grupocastillo.com.pe\/#website"},"primaryImageOfPage":{"@id":"https:\/\/www.grupocastillo.com.pe\/product\/aplicador-no-esteril-con-punta-de-algodon-150-mm-6%e2%80%b3-caja-x-1000-unidades\/#primaryimage"},"image":{"@id":"https:\/\/www.grupocastillo.com.pe\/product\/aplicador-no-esteril-con-punta-de-algodon-150-mm-6%e2%80%b3-caja-x-1000-unidades\/#primaryimage"},"thumbnailUrl":"https:\/\/www.grupocastillo.com.pe\/wp-content\/uploads\/2021\/12\/no-esteril-algodon-aplicador.jpg","datePublished":"2021-12-05T00:51:28+00:00","dateModified":"2026-03-20T20:12:28+00:00","breadcrumb":{"@id":"https:\/\/www.grupocastillo.com.pe\/product\/aplicador-no-esteril-con-punta-de-algodon-150-mm-6%e2%80%b3-caja-x-1000-unidades\/#breadcrumb"},"inLanguage":"en-US","potentialAction":[{"@type":"ReadAction","target":["https:\/\/www.grupocastillo.com.pe\/product\/aplicador-no-esteril-con-punta-de-algodon-150-mm-6%e2%80%b3-caja-x-1000-unidades\/"]}]},{"@type":"ImageObject","inLanguage":"en-US","@id":"https:\/\/www.grupocastillo.com.pe\/product\/aplicador-no-esteril-con-punta-de-algodon-150-mm-6%e2%80%b3-caja-x-1000-unidades\/#primaryimage","url":"https:\/\/www.grupocastillo.com.pe\/wp-content\/uploads\/2021\/12\/no-esteril-algodon-aplicador.jpg","contentUrl":"https:\/\/www.grupocastillo.com.pe\/wp-content\/uploads\/2021\/12\/no-esteril-algodon-aplicador.jpg","width":920,"height":636},{"@type":"BreadcrumbList","@id":"https:\/\/www.grupocastillo.com.pe\/product\/aplicador-no-esteril-con-punta-de-algodon-150-mm-6%e2%80%b3-caja-x-1000-unidades\/#breadcrumb","itemListElement":[{"@type":"ListItem","position":1,"name":"Portada","item":"https:\/\/www.grupocastillo.com.pe\/"},{"@type":"ListItem","position":2,"name":"Tienda","item":"https:\/\/www.grupocastillo.com.pe\/tienda\/"},{"@type":"ListItem","position":3,"name":"Aplicador No Est\u00e9ril con Punta de Algod\u00f3n 150 mm (6\u2033) Caja x 1000 unidades"}]},{"@type":"WebSite","@id":"https:\/\/www.grupocastillo.com.pe\/#website","url":"https:\/\/www.grupocastillo.com.pe\/","name":"Corporaci\u00f3n castillo SAC","description":"","potentialAction":[{"@type":"SearchAction","target":{"@type":"EntryPoint","urlTemplate":"https:\/\/www.grupocastillo.com.pe\/?s={search_term_string}"},"query-input":{"@type":"PropertyValueSpecification","valueRequired":true,"valueName":"search_term_string"}}],"inLanguage":"en-US"}]}},"jetpack_sharing_enabled":true,"brands":[{"id":241,"name":"Quimedic PLus","slug":"quimedic-plus"}],"_links":{"self":[{"href":"https:\/\/www.grupocastillo.com.pe\/en\/wp-json\/wp\/v2\/product\/13132","targetHints":{"allow":["GET"]}}],"collection":[{"href":"https:\/\/www.grupocastillo.com.pe\/en\/wp-json\/wp\/v2\/product"}],"about":[{"href":"https:\/\/www.grupocastillo.com.pe\/en\/wp-json\/wp\/v2\/types\/product"}],"replies":[{"embeddable":true,"href":"https:\/\/www.grupocastillo.com.pe\/en\/wp-json\/wp\/v2\/comments?post=13132"}],"version-history":[{"count":4,"href":"https:\/\/www.grupocastillo.com.pe\/en\/wp-json\/wp\/v2\/product\/13132\/revisions"}],"predecessor-version":[{"id":15276,"href":"https:\/\/www.grupocastillo.com.pe\/en\/wp-json\/wp\/v2\/product\/13132\/revisions\/15276"}],"wp:featuredmedia":[{"embeddable":true,"href":"https:\/\/www.grupocastillo.com.pe\/en\/wp-json\/wp\/v2\/media\/13133"}],"wp:attachment":[{"href":"https:\/\/www.grupocastillo.com.pe\/en\/wp-json\/wp\/v2\/media?parent=13132"}],"wp:term":[{"taxonomy":"pwb-brand","embeddable":true,"href":"https:\/\/www.grupocastillo.com.pe\/en\/wp-json\/wp\/v2\/pwb-brand?post=13132"},{"taxonomy":"product_brand","embeddable":true,"href":"https:\/\/www.grupocastillo.com.pe\/en\/wp-json\/wp\/v2\/product_brand?post=13132"},{"taxonomy":"product_cat","embeddable":true,"href":"https:\/\/www.grupocastillo.com.pe\/en\/wp-json\/wp\/v2\/product_cat?post=13132"},{"taxonomy":"product_tag","embeddable":true,"href":"https:\/\/www.grupocastillo.com.pe\/en\/wp-json\/wp\/v2\/product_tag?post=13132"}],"curies":[{"name":"wp","href":"https:\/\/api.w.org\/{rel}","templated":true}]}}