{"id":13120,"date":"2021-12-05T00:44:21","date_gmt":"2021-12-05T00:44:21","guid":{"rendered":"https:\/\/kyriosdemos4.xyz\/?post_type=product&#038;p=13120"},"modified":"2026-03-20T21:07:51","modified_gmt":"2026-03-20T21:07:51","slug":"bajalengua-no-esteril-adulto-150-mm-x-17-mm-x-16-mm-caja-x-500-unidades","status":"publish","type":"product","link":"https:\/\/www.grupocastillo.com.pe\/en\/product\/bajalengua-no-esteril-adulto-150-mm-x-17-mm-x-16-mm-caja-x-500-unidades\/","title":{"rendered":"Non Sterile Tongue Splint Adult 150 mm x 17 mm x 1,6 mm Box x 500 pcs"},"content":{"rendered":"","protected":false},"excerpt":{"rendered":"<h1>Bajalenguas de Madera<br \/>\nQuimedic Plus<\/h1>\n<p><strong>The tongue depressors<\/strong>\u00a0Woods are a medical material used to depress the tongue and facilitate the diagnosis of the oral cavity in patients.<\/p>\n<div class=\"container section-title-container\">\n<h3 class=\"section-title section-title-normal\"><span class=\"section-title-main\"><i class=\"icon-plus\"><\/i>FEATURES<\/span><\/h3>\n<\/div>\n<ul>\n<li>Product manufactured 100 % in natural wood (Reforestable) of smooth surface without any damage either by worms, fungus or dirt, also free of stains; they are used in the medical inspection of the oral cavity.<\/li>\n<li>Wooden article, sterile, aseptic, non-toxic, polished.<\/li>\n<li>Rounded ends.<\/li>\n<li>Box of 500 and 100 Pcs.<\/li>\n<li>Device used for oral cavity examination, lowering the back of the tongue, examining the pharynx.<\/li>\n<\/ul>\n<table class=\"footable footable-loaded default\" style=\"width: 69.8058%; height: 240px;\">\n<thead>\n<tr style=\"height: 24px;\">\n<th class=\"footable-first-column footable-sortable\" style=\"height: 24px;\">PRODUCT<\/th>\n<th class=\"footable-sortable\" style=\"height: 24px;\" data-hide=\"phone\">MEASUREMENTS<\/th>\n<th class=\"footable-sortable\" style=\"height: 24px;\" data-hide=\"phone,phone\">PRESENTATION<\/th>\n<th class=\"footable-sortable\" style=\"height: 24px;\" data-hide=\"phone,phone\">MATERIAL<\/th>\n<th class=\"footable-last-column footable-sortable\" style=\"height: 24px;\" data-hide=\"phone,tablet,phone\">COLOR<\/th>\n<\/tr>\n<\/thead>\n<tbody>\n<tr style=\"height: 24px;\">\n<td class=\"footable-first-column\" style=\"height: 24px;\">Sterilized \/ Non-Sterile Adult tongue depressor<\/td>\n<td style=\"height: 24px;\">150mm x 17mm x 1,6mm<\/td>\n<td style=\"height: 24px;\">box x 100 pcs \/ crate x 2000<\/td>\n<td style=\"height: 24px;\">Wood<\/td>\n<td class=\"footable-last-column\" style=\"height: 24px;\">Natural<\/td>\n<\/tr>\n<tr style=\"height: 48px;\">\n<td class=\"footable-first-column\" style=\"height: 48px;\">Adult Non-Sterilized Tongue Depressor<\/td>\n<td style=\"height: 48px;\">150mm x 17mm x 1,6mm<\/td>\n<td style=\"height: 48px;\">box x 500 pcs \/ crate x 5000<\/td>\n<td style=\"height: 48px;\">Wood<\/td>\n<td class=\"footable-last-column\" style=\"height: 48px;\">Natural<\/td>\n<\/tr>\n<tr style=\"height: 48px;\">\n<td class=\"footable-first-column\" style=\"height: 48px;\">Sterile \/ Non-Sterile Pediatric Tongue Depressor<\/td>\n<td style=\"height: 48px;\">140mm x 16mm x 1,6mm<\/td>\n<td style=\"height: 48px;\">box x 100 pcs \/ crate x 2000<\/td>\n<td style=\"height: 48px;\">Wood<\/td>\n<td class=\"footable-last-column\" style=\"height: 48px;\">Natural<\/td>\n<\/tr>\n<tr style=\"height: 48px;\">\n<td class=\"footable-first-column\" style=\"height: 48px;\">Non Sterilized Pediatric Tongue Depressor<\/td>\n<td style=\"height: 48px;\">140mm x 16mm x 1,6mm<\/td>\n<td style=\"height: 48px;\">box x 500 pcs \/ crate x 5000<\/td>\n<td style=\"height: 48px;\">Wood<\/td>\n<td class=\"footable-last-column\" style=\"height: 48px;\">Natural<\/td>\n<\/tr>\n<\/tbody>\n<\/table>\n<p>FICHA BAJALENGUA\u00a0 NO ESTERIL<\/p>","protected":false},"featured_media":13121,"comment_status":"open","ping_status":"closed","template":"","meta":{"_acf_changed":false,"inline_featured_image":false},"pwb-brand":[241],"product_brand":[],"product_cat":[227],"product_tag":[],"class_list":{"0":"post-13120","1":"product","2":"type-product","3":"status-publish","4":"has-post-thumbnail","6":"pwb-brand-quimedic-plus","7":"product_cat-bajalenguas-y-aplicadores-de-madera","9":"first","10":"contactar","11":"shipping-taxable","12":"purchasable","13":"product-type-simple"},"acf":[],"yoast_head":"<!-- This site is optimized with the Yoast SEO plugin v27.3 - https:\/\/yoast.com\/product\/yoast-seo-wordpress\/ -->\n<title>Bajalengua No Est\u00e9ril Adulto 150 mm x 17 mm x 1,6 mm Caja x 500 unidades - Corporaci\u00f3n castillo SAC<\/title>\n<meta name=\"robots\" content=\"index, follow, max-snippet:-1, max-image-preview:large, max-video-preview:-1\" \/>\n<link rel=\"canonical\" href=\"https:\/\/www.grupocastillo.com.pe\/en\/product\/bajalengua-no-esteril-adulto-150-mm-x-17-mm-x-16-mm-caja-x-500-unidades\/\" \/>\n<meta property=\"og:locale\" content=\"en_US\" \/>\n<meta property=\"og:type\" content=\"article\" \/>\n<meta property=\"og:title\" content=\"Bajalengua No Est\u00e9ril Adulto 150 mm x 17 mm x 1,6 mm Caja x 500 unidades - Corporaci\u00f3n castillo SAC\" \/>\n<meta property=\"og:description\" content=\"Bajalenguas de Madera Quimedic Plus Los bajalenguas\u00a0de maderas son un material m\u00e9dico utilizado para deprimir la lengua y facilitar el diagn\u00f3stico de la cavidad oral en los pacientes.  CARACTER\u00cdSTICAS    Producto manufacturado 100 % en madera natural (Reforestable) de superficie suave sin ning\u00fan tipo de da\u00f1o sea por gusanos, hongos o suciedad, adem\u00e1s libre de manchas; ellos son usados en la inspecci\u00f3n m\u00e9dica de la cavidad oral.  Art\u00edculo de madera, est\u00e9ril, as\u00e9ptico, atoxico, pulido.  Extremos redondeados.  Caja por 500 y 100 unidades.  Dispositivo utilizado para examen de cavidad oral, bajar dorso de la lengua, examinar la faringe     PRODUCTO MEDIDAS PRESENTACI\u00d3N MATERIAL COLOR     Bajalengua Adulto Esterilizado \/ No Esteril 150mm x 17mm x 1,6mm caja x 100 und \/ caj\u00f3n x 2000 Madera Natural   Bajalengua Adulto No Esterilizado 150mm x 17mm x 1,6mm caja x 500 und \/ caj\u00f3n x 5000 Madera Natural   Bajalengua Pedi\u00e1trico Esterilizado \/ No Esteril 140mm x 16mm x 1,6mm caja x 100 und \/ caj\u00f3n x 2000 Madera Natural   Bajalengua Pedi\u00e1trico No Esterilizado 140mm x 16mm x 1,6mm caja x 500 und \/ caj\u00f3n x 5000 Madera Natural    FICHA BAJALENGUA\u00a0 NO ESTERIL\" \/>\n<meta property=\"og:url\" content=\"https:\/\/www.grupocastillo.com.pe\/en\/product\/bajalengua-no-esteril-adulto-150-mm-x-17-mm-x-16-mm-caja-x-500-unidades\/\" \/>\n<meta property=\"og:site_name\" content=\"Corporaci\u00f3n castillo SAC\" \/>\n<meta property=\"article:modified_time\" content=\"2026-03-20T21:07:51+00:00\" \/>\n<meta property=\"og:image\" content=\"https:\/\/www.grupocastillo.com.pe\/wp-content\/uploads\/2021\/12\/bajalengua-no-esteril-adulto.jpg\" \/>\n\t<meta property=\"og:image:width\" content=\"920\" \/>\n\t<meta property=\"og:image:height\" content=\"636\" \/>\n\t<meta property=\"og:image:type\" content=\"image\/jpeg\" \/>\n<meta name=\"twitter:card\" content=\"summary_large_image\" \/>\n<meta name=\"twitter:label1\" content=\"Est. reading time\" \/>\n\t<meta name=\"twitter:data1\" content=\"1 minute\" \/>\n<script type=\"application\/ld+json\" class=\"yoast-schema-graph\">{\"@context\":\"https:\\\/\\\/schema.org\",\"@graph\":[{\"@type\":\"WebPage\",\"@id\":\"https:\\\/\\\/www.grupocastillo.com.pe\\\/product\\\/bajalengua-no-esteril-adulto-150-mm-x-17-mm-x-16-mm-caja-x-500-unidades\\\/\",\"url\":\"https:\\\/\\\/www.grupocastillo.com.pe\\\/product\\\/bajalengua-no-esteril-adulto-150-mm-x-17-mm-x-16-mm-caja-x-500-unidades\\\/\",\"name\":\"Bajalengua No Est\u00e9ril Adulto 150 mm x 17 mm x 1,6 mm Caja x 500 unidades - Corporaci\u00f3n castillo SAC\",\"isPartOf\":{\"@id\":\"https:\\\/\\\/www.grupocastillo.com.pe\\\/#website\"},\"primaryImageOfPage\":{\"@id\":\"https:\\\/\\\/www.grupocastillo.com.pe\\\/product\\\/bajalengua-no-esteril-adulto-150-mm-x-17-mm-x-16-mm-caja-x-500-unidades\\\/#primaryimage\"},\"image\":{\"@id\":\"https:\\\/\\\/www.grupocastillo.com.pe\\\/product\\\/bajalengua-no-esteril-adulto-150-mm-x-17-mm-x-16-mm-caja-x-500-unidades\\\/#primaryimage\"},\"thumbnailUrl\":\"https:\\\/\\\/www.grupocastillo.com.pe\\\/wp-content\\\/uploads\\\/2021\\\/12\\\/bajalengua-no-esteril-adulto.jpg\",\"datePublished\":\"2021-12-05T00:44:21+00:00\",\"dateModified\":\"2026-03-20T21:07:51+00:00\",\"breadcrumb\":{\"@id\":\"https:\\\/\\\/www.grupocastillo.com.pe\\\/product\\\/bajalengua-no-esteril-adulto-150-mm-x-17-mm-x-16-mm-caja-x-500-unidades\\\/#breadcrumb\"},\"inLanguage\":\"en-US\",\"potentialAction\":[{\"@type\":\"ReadAction\",\"target\":[\"https:\\\/\\\/www.grupocastillo.com.pe\\\/product\\\/bajalengua-no-esteril-adulto-150-mm-x-17-mm-x-16-mm-caja-x-500-unidades\\\/\"]}]},{\"@type\":\"ImageObject\",\"inLanguage\":\"en-US\",\"@id\":\"https:\\\/\\\/www.grupocastillo.com.pe\\\/product\\\/bajalengua-no-esteril-adulto-150-mm-x-17-mm-x-16-mm-caja-x-500-unidades\\\/#primaryimage\",\"url\":\"https:\\\/\\\/www.grupocastillo.com.pe\\\/wp-content\\\/uploads\\\/2021\\\/12\\\/bajalengua-no-esteril-adulto.jpg\",\"contentUrl\":\"https:\\\/\\\/www.grupocastillo.com.pe\\\/wp-content\\\/uploads\\\/2021\\\/12\\\/bajalengua-no-esteril-adulto.jpg\",\"width\":920,\"height\":636},{\"@type\":\"BreadcrumbList\",\"@id\":\"https:\\\/\\\/www.grupocastillo.com.pe\\\/product\\\/bajalengua-no-esteril-adulto-150-mm-x-17-mm-x-16-mm-caja-x-500-unidades\\\/#breadcrumb\",\"itemListElement\":[{\"@type\":\"ListItem\",\"position\":1,\"name\":\"Portada\",\"item\":\"https:\\\/\\\/www.grupocastillo.com.pe\\\/\"},{\"@type\":\"ListItem\",\"position\":2,\"name\":\"Tienda\",\"item\":\"https:\\\/\\\/www.grupocastillo.com.pe\\\/tienda\\\/\"},{\"@type\":\"ListItem\",\"position\":3,\"name\":\"Bajalengua No Est\u00e9ril Adulto 150 mm x 17 mm x 1,6 mm Caja x 500 unidades\"}]},{\"@type\":\"WebSite\",\"@id\":\"https:\\\/\\\/www.grupocastillo.com.pe\\\/#website\",\"url\":\"https:\\\/\\\/www.grupocastillo.com.pe\\\/\",\"name\":\"Corporaci\u00f3n castillo SAC\",\"description\":\"\",\"potentialAction\":[{\"@type\":\"SearchAction\",\"target\":{\"@type\":\"EntryPoint\",\"urlTemplate\":\"https:\\\/\\\/www.grupocastillo.com.pe\\\/?s={search_term_string}\"},\"query-input\":{\"@type\":\"PropertyValueSpecification\",\"valueRequired\":true,\"valueName\":\"search_term_string\"}}],\"inLanguage\":\"en-US\"}]}<\/script>\n<!-- \/ Yoast SEO plugin. -->","yoast_head_json":{"title":"Bajalengua No Est\u00e9ril Adulto 150 mm x 17 mm x 1,6 mm Caja x 500 unidades - Corporaci\u00f3n castillo SAC","robots":{"index":"index","follow":"follow","max-snippet":"max-snippet:-1","max-image-preview":"max-image-preview:large","max-video-preview":"max-video-preview:-1"},"canonical":"https:\/\/www.grupocastillo.com.pe\/en\/product\/bajalengua-no-esteril-adulto-150-mm-x-17-mm-x-16-mm-caja-x-500-unidades\/","og_locale":"en_US","og_type":"article","og_title":"Bajalengua No Est\u00e9ril Adulto 150 mm x 17 mm x 1,6 mm Caja x 500 unidades - Corporaci\u00f3n castillo SAC","og_description":"Bajalenguas de Madera Quimedic Plus Los bajalenguas\u00a0de maderas son un material m\u00e9dico utilizado para deprimir la lengua y facilitar el diagn\u00f3stico de la cavidad oral en los pacientes.  CARACTER\u00cdSTICAS    Producto manufacturado 100 % en madera natural (Reforestable) de superficie suave sin ning\u00fan tipo de da\u00f1o sea por gusanos, hongos o suciedad, adem\u00e1s libre de manchas; ellos son usados en la inspecci\u00f3n m\u00e9dica de la cavidad oral.  Art\u00edculo de madera, est\u00e9ril, as\u00e9ptico, atoxico, pulido.  Extremos redondeados.  Caja por 500 y 100 unidades.  Dispositivo utilizado para examen de cavidad oral, bajar dorso de la lengua, examinar la faringe     PRODUCTO MEDIDAS PRESENTACI\u00d3N MATERIAL COLOR     Bajalengua Adulto Esterilizado \/ No Esteril 150mm x 17mm x 1,6mm caja x 100 und \/ caj\u00f3n x 2000 Madera Natural   Bajalengua Adulto No Esterilizado 150mm x 17mm x 1,6mm caja x 500 und \/ caj\u00f3n x 5000 Madera Natural   Bajalengua Pedi\u00e1trico Esterilizado \/ No Esteril 140mm x 16mm x 1,6mm caja x 100 und \/ caj\u00f3n x 2000 Madera Natural   Bajalengua Pedi\u00e1trico No Esterilizado 140mm x 16mm x 1,6mm caja x 500 und \/ caj\u00f3n x 5000 Madera Natural    FICHA BAJALENGUA\u00a0 NO ESTERIL","og_url":"https:\/\/www.grupocastillo.com.pe\/en\/product\/bajalengua-no-esteril-adulto-150-mm-x-17-mm-x-16-mm-caja-x-500-unidades\/","og_site_name":"Corporaci\u00f3n castillo SAC","article_modified_time":"2026-03-20T21:07:51+00:00","og_image":[{"width":920,"height":636,"url":"https:\/\/www.grupocastillo.com.pe\/wp-content\/uploads\/2021\/12\/bajalengua-no-esteril-adulto.jpg","type":"image\/jpeg"}],"twitter_card":"summary_large_image","twitter_misc":{"Est. reading time":"1 minute"},"schema":{"@context":"https:\/\/schema.org","@graph":[{"@type":"WebPage","@id":"https:\/\/www.grupocastillo.com.pe\/product\/bajalengua-no-esteril-adulto-150-mm-x-17-mm-x-16-mm-caja-x-500-unidades\/","url":"https:\/\/www.grupocastillo.com.pe\/product\/bajalengua-no-esteril-adulto-150-mm-x-17-mm-x-16-mm-caja-x-500-unidades\/","name":"Bajalengua No Est\u00e9ril Adulto 150 mm x 17 mm x 1,6 mm Caja x 500 unidades - Corporaci\u00f3n castillo SAC","isPartOf":{"@id":"https:\/\/www.grupocastillo.com.pe\/#website"},"primaryImageOfPage":{"@id":"https:\/\/www.grupocastillo.com.pe\/product\/bajalengua-no-esteril-adulto-150-mm-x-17-mm-x-16-mm-caja-x-500-unidades\/#primaryimage"},"image":{"@id":"https:\/\/www.grupocastillo.com.pe\/product\/bajalengua-no-esteril-adulto-150-mm-x-17-mm-x-16-mm-caja-x-500-unidades\/#primaryimage"},"thumbnailUrl":"https:\/\/www.grupocastillo.com.pe\/wp-content\/uploads\/2021\/12\/bajalengua-no-esteril-adulto.jpg","datePublished":"2021-12-05T00:44:21+00:00","dateModified":"2026-03-20T21:07:51+00:00","breadcrumb":{"@id":"https:\/\/www.grupocastillo.com.pe\/product\/bajalengua-no-esteril-adulto-150-mm-x-17-mm-x-16-mm-caja-x-500-unidades\/#breadcrumb"},"inLanguage":"en-US","potentialAction":[{"@type":"ReadAction","target":["https:\/\/www.grupocastillo.com.pe\/product\/bajalengua-no-esteril-adulto-150-mm-x-17-mm-x-16-mm-caja-x-500-unidades\/"]}]},{"@type":"ImageObject","inLanguage":"en-US","@id":"https:\/\/www.grupocastillo.com.pe\/product\/bajalengua-no-esteril-adulto-150-mm-x-17-mm-x-16-mm-caja-x-500-unidades\/#primaryimage","url":"https:\/\/www.grupocastillo.com.pe\/wp-content\/uploads\/2021\/12\/bajalengua-no-esteril-adulto.jpg","contentUrl":"https:\/\/www.grupocastillo.com.pe\/wp-content\/uploads\/2021\/12\/bajalengua-no-esteril-adulto.jpg","width":920,"height":636},{"@type":"BreadcrumbList","@id":"https:\/\/www.grupocastillo.com.pe\/product\/bajalengua-no-esteril-adulto-150-mm-x-17-mm-x-16-mm-caja-x-500-unidades\/#breadcrumb","itemListElement":[{"@type":"ListItem","position":1,"name":"Portada","item":"https:\/\/www.grupocastillo.com.pe\/"},{"@type":"ListItem","position":2,"name":"Tienda","item":"https:\/\/www.grupocastillo.com.pe\/tienda\/"},{"@type":"ListItem","position":3,"name":"Bajalengua No Est\u00e9ril Adulto 150 mm x 17 mm x 1,6 mm Caja x 500 unidades"}]},{"@type":"WebSite","@id":"https:\/\/www.grupocastillo.com.pe\/#website","url":"https:\/\/www.grupocastillo.com.pe\/","name":"Corporaci\u00f3n castillo SAC","description":"","potentialAction":[{"@type":"SearchAction","target":{"@type":"EntryPoint","urlTemplate":"https:\/\/www.grupocastillo.com.pe\/?s={search_term_string}"},"query-input":{"@type":"PropertyValueSpecification","valueRequired":true,"valueName":"search_term_string"}}],"inLanguage":"en-US"}]}},"jetpack_sharing_enabled":true,"brands":[{"id":241,"name":"Quimedic PLus","slug":"quimedic-plus"}],"_links":{"self":[{"href":"https:\/\/www.grupocastillo.com.pe\/en\/wp-json\/wp\/v2\/product\/13120","targetHints":{"allow":["GET"]}}],"collection":[{"href":"https:\/\/www.grupocastillo.com.pe\/en\/wp-json\/wp\/v2\/product"}],"about":[{"href":"https:\/\/www.grupocastillo.com.pe\/en\/wp-json\/wp\/v2\/types\/product"}],"replies":[{"embeddable":true,"href":"https:\/\/www.grupocastillo.com.pe\/en\/wp-json\/wp\/v2\/comments?post=13120"}],"version-history":[{"count":4,"href":"https:\/\/www.grupocastillo.com.pe\/en\/wp-json\/wp\/v2\/product\/13120\/revisions"}],"predecessor-version":[{"id":15278,"href":"https:\/\/www.grupocastillo.com.pe\/en\/wp-json\/wp\/v2\/product\/13120\/revisions\/15278"}],"wp:featuredmedia":[{"embeddable":true,"href":"https:\/\/www.grupocastillo.com.pe\/en\/wp-json\/wp\/v2\/media\/13121"}],"wp:attachment":[{"href":"https:\/\/www.grupocastillo.com.pe\/en\/wp-json\/wp\/v2\/media?parent=13120"}],"wp:term":[{"taxonomy":"pwb-brand","embeddable":true,"href":"https:\/\/www.grupocastillo.com.pe\/en\/wp-json\/wp\/v2\/pwb-brand?post=13120"},{"taxonomy":"product_brand","embeddable":true,"href":"https:\/\/www.grupocastillo.com.pe\/en\/wp-json\/wp\/v2\/product_brand?post=13120"},{"taxonomy":"product_cat","embeddable":true,"href":"https:\/\/www.grupocastillo.com.pe\/en\/wp-json\/wp\/v2\/product_cat?post=13120"},{"taxonomy":"product_tag","embeddable":true,"href":"https:\/\/www.grupocastillo.com.pe\/en\/wp-json\/wp\/v2\/product_tag?post=13120"}],"curies":[{"name":"wp","href":"https:\/\/api.w.org\/{rel}","templated":true}]}}