{"id":13117,"date":"2021-12-05T00:42:33","date_gmt":"2021-12-05T00:42:33","guid":{"rendered":"https:\/\/kyriosdemos4.xyz\/?post_type=product&#038;p=13117"},"modified":"2026-03-20T21:07:59","modified_gmt":"2026-03-20T21:07:59","slug":"bajalengua-pediatrico-esteril-140-mm-x-16-mm-x-16-mm-caja-x-100-unidades","status":"publish","type":"product","link":"https:\/\/www.grupocastillo.com.pe\/en\/product\/bajalengua-pediatrico-esteril-140-mm-x-16-mm-x-16-mm-caja-x-100-unidades\/","title":{"rendered":"Bajalengua Pedi\u00e1trico Est\u00e9ril 140 mm x 15 mm x 1,5 mm Caja x 100 unidades"},"content":{"rendered":"","protected":false},"excerpt":{"rendered":"<h1>Bajalenguas de Madera<br \/>\nQuimedic Plus<\/h1>\n<p><strong>The tongue depressors<\/strong>\u00a0Woods are a medical material used to depress the tongue and facilitate the diagnosis of the oral cavity in patients.<\/p>\n<div class=\"container section-title-container\">\n<h3 class=\"section-title section-title-normal\"><span class=\"section-title-main\"><i class=\"icon-plus\"><\/i>FEATURES<\/span><\/h3>\n<\/div>\n<ul>\n<li>Product manufactured 100 % in natural wood (Reforestable) of smooth surface without any damage either by worms, fungus or dirt, also free of stains; they are used in the medical inspection of the oral cavity.<\/li>\n<li>Wooden article, sterile, aseptic, non-toxic, polished.<\/li>\n<li>Rounded ends.<\/li>\n<li>Caja por 100 unidades.<\/li>\n<li>Device used for oral cavity examination, lowering the back of the tongue, examining the pharynx.<\/li>\n<\/ul>\n<table class=\"footable default footable-loaded\" style=\"width: 69.7166%; height: 216px;\">\n<thead>\n<tr style=\"height: 24px;\">\n<th class=\"footable-first-column footable-sortable\" style=\"height: 24px;\">PRODUCT<\/th>\n<th class=\"footable-sortable\" style=\"height: 24px;\" data-hide=\"phone\">MEASUREMENTS<\/th>\n<th class=\"footable-sortable\" style=\"height: 24px;\" data-hide=\"phone,phone\">PRESENTATION<\/th>\n<th class=\"footable-sortable\" style=\"height: 24px;\" data-hide=\"phone,phone\">MATERIAL<\/th>\n<th class=\"footable-last-column footable-sortable\" style=\"height: 24px;\" data-hide=\"phone,tablet,phone\">COLOR<\/th>\n<\/tr>\n<\/thead>\n<tbody>\n<tr style=\"height: 48px;\">\n<td class=\"footable-first-column\" style=\"height: 48px;\">Bajalengua Adulto Est\u00e9ril \/ No Est\u00e9ril<\/td>\n<td style=\"height: 48px;\">150mm x 17mm x 1,6mm<\/td>\n<td style=\"height: 48px;\">caja x 100 und<\/td>\n<td style=\"height: 48px;\">Wood<\/td>\n<td class=\"footable-last-column\" style=\"height: 48px;\">Natural<\/td>\n<\/tr>\n<tr style=\"height: 48px;\">\n<td class=\"footable-first-column\" style=\"height: 48px;\">Bajalengua Adulto No Est\u00e9ril<\/td>\n<td style=\"height: 48px;\">150mm x 17mm x 1,6mm<\/td>\n<td style=\"height: 48px;\">caja x 500 und<\/td>\n<td style=\"height: 48px;\">Wood<\/td>\n<td class=\"footable-last-column\" style=\"height: 48px;\">Natural<\/td>\n<\/tr>\n<tr style=\"height: 48px;\">\n<td class=\"footable-first-column\" style=\"height: 48px;\">Bajalengua Pedi\u00e1trico Est\u00e9ril \/ No Est\u00e9ril<\/td>\n<td style=\"height: 48px;\">140mm x 15mm x 1,5mm<\/td>\n<td style=\"height: 48px;\">caja x 100 und<\/td>\n<td style=\"height: 48px;\">Wood<\/td>\n<td class=\"footable-last-column\" style=\"height: 48px;\">Natural<\/td>\n<\/tr>\n<tr style=\"height: 48px;\">\n<td class=\"footable-first-column\" style=\"height: 48px;\">Bajalengua Pedi\u00e1trico No Est\u00e9ril<\/td>\n<td style=\"height: 48px;\">140mm x 15mm x 1,5mm<\/td>\n<td style=\"height: 48px;\">caja x 500 und<\/td>\n<td style=\"height: 48px;\">Wood<\/td>\n<td class=\"footable-last-column\" style=\"height: 48px;\">Natural<\/td>\n<\/tr>\n<\/tbody>\n<\/table>\n<p>FICHA BAJALENGUA EST\u00c9RIL<\/p>\n<p>&nbsp;<\/p>\n<p>&nbsp;<\/p>","protected":false},"featured_media":13118,"comment_status":"open","ping_status":"closed","template":"","meta":{"_acf_changed":false,"inline_featured_image":false},"pwb-brand":[241],"product_brand":[],"product_cat":[227],"product_tag":[],"class_list":{"0":"post-13117","1":"product","2":"type-product","3":"status-publish","4":"has-post-thumbnail","6":"pwb-brand-quimedic-plus","7":"product_cat-bajalenguas-y-aplicadores-de-madera","9":"first","10":"contactar","11":"shipping-taxable","12":"purchasable","13":"product-type-simple"},"acf":[],"yoast_head":"<!-- This site is optimized with the Yoast SEO plugin v27.3 - https:\/\/yoast.com\/product\/yoast-seo-wordpress\/ -->\n<title>Bajalengua Pedi\u00e1trico Est\u00e9ril 140 mm x 15 mm x 1,5 mm Caja x 100 unidades - Corporaci\u00f3n castillo SAC<\/title>\n<meta name=\"robots\" content=\"index, follow, max-snippet:-1, max-image-preview:large, max-video-preview:-1\" \/>\n<link rel=\"canonical\" href=\"https:\/\/www.grupocastillo.com.pe\/en\/product\/bajalengua-pediatrico-esteril-140-mm-x-16-mm-x-16-mm-caja-x-100-unidades\/\" \/>\n<meta property=\"og:locale\" content=\"en_US\" \/>\n<meta property=\"og:type\" content=\"article\" \/>\n<meta property=\"og:title\" content=\"Bajalengua Pedi\u00e1trico Est\u00e9ril 140 mm x 15 mm x 1,5 mm Caja x 100 unidades - Corporaci\u00f3n castillo SAC\" \/>\n<meta property=\"og:description\" content=\"Bajalenguas de Madera Quimedic Plus Los bajalenguas\u00a0de maderas son un material m\u00e9dico utilizado para deprimir la lengua y facilitar el diagn\u00f3stico de la cavidad oral en los pacientes.  CARACTER\u00cdSTICAS    Producto manufacturado 100 % en madera natural (Reforestable) de superficie suave sin ning\u00fan tipo de da\u00f1o sea por gusanos, hongos o suciedad, adem\u00e1s libre de manchas; ellos son usados en la inspecci\u00f3n m\u00e9dica de la cavidad oral.  Art\u00edculo de madera, est\u00e9ril, as\u00e9ptico, atoxico, pulido.  Extremos redondeados.  Caja por 100 unidades.  Dispositivo utilizado para examen de cavidad oral, bajar dorso de la lengua, examinar la faringe     PRODUCTO MEDIDAS PRESENTACI\u00d3N MATERIAL COLOR     Bajalengua Adulto Est\u00e9ril \/ No Est\u00e9ril 150mm x 17mm x 1,6mm caja x 100 und Madera Natural   Bajalengua Adulto No Est\u00e9ril 150mm x 17mm x 1,6mm caja x 500 und Madera Natural   Bajalengua Pedi\u00e1trico Est\u00e9ril \/ No Est\u00e9ril 140mm x 15mm x 1,5mm caja x 100 und Madera Natural   Bajalengua Pedi\u00e1trico No Est\u00e9ril 140mm x 15mm x 1,5mm caja x 500 und Madera Natural    FICHA BAJALENGUA EST\u00c9RIL  &nbsp;  &nbsp;\" \/>\n<meta property=\"og:url\" content=\"https:\/\/www.grupocastillo.com.pe\/en\/product\/bajalengua-pediatrico-esteril-140-mm-x-16-mm-x-16-mm-caja-x-100-unidades\/\" \/>\n<meta property=\"og:site_name\" content=\"Corporaci\u00f3n castillo SAC\" \/>\n<meta property=\"article:modified_time\" content=\"2026-03-20T21:07:59+00:00\" \/>\n<meta property=\"og:image\" content=\"https:\/\/www.grupocastillo.com.pe\/wp-content\/uploads\/2021\/12\/bajalengua-esteril-pediatrico.jpg\" \/>\n\t<meta property=\"og:image:width\" content=\"920\" \/>\n\t<meta property=\"og:image:height\" content=\"636\" \/>\n\t<meta property=\"og:image:type\" content=\"image\/jpeg\" \/>\n<meta name=\"twitter:card\" content=\"summary_large_image\" \/>\n<meta name=\"twitter:label1\" content=\"Est. reading time\" \/>\n\t<meta name=\"twitter:data1\" content=\"1 minute\" \/>\n<script type=\"application\/ld+json\" class=\"yoast-schema-graph\">{\"@context\":\"https:\\\/\\\/schema.org\",\"@graph\":[{\"@type\":\"WebPage\",\"@id\":\"https:\\\/\\\/www.grupocastillo.com.pe\\\/product\\\/bajalengua-pediatrico-esteril-140-mm-x-16-mm-x-16-mm-caja-x-100-unidades\\\/\",\"url\":\"https:\\\/\\\/www.grupocastillo.com.pe\\\/product\\\/bajalengua-pediatrico-esteril-140-mm-x-16-mm-x-16-mm-caja-x-100-unidades\\\/\",\"name\":\"Bajalengua Pedi\u00e1trico Est\u00e9ril 140 mm x 15 mm x 1,5 mm Caja x 100 unidades - Corporaci\u00f3n castillo SAC\",\"isPartOf\":{\"@id\":\"https:\\\/\\\/www.grupocastillo.com.pe\\\/#website\"},\"primaryImageOfPage\":{\"@id\":\"https:\\\/\\\/www.grupocastillo.com.pe\\\/product\\\/bajalengua-pediatrico-esteril-140-mm-x-16-mm-x-16-mm-caja-x-100-unidades\\\/#primaryimage\"},\"image\":{\"@id\":\"https:\\\/\\\/www.grupocastillo.com.pe\\\/product\\\/bajalengua-pediatrico-esteril-140-mm-x-16-mm-x-16-mm-caja-x-100-unidades\\\/#primaryimage\"},\"thumbnailUrl\":\"https:\\\/\\\/www.grupocastillo.com.pe\\\/wp-content\\\/uploads\\\/2021\\\/12\\\/bajalengua-esteril-pediatrico.jpg\",\"datePublished\":\"2021-12-05T00:42:33+00:00\",\"dateModified\":\"2026-03-20T21:07:59+00:00\",\"breadcrumb\":{\"@id\":\"https:\\\/\\\/www.grupocastillo.com.pe\\\/product\\\/bajalengua-pediatrico-esteril-140-mm-x-16-mm-x-16-mm-caja-x-100-unidades\\\/#breadcrumb\"},\"inLanguage\":\"en-US\",\"potentialAction\":[{\"@type\":\"ReadAction\",\"target\":[\"https:\\\/\\\/www.grupocastillo.com.pe\\\/product\\\/bajalengua-pediatrico-esteril-140-mm-x-16-mm-x-16-mm-caja-x-100-unidades\\\/\"]}]},{\"@type\":\"ImageObject\",\"inLanguage\":\"en-US\",\"@id\":\"https:\\\/\\\/www.grupocastillo.com.pe\\\/product\\\/bajalengua-pediatrico-esteril-140-mm-x-16-mm-x-16-mm-caja-x-100-unidades\\\/#primaryimage\",\"url\":\"https:\\\/\\\/www.grupocastillo.com.pe\\\/wp-content\\\/uploads\\\/2021\\\/12\\\/bajalengua-esteril-pediatrico.jpg\",\"contentUrl\":\"https:\\\/\\\/www.grupocastillo.com.pe\\\/wp-content\\\/uploads\\\/2021\\\/12\\\/bajalengua-esteril-pediatrico.jpg\",\"width\":920,\"height\":636},{\"@type\":\"BreadcrumbList\",\"@id\":\"https:\\\/\\\/www.grupocastillo.com.pe\\\/product\\\/bajalengua-pediatrico-esteril-140-mm-x-16-mm-x-16-mm-caja-x-100-unidades\\\/#breadcrumb\",\"itemListElement\":[{\"@type\":\"ListItem\",\"position\":1,\"name\":\"Portada\",\"item\":\"https:\\\/\\\/www.grupocastillo.com.pe\\\/\"},{\"@type\":\"ListItem\",\"position\":2,\"name\":\"Tienda\",\"item\":\"https:\\\/\\\/www.grupocastillo.com.pe\\\/tienda\\\/\"},{\"@type\":\"ListItem\",\"position\":3,\"name\":\"Bajalengua Pedi\u00e1trico Est\u00e9ril 140 mm x 15 mm x 1,5 mm Caja x 100 unidades\"}]},{\"@type\":\"WebSite\",\"@id\":\"https:\\\/\\\/www.grupocastillo.com.pe\\\/#website\",\"url\":\"https:\\\/\\\/www.grupocastillo.com.pe\\\/\",\"name\":\"Corporaci\u00f3n castillo SAC\",\"description\":\"\",\"potentialAction\":[{\"@type\":\"SearchAction\",\"target\":{\"@type\":\"EntryPoint\",\"urlTemplate\":\"https:\\\/\\\/www.grupocastillo.com.pe\\\/?s={search_term_string}\"},\"query-input\":{\"@type\":\"PropertyValueSpecification\",\"valueRequired\":true,\"valueName\":\"search_term_string\"}}],\"inLanguage\":\"en-US\"}]}<\/script>\n<!-- \/ Yoast SEO plugin. -->","yoast_head_json":{"title":"Bajalengua Pedi\u00e1trico Est\u00e9ril 140 mm x 15 mm x 1,5 mm Caja x 100 unidades - Corporaci\u00f3n castillo SAC","robots":{"index":"index","follow":"follow","max-snippet":"max-snippet:-1","max-image-preview":"max-image-preview:large","max-video-preview":"max-video-preview:-1"},"canonical":"https:\/\/www.grupocastillo.com.pe\/en\/product\/bajalengua-pediatrico-esteril-140-mm-x-16-mm-x-16-mm-caja-x-100-unidades\/","og_locale":"en_US","og_type":"article","og_title":"Bajalengua Pedi\u00e1trico Est\u00e9ril 140 mm x 15 mm x 1,5 mm Caja x 100 unidades - Corporaci\u00f3n castillo SAC","og_description":"Bajalenguas de Madera Quimedic Plus Los bajalenguas\u00a0de maderas son un material m\u00e9dico utilizado para deprimir la lengua y facilitar el diagn\u00f3stico de la cavidad oral en los pacientes.  CARACTER\u00cdSTICAS    Producto manufacturado 100 % en madera natural (Reforestable) de superficie suave sin ning\u00fan tipo de da\u00f1o sea por gusanos, hongos o suciedad, adem\u00e1s libre de manchas; ellos son usados en la inspecci\u00f3n m\u00e9dica de la cavidad oral.  Art\u00edculo de madera, est\u00e9ril, as\u00e9ptico, atoxico, pulido.  Extremos redondeados.  Caja por 100 unidades.  Dispositivo utilizado para examen de cavidad oral, bajar dorso de la lengua, examinar la faringe     PRODUCTO MEDIDAS PRESENTACI\u00d3N MATERIAL COLOR     Bajalengua Adulto Est\u00e9ril \/ No Est\u00e9ril 150mm x 17mm x 1,6mm caja x 100 und Madera Natural   Bajalengua Adulto No Est\u00e9ril 150mm x 17mm x 1,6mm caja x 500 und Madera Natural   Bajalengua Pedi\u00e1trico Est\u00e9ril \/ No Est\u00e9ril 140mm x 15mm x 1,5mm caja x 100 und Madera Natural   Bajalengua Pedi\u00e1trico No Est\u00e9ril 140mm x 15mm x 1,5mm caja x 500 und Madera Natural    FICHA BAJALENGUA EST\u00c9RIL  &nbsp;  &nbsp;","og_url":"https:\/\/www.grupocastillo.com.pe\/en\/product\/bajalengua-pediatrico-esteril-140-mm-x-16-mm-x-16-mm-caja-x-100-unidades\/","og_site_name":"Corporaci\u00f3n castillo SAC","article_modified_time":"2026-03-20T21:07:59+00:00","og_image":[{"width":920,"height":636,"url":"https:\/\/www.grupocastillo.com.pe\/wp-content\/uploads\/2021\/12\/bajalengua-esteril-pediatrico.jpg","type":"image\/jpeg"}],"twitter_card":"summary_large_image","twitter_misc":{"Est. reading time":"1 minute"},"schema":{"@context":"https:\/\/schema.org","@graph":[{"@type":"WebPage","@id":"https:\/\/www.grupocastillo.com.pe\/product\/bajalengua-pediatrico-esteril-140-mm-x-16-mm-x-16-mm-caja-x-100-unidades\/","url":"https:\/\/www.grupocastillo.com.pe\/product\/bajalengua-pediatrico-esteril-140-mm-x-16-mm-x-16-mm-caja-x-100-unidades\/","name":"Bajalengua Pedi\u00e1trico Est\u00e9ril 140 mm x 15 mm x 1,5 mm Caja x 100 unidades - Corporaci\u00f3n castillo SAC","isPartOf":{"@id":"https:\/\/www.grupocastillo.com.pe\/#website"},"primaryImageOfPage":{"@id":"https:\/\/www.grupocastillo.com.pe\/product\/bajalengua-pediatrico-esteril-140-mm-x-16-mm-x-16-mm-caja-x-100-unidades\/#primaryimage"},"image":{"@id":"https:\/\/www.grupocastillo.com.pe\/product\/bajalengua-pediatrico-esteril-140-mm-x-16-mm-x-16-mm-caja-x-100-unidades\/#primaryimage"},"thumbnailUrl":"https:\/\/www.grupocastillo.com.pe\/wp-content\/uploads\/2021\/12\/bajalengua-esteril-pediatrico.jpg","datePublished":"2021-12-05T00:42:33+00:00","dateModified":"2026-03-20T21:07:59+00:00","breadcrumb":{"@id":"https:\/\/www.grupocastillo.com.pe\/product\/bajalengua-pediatrico-esteril-140-mm-x-16-mm-x-16-mm-caja-x-100-unidades\/#breadcrumb"},"inLanguage":"en-US","potentialAction":[{"@type":"ReadAction","target":["https:\/\/www.grupocastillo.com.pe\/product\/bajalengua-pediatrico-esteril-140-mm-x-16-mm-x-16-mm-caja-x-100-unidades\/"]}]},{"@type":"ImageObject","inLanguage":"en-US","@id":"https:\/\/www.grupocastillo.com.pe\/product\/bajalengua-pediatrico-esteril-140-mm-x-16-mm-x-16-mm-caja-x-100-unidades\/#primaryimage","url":"https:\/\/www.grupocastillo.com.pe\/wp-content\/uploads\/2021\/12\/bajalengua-esteril-pediatrico.jpg","contentUrl":"https:\/\/www.grupocastillo.com.pe\/wp-content\/uploads\/2021\/12\/bajalengua-esteril-pediatrico.jpg","width":920,"height":636},{"@type":"BreadcrumbList","@id":"https:\/\/www.grupocastillo.com.pe\/product\/bajalengua-pediatrico-esteril-140-mm-x-16-mm-x-16-mm-caja-x-100-unidades\/#breadcrumb","itemListElement":[{"@type":"ListItem","position":1,"name":"Portada","item":"https:\/\/www.grupocastillo.com.pe\/"},{"@type":"ListItem","position":2,"name":"Tienda","item":"https:\/\/www.grupocastillo.com.pe\/tienda\/"},{"@type":"ListItem","position":3,"name":"Bajalengua Pedi\u00e1trico Est\u00e9ril 140 mm x 15 mm x 1,5 mm Caja x 100 unidades"}]},{"@type":"WebSite","@id":"https:\/\/www.grupocastillo.com.pe\/#website","url":"https:\/\/www.grupocastillo.com.pe\/","name":"Corporaci\u00f3n castillo SAC","description":"","potentialAction":[{"@type":"SearchAction","target":{"@type":"EntryPoint","urlTemplate":"https:\/\/www.grupocastillo.com.pe\/?s={search_term_string}"},"query-input":{"@type":"PropertyValueSpecification","valueRequired":true,"valueName":"search_term_string"}}],"inLanguage":"en-US"}]}},"jetpack_sharing_enabled":true,"brands":[{"id":241,"name":"Quimedic PLus","slug":"quimedic-plus"}],"_links":{"self":[{"href":"https:\/\/www.grupocastillo.com.pe\/en\/wp-json\/wp\/v2\/product\/13117","targetHints":{"allow":["GET"]}}],"collection":[{"href":"https:\/\/www.grupocastillo.com.pe\/en\/wp-json\/wp\/v2\/product"}],"about":[{"href":"https:\/\/www.grupocastillo.com.pe\/en\/wp-json\/wp\/v2\/types\/product"}],"replies":[{"embeddable":true,"href":"https:\/\/www.grupocastillo.com.pe\/en\/wp-json\/wp\/v2\/comments?post=13117"}],"version-history":[{"count":7,"href":"https:\/\/www.grupocastillo.com.pe\/en\/wp-json\/wp\/v2\/product\/13117\/revisions"}],"predecessor-version":[{"id":15279,"href":"https:\/\/www.grupocastillo.com.pe\/en\/wp-json\/wp\/v2\/product\/13117\/revisions\/15279"}],"wp:featuredmedia":[{"embeddable":true,"href":"https:\/\/www.grupocastillo.com.pe\/en\/wp-json\/wp\/v2\/media\/13118"}],"wp:attachment":[{"href":"https:\/\/www.grupocastillo.com.pe\/en\/wp-json\/wp\/v2\/media?parent=13117"}],"wp:term":[{"taxonomy":"pwb-brand","embeddable":true,"href":"https:\/\/www.grupocastillo.com.pe\/en\/wp-json\/wp\/v2\/pwb-brand?post=13117"},{"taxonomy":"product_brand","embeddable":true,"href":"https:\/\/www.grupocastillo.com.pe\/en\/wp-json\/wp\/v2\/product_brand?post=13117"},{"taxonomy":"product_cat","embeddable":true,"href":"https:\/\/www.grupocastillo.com.pe\/en\/wp-json\/wp\/v2\/product_cat?post=13117"},{"taxonomy":"product_tag","embeddable":true,"href":"https:\/\/www.grupocastillo.com.pe\/en\/wp-json\/wp\/v2\/product_tag?post=13117"}],"curies":[{"name":"wp","href":"https:\/\/api.w.org\/{rel}","templated":true}]}}