{"id":13108,"date":"2021-12-05T00:33:18","date_gmt":"2021-12-05T00:33:18","guid":{"rendered":"https:\/\/kyriosdemos4.xyz\/?post_type=product&#038;p=13108"},"modified":"2026-03-20T21:19:11","modified_gmt":"2026-03-20T21:19:11","slug":"cubre-calzado-antideslizante-de-30-y-40-gr","status":"publish","type":"product","link":"https:\/\/www.grupocastillo.com.pe\/en\/product\/cubre-calzado-antideslizante-de-30-y-40-gr\/","title":{"rendered":"Anti-slip shoe covers 30 and 40 gr."},"content":{"rendered":"","protected":false},"excerpt":{"rendered":"<h1>Cortex Shoe Covers<\/h1>\n<p>Disposable shoe cover, made of non-woven polypropylene fabric, with high resistance to friction, tearing and \/ or rupture, with elastic for secure fit, liquid repellency, does not allow dust to pass, does not fray or peel.<\/p>\n<div class=\"container section-title-container\">\n<h3 class=\"section-title section-title-normal\"><span class=\"section-title-main\"><i class=\"icon-plus\"><\/i>FEATURES<\/span><\/h3>\n<\/div>\n<div id=\"row-228539524\" class=\"row align-center\">\n<div id=\"col-1695702361\" class=\"col small-12 large-12\">\n<div class=\"col-inner text-center\">\n<table class=\"footable default footable-loaded\">\n<thead>\n<tr>\n<th class=\"footable-first-column footable-sortable\">FEATURE<\/th>\n<th class=\"footable-last-column footable-sortable\" data-hide=\"phone\">MEASUREMENT AND\/OR DESCRIPTION<\/th>\n<\/tr>\n<\/thead>\n<tbody>\n<tr>\n<td class=\"footable-first-column\">Material<\/td>\n<td class=\"footable-last-column\">Polyethylene nonwoven fabric (SMS).<\/td>\n<\/tr>\n<tr>\n<td class=\"footable-first-column\">Color<\/td>\n<td class=\"footable-last-column\">Celeste<\/td>\n<\/tr>\n<tr>\n<td class=\"footable-first-column\">Size<\/td>\n<td class=\"footable-last-column\">Standard<\/td>\n<\/tr>\n<tr>\n<td class=\"footable-first-column\">Type<\/td>\n<td class=\"footable-last-column\">Antideslizante y Sin Antideslizante<\/td>\n<\/tr>\n<tr>\n<td class=\"footable-first-column\">Brand<\/td>\n<td class=\"footable-last-column\">CORTEX<\/td>\n<\/tr>\n<tr>\n<td class=\"footable-first-column\">Grammage<\/td>\n<td class=\"footable-last-column\">30 g\/m2 \/ 40 g\/m2<\/td>\n<\/tr>\n<tr>\n<td class=\"footable-first-column\">Presentation<\/td>\n<td class=\"footable-last-column\">Bag x 50 pairs<\/td>\n<\/tr>\n<\/tbody>\n<\/table>\n<p>DOWNLOAD DATA SHEET<\/p>\n<\/div>\n<\/div>\n<\/div>","protected":false},"featured_media":13109,"comment_status":"open","ping_status":"closed","template":"","meta":{"_acf_changed":false,"inline_featured_image":false},"pwb-brand":[],"product_brand":[],"product_cat":[226,214],"product_tag":[],"class_list":{"0":"post-13108","1":"product","2":"type-product","3":"status-publish","4":"has-post-thumbnail","6":"product_cat-cubre-calzados-cortex","7":"product_cat-linea-de-bioseguridad","9":"first","10":"contactar","11":"shipping-taxable","12":"purchasable","13":"product-type-simple"},"acf":[],"yoast_head":"<!-- This site is optimized with the Yoast SEO plugin v27.3 - https:\/\/yoast.com\/product\/yoast-seo-wordpress\/ -->\n<title>Cubre Calzado ANTIDESLIZANTE DE 30 y 40 gr. - Corporaci\u00f3n castillo SAC<\/title>\n<meta name=\"robots\" content=\"index, follow, max-snippet:-1, max-image-preview:large, max-video-preview:-1\" \/>\n<link rel=\"canonical\" href=\"https:\/\/www.grupocastillo.com.pe\/en\/product\/cubre-calzado-antideslizante-de-30-y-40-gr\/\" \/>\n<meta property=\"og:locale\" content=\"en_US\" \/>\n<meta property=\"og:type\" content=\"article\" \/>\n<meta property=\"og:title\" content=\"Cubre Calzado ANTIDESLIZANTE DE 30 y 40 gr. - Corporaci\u00f3n castillo SAC\" \/>\n<meta property=\"og:description\" content=\"Cubre Calzado Cortex Cubre calzado descartable, elaborado con tela no tejida de Polipropileno, cuenta con alta resistencia a la fricci\u00f3n, desgarro y\/o ruptura, con el\u00e1stico para ajuste seguro, repelencia a l\u00edquidos, no permite el paso del polvo, no se deshilacha o despeluza  CARACTER\u00cdSTICAS        CARACTER\u00cdSTICA MEDIDA Y\/O DESCRIPCI\u00d3N     Material Tela no tejida de polietileno (SMS).   Color Celeste   Talla Est\u00e1ndar   Tipo Antideslizante y Sin Antideslizante   Marca CORTEX   Gramaje 30 g\/m2 \/ 40 g\/m2   Presentaci\u00f3n Bolsa x 50 pares    DESCARGAR FICHA T\u00c9CNICA\" \/>\n<meta property=\"og:url\" content=\"https:\/\/www.grupocastillo.com.pe\/en\/product\/cubre-calzado-antideslizante-de-30-y-40-gr\/\" \/>\n<meta property=\"og:site_name\" content=\"Corporaci\u00f3n castillo SAC\" \/>\n<meta property=\"article:modified_time\" content=\"2026-03-20T21:19:11+00:00\" \/>\n<meta property=\"og:image\" content=\"https:\/\/www.grupocastillo.com.pe\/wp-content\/uploads\/2021\/12\/cubrecalzado-1.jpg\" \/>\n\t<meta property=\"og:image:width\" content=\"920\" \/>\n\t<meta property=\"og:image:height\" content=\"636\" \/>\n\t<meta property=\"og:image:type\" content=\"image\/jpeg\" \/>\n<meta name=\"twitter:card\" content=\"summary_large_image\" \/>\n<meta name=\"twitter:label1\" content=\"Est. reading time\" \/>\n\t<meta name=\"twitter:data1\" content=\"1 minute\" \/>\n<script type=\"application\/ld+json\" class=\"yoast-schema-graph\">{\"@context\":\"https:\\\/\\\/schema.org\",\"@graph\":[{\"@type\":\"WebPage\",\"@id\":\"https:\\\/\\\/www.grupocastillo.com.pe\\\/product\\\/cubre-calzado-antideslizante-de-30-y-40-gr\\\/\",\"url\":\"https:\\\/\\\/www.grupocastillo.com.pe\\\/product\\\/cubre-calzado-antideslizante-de-30-y-40-gr\\\/\",\"name\":\"Cubre Calzado ANTIDESLIZANTE DE 30 y 40 gr. - Corporaci\u00f3n castillo SAC\",\"isPartOf\":{\"@id\":\"https:\\\/\\\/www.grupocastillo.com.pe\\\/#website\"},\"primaryImageOfPage\":{\"@id\":\"https:\\\/\\\/www.grupocastillo.com.pe\\\/product\\\/cubre-calzado-antideslizante-de-30-y-40-gr\\\/#primaryimage\"},\"image\":{\"@id\":\"https:\\\/\\\/www.grupocastillo.com.pe\\\/product\\\/cubre-calzado-antideslizante-de-30-y-40-gr\\\/#primaryimage\"},\"thumbnailUrl\":\"https:\\\/\\\/www.grupocastillo.com.pe\\\/wp-content\\\/uploads\\\/2021\\\/12\\\/cubrecalzado-1.jpg\",\"datePublished\":\"2021-12-05T00:33:18+00:00\",\"dateModified\":\"2026-03-20T21:19:11+00:00\",\"breadcrumb\":{\"@id\":\"https:\\\/\\\/www.grupocastillo.com.pe\\\/product\\\/cubre-calzado-antideslizante-de-30-y-40-gr\\\/#breadcrumb\"},\"inLanguage\":\"en-US\",\"potentialAction\":[{\"@type\":\"ReadAction\",\"target\":[\"https:\\\/\\\/www.grupocastillo.com.pe\\\/product\\\/cubre-calzado-antideslizante-de-30-y-40-gr\\\/\"]}]},{\"@type\":\"ImageObject\",\"inLanguage\":\"en-US\",\"@id\":\"https:\\\/\\\/www.grupocastillo.com.pe\\\/product\\\/cubre-calzado-antideslizante-de-30-y-40-gr\\\/#primaryimage\",\"url\":\"https:\\\/\\\/www.grupocastillo.com.pe\\\/wp-content\\\/uploads\\\/2021\\\/12\\\/cubrecalzado-1.jpg\",\"contentUrl\":\"https:\\\/\\\/www.grupocastillo.com.pe\\\/wp-content\\\/uploads\\\/2021\\\/12\\\/cubrecalzado-1.jpg\",\"width\":920,\"height\":636},{\"@type\":\"BreadcrumbList\",\"@id\":\"https:\\\/\\\/www.grupocastillo.com.pe\\\/product\\\/cubre-calzado-antideslizante-de-30-y-40-gr\\\/#breadcrumb\",\"itemListElement\":[{\"@type\":\"ListItem\",\"position\":1,\"name\":\"Portada\",\"item\":\"https:\\\/\\\/www.grupocastillo.com.pe\\\/\"},{\"@type\":\"ListItem\",\"position\":2,\"name\":\"Tienda\",\"item\":\"https:\\\/\\\/www.grupocastillo.com.pe\\\/tienda\\\/\"},{\"@type\":\"ListItem\",\"position\":3,\"name\":\"Cubre Calzado ANTIDESLIZANTE DE 30 y 40 gr.\"}]},{\"@type\":\"WebSite\",\"@id\":\"https:\\\/\\\/www.grupocastillo.com.pe\\\/#website\",\"url\":\"https:\\\/\\\/www.grupocastillo.com.pe\\\/\",\"name\":\"Corporaci\u00f3n castillo SAC\",\"description\":\"\",\"potentialAction\":[{\"@type\":\"SearchAction\",\"target\":{\"@type\":\"EntryPoint\",\"urlTemplate\":\"https:\\\/\\\/www.grupocastillo.com.pe\\\/?s={search_term_string}\"},\"query-input\":{\"@type\":\"PropertyValueSpecification\",\"valueRequired\":true,\"valueName\":\"search_term_string\"}}],\"inLanguage\":\"en-US\"}]}<\/script>\n<!-- \/ Yoast SEO plugin. -->","yoast_head_json":{"title":"Cubre Calzado ANTIDESLIZANTE DE 30 y 40 gr. - Corporaci\u00f3n castillo SAC","robots":{"index":"index","follow":"follow","max-snippet":"max-snippet:-1","max-image-preview":"max-image-preview:large","max-video-preview":"max-video-preview:-1"},"canonical":"https:\/\/www.grupocastillo.com.pe\/en\/product\/cubre-calzado-antideslizante-de-30-y-40-gr\/","og_locale":"en_US","og_type":"article","og_title":"Cubre Calzado ANTIDESLIZANTE DE 30 y 40 gr. - Corporaci\u00f3n castillo SAC","og_description":"Cubre Calzado Cortex Cubre calzado descartable, elaborado con tela no tejida de Polipropileno, cuenta con alta resistencia a la fricci\u00f3n, desgarro y\/o ruptura, con el\u00e1stico para ajuste seguro, repelencia a l\u00edquidos, no permite el paso del polvo, no se deshilacha o despeluza  CARACTER\u00cdSTICAS        CARACTER\u00cdSTICA MEDIDA Y\/O DESCRIPCI\u00d3N     Material Tela no tejida de polietileno (SMS).   Color Celeste   Talla Est\u00e1ndar   Tipo Antideslizante y Sin Antideslizante   Marca CORTEX   Gramaje 30 g\/m2 \/ 40 g\/m2   Presentaci\u00f3n Bolsa x 50 pares    DESCARGAR FICHA T\u00c9CNICA","og_url":"https:\/\/www.grupocastillo.com.pe\/en\/product\/cubre-calzado-antideslizante-de-30-y-40-gr\/","og_site_name":"Corporaci\u00f3n castillo SAC","article_modified_time":"2026-03-20T21:19:11+00:00","og_image":[{"width":920,"height":636,"url":"https:\/\/www.grupocastillo.com.pe\/wp-content\/uploads\/2021\/12\/cubrecalzado-1.jpg","type":"image\/jpeg"}],"twitter_card":"summary_large_image","twitter_misc":{"Est. reading time":"1 minute"},"schema":{"@context":"https:\/\/schema.org","@graph":[{"@type":"WebPage","@id":"https:\/\/www.grupocastillo.com.pe\/product\/cubre-calzado-antideslizante-de-30-y-40-gr\/","url":"https:\/\/www.grupocastillo.com.pe\/product\/cubre-calzado-antideslizante-de-30-y-40-gr\/","name":"Cubre Calzado ANTIDESLIZANTE DE 30 y 40 gr. - Corporaci\u00f3n castillo SAC","isPartOf":{"@id":"https:\/\/www.grupocastillo.com.pe\/#website"},"primaryImageOfPage":{"@id":"https:\/\/www.grupocastillo.com.pe\/product\/cubre-calzado-antideslizante-de-30-y-40-gr\/#primaryimage"},"image":{"@id":"https:\/\/www.grupocastillo.com.pe\/product\/cubre-calzado-antideslizante-de-30-y-40-gr\/#primaryimage"},"thumbnailUrl":"https:\/\/www.grupocastillo.com.pe\/wp-content\/uploads\/2021\/12\/cubrecalzado-1.jpg","datePublished":"2021-12-05T00:33:18+00:00","dateModified":"2026-03-20T21:19:11+00:00","breadcrumb":{"@id":"https:\/\/www.grupocastillo.com.pe\/product\/cubre-calzado-antideslizante-de-30-y-40-gr\/#breadcrumb"},"inLanguage":"en-US","potentialAction":[{"@type":"ReadAction","target":["https:\/\/www.grupocastillo.com.pe\/product\/cubre-calzado-antideslizante-de-30-y-40-gr\/"]}]},{"@type":"ImageObject","inLanguage":"en-US","@id":"https:\/\/www.grupocastillo.com.pe\/product\/cubre-calzado-antideslizante-de-30-y-40-gr\/#primaryimage","url":"https:\/\/www.grupocastillo.com.pe\/wp-content\/uploads\/2021\/12\/cubrecalzado-1.jpg","contentUrl":"https:\/\/www.grupocastillo.com.pe\/wp-content\/uploads\/2021\/12\/cubrecalzado-1.jpg","width":920,"height":636},{"@type":"BreadcrumbList","@id":"https:\/\/www.grupocastillo.com.pe\/product\/cubre-calzado-antideslizante-de-30-y-40-gr\/#breadcrumb","itemListElement":[{"@type":"ListItem","position":1,"name":"Portada","item":"https:\/\/www.grupocastillo.com.pe\/"},{"@type":"ListItem","position":2,"name":"Tienda","item":"https:\/\/www.grupocastillo.com.pe\/tienda\/"},{"@type":"ListItem","position":3,"name":"Cubre Calzado ANTIDESLIZANTE DE 30 y 40 gr."}]},{"@type":"WebSite","@id":"https:\/\/www.grupocastillo.com.pe\/#website","url":"https:\/\/www.grupocastillo.com.pe\/","name":"Corporaci\u00f3n castillo SAC","description":"","potentialAction":[{"@type":"SearchAction","target":{"@type":"EntryPoint","urlTemplate":"https:\/\/www.grupocastillo.com.pe\/?s={search_term_string}"},"query-input":{"@type":"PropertyValueSpecification","valueRequired":true,"valueName":"search_term_string"}}],"inLanguage":"en-US"}]}},"jetpack_sharing_enabled":true,"brands":[],"_links":{"self":[{"href":"https:\/\/www.grupocastillo.com.pe\/en\/wp-json\/wp\/v2\/product\/13108","targetHints":{"allow":["GET"]}}],"collection":[{"href":"https:\/\/www.grupocastillo.com.pe\/en\/wp-json\/wp\/v2\/product"}],"about":[{"href":"https:\/\/www.grupocastillo.com.pe\/en\/wp-json\/wp\/v2\/types\/product"}],"replies":[{"embeddable":true,"href":"https:\/\/www.grupocastillo.com.pe\/en\/wp-json\/wp\/v2\/comments?post=13108"}],"version-history":[{"count":5,"href":"https:\/\/www.grupocastillo.com.pe\/en\/wp-json\/wp\/v2\/product\/13108\/revisions"}],"predecessor-version":[{"id":15287,"href":"https:\/\/www.grupocastillo.com.pe\/en\/wp-json\/wp\/v2\/product\/13108\/revisions\/15287"}],"wp:featuredmedia":[{"embeddable":true,"href":"https:\/\/www.grupocastillo.com.pe\/en\/wp-json\/wp\/v2\/media\/13109"}],"wp:attachment":[{"href":"https:\/\/www.grupocastillo.com.pe\/en\/wp-json\/wp\/v2\/media?parent=13108"}],"wp:term":[{"taxonomy":"pwb-brand","embeddable":true,"href":"https:\/\/www.grupocastillo.com.pe\/en\/wp-json\/wp\/v2\/pwb-brand?post=13108"},{"taxonomy":"product_brand","embeddable":true,"href":"https:\/\/www.grupocastillo.com.pe\/en\/wp-json\/wp\/v2\/product_brand?post=13108"},{"taxonomy":"product_cat","embeddable":true,"href":"https:\/\/www.grupocastillo.com.pe\/en\/wp-json\/wp\/v2\/product_cat?post=13108"},{"taxonomy":"product_tag","embeddable":true,"href":"https:\/\/www.grupocastillo.com.pe\/en\/wp-json\/wp\/v2\/product_tag?post=13108"}],"curies":[{"name":"wp","href":"https:\/\/api.w.org\/{rel}","templated":true}]}}