{"id":13102,"date":"2021-12-05T00:26:38","date_gmt":"2021-12-05T00:26:38","guid":{"rendered":"https:\/\/kyriosdemos4.xyz\/?post_type=product&#038;p=13102"},"modified":"2026-03-20T21:18:40","modified_gmt":"2026-03-20T21:18:40","slug":"gorro-de-enfermera-tipo-gusano-con-elastico-doble","status":"publish","type":"product","link":"https:\/\/www.grupocastillo.com.pe\/en\/product\/gorro-de-enfermera-tipo-gusano-con-elastico-doble\/","title":{"rendered":"Nurse Worm Cap with Double Elastic Band"},"content":{"rendered":"","protected":false},"excerpt":{"rendered":"<h1>Cortex Nurse Caps<\/h1>\n<p>Gorro de enfermera fabricado en tela no tejida de polipropileno, permite una perfecta ventilaci\u00f3n y cumple la funci\u00f3n de retener la ca\u00edda del cabello, siendo resistente al desgarro o ruptura durante su uso.<\/p>\n<div class=\"container section-title-container\">\n<h3 class=\"section-title section-title-normal\"><span class=\"section-title-main\"><i class=\"icon-plus\"><\/i>FEATURES<\/span><\/h3>\n<\/div>\n<div id=\"row-1607954286\" class=\"row align-center\">\n<div id=\"col-405647306\" class=\"col small-12 large-12\">\n<div class=\"col-inner text-center\">\n<table class=\"footable default footable-loaded\">\n<thead>\n<tr>\n<th class=\"footable-first-column footable-sortable\">FEATURE<\/th>\n<th class=\"footable-last-column footable-sortable\" data-hide=\"phone\">MEASUREMENT AND\/OR DESCRIPTION<\/th>\n<\/tr>\n<\/thead>\n<tbody>\n<tr>\n<td class=\"footable-first-column\">Material<\/td>\n<td class=\"footable-last-column\">Tela no tejida de SMS<\/td>\n<\/tr>\n<tr>\n<td class=\"footable-first-column\">Color<\/td>\n<td class=\"footable-last-column\">Blanco y Celeste<\/td>\n<\/tr>\n<tr>\n<td class=\"footable-first-column\">Size<\/td>\n<td class=\"footable-last-column\">Standard<\/td>\n<\/tr>\n<tr>\n<td class=\"footable-first-column\">Brand<\/td>\n<td class=\"footable-last-column\">CORTEX<\/td>\n<\/tr>\n<tr>\n<td class=\"footable-first-column\">Longitud<\/td>\n<td class=\"footable-last-column\">21 cm.<\/td>\n<\/tr>\n<tr>\n<td class=\"footable-first-column\">Grammage<\/td>\n<td class=\"footable-last-column\">10 g\/m2<\/td>\n<\/tr>\n<tr>\n<td class=\"footable-first-column\">Presentation<\/td>\n<td class=\"footable-last-column\">Bolsa x 100 unidades<\/td>\n<\/tr>\n<tr>\n<td class=\"footable-first-column\">Condici\u00f3n Biol\u00f3gica<\/td>\n<td class=\"footable-last-column\">As\u00e9ptica<\/td>\n<\/tr>\n<\/tbody>\n<\/table>\n<p>DOWNLOAD DATA SHEET<\/p>\n<\/div>\n<\/div>\n<\/div>","protected":false},"featured_media":13103,"comment_status":"open","ping_status":"closed","template":"","meta":{"_acf_changed":false,"inline_featured_image":false},"pwb-brand":[],"product_brand":[],"product_cat":[225,214],"product_tag":[],"class_list":{"0":"post-13102","1":"product","2":"type-product","3":"status-publish","4":"has-post-thumbnail","6":"product_cat-gorros-de-enfermera","7":"product_cat-linea-de-bioseguridad","9":"first","10":"contactar","11":"shipping-taxable","12":"purchasable","13":"product-type-simple"},"acf":[],"yoast_head":"<!-- This site is optimized with the Yoast SEO plugin v27.4 - https:\/\/yoast.com\/product\/yoast-seo-wordpress\/ -->\n<title>Gorro de Enfermera Tipo Gusano con El\u00e1stico Doble - Corporaci\u00f3n castillo SAC<\/title>\n<meta name=\"robots\" content=\"index, follow, max-snippet:-1, max-image-preview:large, max-video-preview:-1\" \/>\n<link rel=\"canonical\" href=\"https:\/\/www.grupocastillo.com.pe\/en\/product\/gorro-de-enfermera-tipo-gusano-con-elastico-doble\/\" \/>\n<meta property=\"og:locale\" content=\"en_US\" \/>\n<meta property=\"og:type\" content=\"article\" \/>\n<meta property=\"og:title\" content=\"Gorro de Enfermera Tipo Gusano con El\u00e1stico Doble - Corporaci\u00f3n castillo SAC\" \/>\n<meta property=\"og:description\" content=\"Gorros de Enfermera Cortex Gorro de enfermera fabricado en tela no tejida de polipropileno, permite una perfecta ventilaci\u00f3n y cumple la funci\u00f3n de retener la ca\u00edda del cabello, siendo resistente al desgarro o ruptura durante su uso.  CARACTER\u00cdSTICAS        CARACTER\u00cdSTICA MEDIDA Y\/O DESCRIPCI\u00d3N     Material Tela no tejida de SMS   Color Blanco y Celeste   Talla Est\u00e1ndar   Marca CORTEX   Longitud 21 cm.   Gramaje 10 g\/m2   Presentaci\u00f3n Bolsa x 100 unidades   Condici\u00f3n Biol\u00f3gica As\u00e9ptica    DESCARGAR FICHA T\u00c9CNICA\" \/>\n<meta property=\"og:url\" content=\"https:\/\/www.grupocastillo.com.pe\/en\/product\/gorro-de-enfermera-tipo-gusano-con-elastico-doble\/\" \/>\n<meta property=\"og:site_name\" content=\"Corporaci\u00f3n castillo SAC\" \/>\n<meta property=\"article:modified_time\" content=\"2026-03-20T21:18:40+00:00\" \/>\n<meta property=\"og:image\" content=\"https:\/\/www.grupocastillo.com.pe\/wp-content\/uploads\/2021\/12\/gorros-1.jpg\" \/>\n\t<meta property=\"og:image:width\" content=\"920\" \/>\n\t<meta property=\"og:image:height\" content=\"636\" \/>\n\t<meta property=\"og:image:type\" content=\"image\/jpeg\" \/>\n<meta name=\"twitter:card\" content=\"summary_large_image\" \/>\n<meta name=\"twitter:label1\" content=\"Est. reading time\" \/>\n\t<meta name=\"twitter:data1\" content=\"1 minute\" \/>\n<script type=\"application\/ld+json\" class=\"yoast-schema-graph\">{\"@context\":\"https:\\\/\\\/schema.org\",\"@graph\":[{\"@type\":\"WebPage\",\"@id\":\"https:\\\/\\\/www.grupocastillo.com.pe\\\/product\\\/gorro-de-enfermera-tipo-gusano-con-elastico-doble\\\/\",\"url\":\"https:\\\/\\\/www.grupocastillo.com.pe\\\/product\\\/gorro-de-enfermera-tipo-gusano-con-elastico-doble\\\/\",\"name\":\"Gorro de Enfermera Tipo Gusano con El\u00e1stico Doble - Corporaci\u00f3n castillo SAC\",\"isPartOf\":{\"@id\":\"https:\\\/\\\/www.grupocastillo.com.pe\\\/#website\"},\"primaryImageOfPage\":{\"@id\":\"https:\\\/\\\/www.grupocastillo.com.pe\\\/product\\\/gorro-de-enfermera-tipo-gusano-con-elastico-doble\\\/#primaryimage\"},\"image\":{\"@id\":\"https:\\\/\\\/www.grupocastillo.com.pe\\\/product\\\/gorro-de-enfermera-tipo-gusano-con-elastico-doble\\\/#primaryimage\"},\"thumbnailUrl\":\"https:\\\/\\\/www.grupocastillo.com.pe\\\/wp-content\\\/uploads\\\/2021\\\/12\\\/gorros-1.jpg\",\"datePublished\":\"2021-12-05T00:26:38+00:00\",\"dateModified\":\"2026-03-20T21:18:40+00:00\",\"breadcrumb\":{\"@id\":\"https:\\\/\\\/www.grupocastillo.com.pe\\\/product\\\/gorro-de-enfermera-tipo-gusano-con-elastico-doble\\\/#breadcrumb\"},\"inLanguage\":\"en-US\",\"potentialAction\":[{\"@type\":\"ReadAction\",\"target\":[\"https:\\\/\\\/www.grupocastillo.com.pe\\\/product\\\/gorro-de-enfermera-tipo-gusano-con-elastico-doble\\\/\"]}]},{\"@type\":\"ImageObject\",\"inLanguage\":\"en-US\",\"@id\":\"https:\\\/\\\/www.grupocastillo.com.pe\\\/product\\\/gorro-de-enfermera-tipo-gusano-con-elastico-doble\\\/#primaryimage\",\"url\":\"https:\\\/\\\/www.grupocastillo.com.pe\\\/wp-content\\\/uploads\\\/2021\\\/12\\\/gorros-1.jpg\",\"contentUrl\":\"https:\\\/\\\/www.grupocastillo.com.pe\\\/wp-content\\\/uploads\\\/2021\\\/12\\\/gorros-1.jpg\",\"width\":920,\"height\":636},{\"@type\":\"BreadcrumbList\",\"@id\":\"https:\\\/\\\/www.grupocastillo.com.pe\\\/product\\\/gorro-de-enfermera-tipo-gusano-con-elastico-doble\\\/#breadcrumb\",\"itemListElement\":[{\"@type\":\"ListItem\",\"position\":1,\"name\":\"Portada\",\"item\":\"https:\\\/\\\/www.grupocastillo.com.pe\\\/\"},{\"@type\":\"ListItem\",\"position\":2,\"name\":\"Tienda\",\"item\":\"https:\\\/\\\/www.grupocastillo.com.pe\\\/tienda\\\/\"},{\"@type\":\"ListItem\",\"position\":3,\"name\":\"Gorro de Enfermera Tipo Gusano con El\u00e1stico Doble\"}]},{\"@type\":\"WebSite\",\"@id\":\"https:\\\/\\\/www.grupocastillo.com.pe\\\/#website\",\"url\":\"https:\\\/\\\/www.grupocastillo.com.pe\\\/\",\"name\":\"Corporaci\u00f3n castillo SAC\",\"description\":\"\",\"potentialAction\":[{\"@type\":\"SearchAction\",\"target\":{\"@type\":\"EntryPoint\",\"urlTemplate\":\"https:\\\/\\\/www.grupocastillo.com.pe\\\/?s={search_term_string}\"},\"query-input\":{\"@type\":\"PropertyValueSpecification\",\"valueRequired\":true,\"valueName\":\"search_term_string\"}}],\"inLanguage\":\"en-US\"}]}<\/script>\n<!-- \/ Yoast SEO plugin. -->","yoast_head_json":{"title":"Gorro de Enfermera Tipo Gusano con El\u00e1stico Doble - Corporaci\u00f3n castillo SAC","robots":{"index":"index","follow":"follow","max-snippet":"max-snippet:-1","max-image-preview":"max-image-preview:large","max-video-preview":"max-video-preview:-1"},"canonical":"https:\/\/www.grupocastillo.com.pe\/en\/product\/gorro-de-enfermera-tipo-gusano-con-elastico-doble\/","og_locale":"en_US","og_type":"article","og_title":"Gorro de Enfermera Tipo Gusano con El\u00e1stico Doble - Corporaci\u00f3n castillo SAC","og_description":"Gorros de Enfermera Cortex Gorro de enfermera fabricado en tela no tejida de polipropileno, permite una perfecta ventilaci\u00f3n y cumple la funci\u00f3n de retener la ca\u00edda del cabello, siendo resistente al desgarro o ruptura durante su uso.  CARACTER\u00cdSTICAS        CARACTER\u00cdSTICA MEDIDA Y\/O DESCRIPCI\u00d3N     Material Tela no tejida de SMS   Color Blanco y Celeste   Talla Est\u00e1ndar   Marca CORTEX   Longitud 21 cm.   Gramaje 10 g\/m2   Presentaci\u00f3n Bolsa x 100 unidades   Condici\u00f3n Biol\u00f3gica As\u00e9ptica    DESCARGAR FICHA T\u00c9CNICA","og_url":"https:\/\/www.grupocastillo.com.pe\/en\/product\/gorro-de-enfermera-tipo-gusano-con-elastico-doble\/","og_site_name":"Corporaci\u00f3n castillo SAC","article_modified_time":"2026-03-20T21:18:40+00:00","og_image":[{"width":920,"height":636,"url":"https:\/\/www.grupocastillo.com.pe\/wp-content\/uploads\/2021\/12\/gorros-1.jpg","type":"image\/jpeg"}],"twitter_card":"summary_large_image","twitter_misc":{"Est. reading time":"1 minute"},"schema":{"@context":"https:\/\/schema.org","@graph":[{"@type":"WebPage","@id":"https:\/\/www.grupocastillo.com.pe\/product\/gorro-de-enfermera-tipo-gusano-con-elastico-doble\/","url":"https:\/\/www.grupocastillo.com.pe\/product\/gorro-de-enfermera-tipo-gusano-con-elastico-doble\/","name":"Gorro de Enfermera Tipo Gusano con El\u00e1stico Doble - Corporaci\u00f3n castillo SAC","isPartOf":{"@id":"https:\/\/www.grupocastillo.com.pe\/#website"},"primaryImageOfPage":{"@id":"https:\/\/www.grupocastillo.com.pe\/product\/gorro-de-enfermera-tipo-gusano-con-elastico-doble\/#primaryimage"},"image":{"@id":"https:\/\/www.grupocastillo.com.pe\/product\/gorro-de-enfermera-tipo-gusano-con-elastico-doble\/#primaryimage"},"thumbnailUrl":"https:\/\/www.grupocastillo.com.pe\/wp-content\/uploads\/2021\/12\/gorros-1.jpg","datePublished":"2021-12-05T00:26:38+00:00","dateModified":"2026-03-20T21:18:40+00:00","breadcrumb":{"@id":"https:\/\/www.grupocastillo.com.pe\/product\/gorro-de-enfermera-tipo-gusano-con-elastico-doble\/#breadcrumb"},"inLanguage":"en-US","potentialAction":[{"@type":"ReadAction","target":["https:\/\/www.grupocastillo.com.pe\/product\/gorro-de-enfermera-tipo-gusano-con-elastico-doble\/"]}]},{"@type":"ImageObject","inLanguage":"en-US","@id":"https:\/\/www.grupocastillo.com.pe\/product\/gorro-de-enfermera-tipo-gusano-con-elastico-doble\/#primaryimage","url":"https:\/\/www.grupocastillo.com.pe\/wp-content\/uploads\/2021\/12\/gorros-1.jpg","contentUrl":"https:\/\/www.grupocastillo.com.pe\/wp-content\/uploads\/2021\/12\/gorros-1.jpg","width":920,"height":636},{"@type":"BreadcrumbList","@id":"https:\/\/www.grupocastillo.com.pe\/product\/gorro-de-enfermera-tipo-gusano-con-elastico-doble\/#breadcrumb","itemListElement":[{"@type":"ListItem","position":1,"name":"Portada","item":"https:\/\/www.grupocastillo.com.pe\/"},{"@type":"ListItem","position":2,"name":"Tienda","item":"https:\/\/www.grupocastillo.com.pe\/tienda\/"},{"@type":"ListItem","position":3,"name":"Gorro de Enfermera Tipo Gusano con El\u00e1stico Doble"}]},{"@type":"WebSite","@id":"https:\/\/www.grupocastillo.com.pe\/#website","url":"https:\/\/www.grupocastillo.com.pe\/","name":"Corporaci\u00f3n castillo SAC","description":"","potentialAction":[{"@type":"SearchAction","target":{"@type":"EntryPoint","urlTemplate":"https:\/\/www.grupocastillo.com.pe\/?s={search_term_string}"},"query-input":{"@type":"PropertyValueSpecification","valueRequired":true,"valueName":"search_term_string"}}],"inLanguage":"en-US"}]}},"jetpack_sharing_enabled":true,"brands":[],"_links":{"self":[{"href":"https:\/\/www.grupocastillo.com.pe\/en\/wp-json\/wp\/v2\/product\/13102","targetHints":{"allow":["GET"]}}],"collection":[{"href":"https:\/\/www.grupocastillo.com.pe\/en\/wp-json\/wp\/v2\/product"}],"about":[{"href":"https:\/\/www.grupocastillo.com.pe\/en\/wp-json\/wp\/v2\/types\/product"}],"replies":[{"embeddable":true,"href":"https:\/\/www.grupocastillo.com.pe\/en\/wp-json\/wp\/v2\/comments?post=13102"}],"version-history":[{"count":5,"href":"https:\/\/www.grupocastillo.com.pe\/en\/wp-json\/wp\/v2\/product\/13102\/revisions"}],"predecessor-version":[{"id":15285,"href":"https:\/\/www.grupocastillo.com.pe\/en\/wp-json\/wp\/v2\/product\/13102\/revisions\/15285"}],"wp:featuredmedia":[{"embeddable":true,"href":"https:\/\/www.grupocastillo.com.pe\/en\/wp-json\/wp\/v2\/media\/13103"}],"wp:attachment":[{"href":"https:\/\/www.grupocastillo.com.pe\/en\/wp-json\/wp\/v2\/media?parent=13102"}],"wp:term":[{"taxonomy":"pwb-brand","embeddable":true,"href":"https:\/\/www.grupocastillo.com.pe\/en\/wp-json\/wp\/v2\/pwb-brand?post=13102"},{"taxonomy":"product_brand","embeddable":true,"href":"https:\/\/www.grupocastillo.com.pe\/en\/wp-json\/wp\/v2\/product_brand?post=13102"},{"taxonomy":"product_cat","embeddable":true,"href":"https:\/\/www.grupocastillo.com.pe\/en\/wp-json\/wp\/v2\/product_cat?post=13102"},{"taxonomy":"product_tag","embeddable":true,"href":"https:\/\/www.grupocastillo.com.pe\/en\/wp-json\/wp\/v2\/product_tag?post=13102"}],"curies":[{"name":"wp","href":"https:\/\/api.w.org\/{rel}","templated":true}]}}