{"id":13082,"date":"2021-12-04T01:21:06","date_gmt":"2021-12-04T01:21:06","guid":{"rendered":"https:\/\/kyriosdemos4.xyz\/?post_type=product&#038;p=13082"},"modified":"2026-05-04T09:21:41","modified_gmt":"2026-05-04T09:21:41","slug":"frasco-para-orina","status":"publish","type":"product","link":"https:\/\/www.grupocastillo.com.pe\/en\/product\/frasco-para-orina\/","title":{"rendered":"Urine Bottle"},"content":{"rendered":"","protected":false},"excerpt":{"rendered":"<p><span style=\"color: #1b1919; font-size: 22px;\">FEATURES<\/span><\/p>\n<p>Frasco de Polietileno \u00f3 Polipropileno transparente de 120 ml. de capacidad, de boca ancha sin rebordes, est\u00e9ril, con etiqueta para rotulaci\u00f3n para un correcto registro de datos del paciente. Tapa de Polietilenotipo rosca color verde, con cierre herm\u00e9tico.<\/p>\n<p><strong>PRESENTACI\u00d3N:<\/strong>\u00a0Frasco de Pl\u00e1stico Est\u00e9ril en empaque individual sellado.<\/p>\n<p><strong>USO:<\/strong>\u00a0Recolecci\u00f3n de Orina para Urocultivo. esputo, heces, plasma y esperma.<\/p>\n<div id=\"row-1236103751\" class=\"row align-center\">\n<div id=\"col-1553747533\" class=\"col small-12 large-12\">\n<div class=\"col-inner text-center\">\n<table class=\"footable default footable-loaded\">\n<thead>\n<tr>\n<th class=\"footable-first-column footable-sortable\">FEATURE<\/th>\n<th class=\"footable-last-column footable-sortable\" data-hide=\"phone\">MEASUREMENT AND\/OR DESCRIPTION<\/th>\n<\/tr>\n<\/thead>\n<tbody>\n<tr>\n<td class=\"footable-first-column\">Material<\/td>\n<td class=\"footable-last-column\">Polietileno Transparente<\/td>\n<\/tr>\n<tr>\n<td class=\"footable-first-column\">Tipo de Tapa<\/td>\n<td class=\"footable-last-column\">Rosca<\/td>\n<\/tr>\n<tr>\n<td class=\"footable-first-column\">Dimensiones<\/td>\n<td class=\"footable-last-column\"><strong>DI\u00c1METRO EXTERNO:<\/strong>\u00a060mm \/\u00a0<strong>ALTURA:<\/strong>\u00a070mm \/\u00a0<strong>PESO:<\/strong>\u00a019.5 g +\/-2<\/td>\n<\/tr>\n<tr>\n<td class=\"footable-first-column\">Condici\u00f3n Biol\u00f3gica<\/td>\n<td class=\"footable-last-column\">Producto Est\u00e9ril (Esterilizado por \u00f3xido de etileno ETO)<\/td>\n<\/tr>\n<tr>\n<td class=\"footable-first-column\">Registro Sanitario<\/td>\n<td class=\"footable-last-column\">No Requiere<\/td>\n<\/tr>\n<\/tbody>\n<\/table>\n<p>DOWNLOAD DATA SHEET<\/p>\n<\/div>\n<\/div>\n<\/div>","protected":false},"featured_media":13083,"comment_status":"open","ping_status":"closed","template":"","meta":{"_acf_changed":false,"inline_featured_image":false},"pwb-brand":[],"product_brand":[],"product_cat":[223],"product_tag":[],"class_list":{"0":"post-13082","1":"product","2":"type-product","3":"status-publish","4":"has-post-thumbnail","6":"product_cat-frascos-para-analisis","8":"first","9":"contactar","10":"shipping-taxable","11":"purchasable","12":"product-type-simple"},"acf":[],"yoast_head":"<!-- This site is optimized with the Yoast SEO plugin v27.5 - https:\/\/yoast.com\/product\/yoast-seo-wordpress\/ -->\n<title>Frasco Para Orina - Corporaci\u00f3n castillo SAC<\/title>\n<meta name=\"robots\" content=\"index, follow, max-snippet:-1, max-image-preview:large, max-video-preview:-1\" \/>\n<link rel=\"canonical\" href=\"https:\/\/www.grupocastillo.com.pe\/en\/product\/frasco-para-orina\/\" \/>\n<meta property=\"og:locale\" content=\"en_US\" \/>\n<meta property=\"og:type\" content=\"article\" \/>\n<meta property=\"og:title\" content=\"Frasco Para Orina - Corporaci\u00f3n castillo SAC\" \/>\n<meta property=\"og:description\" content=\"CARACTER\u00cdSTICAS  Frasco de Polietileno \u00f3 Polipropileno transparente de 120 ml. de capacidad, de boca ancha sin rebordes, est\u00e9ril, con etiqueta para rotulaci\u00f3n para un correcto registro de datos del paciente. Tapa de Polietilenotipo rosca color verde, con cierre herm\u00e9tico.  PRESENTACI\u00d3N:\u00a0Frasco de Pl\u00e1stico Est\u00e9ril en empaque individual sellado.  USO:\u00a0Recolecci\u00f3n de Orina para Urocultivo. esputo, heces, plasma y esperma.       CARACTER\u00cdSTICA MEDIDA Y\/O DESCRIPCI\u00d3N     Material Polietileno Transparente   Tipo de Tapa Rosca   Dimensiones DI\u00c1METRO EXTERNO:\u00a060mm \/\u00a0ALTURA:\u00a070mm \/\u00a0PESO:\u00a019.5 g +\/-2   Condici\u00f3n Biol\u00f3gica Producto Est\u00e9ril (Esterilizado por \u00f3xido de etileno ETO)   Registro Sanitario No Requiere    DESCARGAR FICHA T\u00c9CNICA\" \/>\n<meta property=\"og:url\" content=\"https:\/\/www.grupocastillo.com.pe\/en\/product\/frasco-para-orina\/\" \/>\n<meta property=\"og:site_name\" content=\"Corporaci\u00f3n castillo SAC\" \/>\n<meta property=\"article:modified_time\" content=\"2026-05-04T09:21:41+00:00\" \/>\n<meta property=\"og:image\" content=\"https:\/\/www.grupocastillo.com.pe\/wp-content\/uploads\/2021\/12\/frasco-esteril-para-orina.jpg\" \/>\n\t<meta property=\"og:image:width\" content=\"920\" \/>\n\t<meta property=\"og:image:height\" content=\"636\" \/>\n\t<meta property=\"og:image:type\" content=\"image\/jpeg\" \/>\n<meta name=\"twitter:card\" content=\"summary_large_image\" \/>\n<meta name=\"twitter:label1\" content=\"Est. reading time\" \/>\n\t<meta name=\"twitter:data1\" content=\"1 minute\" \/>\n<script type=\"application\/ld+json\" class=\"yoast-schema-graph\">{\"@context\":\"https:\\\/\\\/schema.org\",\"@graph\":[{\"@type\":\"WebPage\",\"@id\":\"https:\\\/\\\/www.grupocastillo.com.pe\\\/product\\\/frasco-para-orina\\\/\",\"url\":\"https:\\\/\\\/www.grupocastillo.com.pe\\\/product\\\/frasco-para-orina\\\/\",\"name\":\"Frasco Para Orina - Corporaci\u00f3n castillo SAC\",\"isPartOf\":{\"@id\":\"https:\\\/\\\/www.grupocastillo.com.pe\\\/#website\"},\"primaryImageOfPage\":{\"@id\":\"https:\\\/\\\/www.grupocastillo.com.pe\\\/product\\\/frasco-para-orina\\\/#primaryimage\"},\"image\":{\"@id\":\"https:\\\/\\\/www.grupocastillo.com.pe\\\/product\\\/frasco-para-orina\\\/#primaryimage\"},\"thumbnailUrl\":\"https:\\\/\\\/www.grupocastillo.com.pe\\\/wp-content\\\/uploads\\\/2021\\\/12\\\/frasco-esteril-para-orina.jpg\",\"datePublished\":\"2021-12-04T01:21:06+00:00\",\"dateModified\":\"2026-05-04T09:21:41+00:00\",\"breadcrumb\":{\"@id\":\"https:\\\/\\\/www.grupocastillo.com.pe\\\/product\\\/frasco-para-orina\\\/#breadcrumb\"},\"inLanguage\":\"en-US\",\"potentialAction\":[{\"@type\":\"ReadAction\",\"target\":[\"https:\\\/\\\/www.grupocastillo.com.pe\\\/product\\\/frasco-para-orina\\\/\"]}]},{\"@type\":\"ImageObject\",\"inLanguage\":\"en-US\",\"@id\":\"https:\\\/\\\/www.grupocastillo.com.pe\\\/product\\\/frasco-para-orina\\\/#primaryimage\",\"url\":\"https:\\\/\\\/www.grupocastillo.com.pe\\\/wp-content\\\/uploads\\\/2021\\\/12\\\/frasco-esteril-para-orina.jpg\",\"contentUrl\":\"https:\\\/\\\/www.grupocastillo.com.pe\\\/wp-content\\\/uploads\\\/2021\\\/12\\\/frasco-esteril-para-orina.jpg\",\"width\":920,\"height\":636},{\"@type\":\"BreadcrumbList\",\"@id\":\"https:\\\/\\\/www.grupocastillo.com.pe\\\/product\\\/frasco-para-orina\\\/#breadcrumb\",\"itemListElement\":[{\"@type\":\"ListItem\",\"position\":1,\"name\":\"Portada\",\"item\":\"https:\\\/\\\/www.grupocastillo.com.pe\\\/\"},{\"@type\":\"ListItem\",\"position\":2,\"name\":\"Tienda\",\"item\":\"https:\\\/\\\/www.grupocastillo.com.pe\\\/tienda\\\/\"},{\"@type\":\"ListItem\",\"position\":3,\"name\":\"Frasco Para Orina\"}]},{\"@type\":\"WebSite\",\"@id\":\"https:\\\/\\\/www.grupocastillo.com.pe\\\/#website\",\"url\":\"https:\\\/\\\/www.grupocastillo.com.pe\\\/\",\"name\":\"Corporaci\u00f3n castillo SAC\",\"description\":\"\",\"potentialAction\":[{\"@type\":\"SearchAction\",\"target\":{\"@type\":\"EntryPoint\",\"urlTemplate\":\"https:\\\/\\\/www.grupocastillo.com.pe\\\/?s={search_term_string}\"},\"query-input\":{\"@type\":\"PropertyValueSpecification\",\"valueRequired\":true,\"valueName\":\"search_term_string\"}}],\"inLanguage\":\"en-US\"}]}<\/script>\n<!-- \/ Yoast SEO plugin. -->","yoast_head_json":{"title":"Frasco Para Orina - Corporaci\u00f3n castillo SAC","robots":{"index":"index","follow":"follow","max-snippet":"max-snippet:-1","max-image-preview":"max-image-preview:large","max-video-preview":"max-video-preview:-1"},"canonical":"https:\/\/www.grupocastillo.com.pe\/en\/product\/frasco-para-orina\/","og_locale":"en_US","og_type":"article","og_title":"Frasco Para Orina - Corporaci\u00f3n castillo SAC","og_description":"CARACTER\u00cdSTICAS  Frasco de Polietileno \u00f3 Polipropileno transparente de 120 ml. de capacidad, de boca ancha sin rebordes, est\u00e9ril, con etiqueta para rotulaci\u00f3n para un correcto registro de datos del paciente. Tapa de Polietilenotipo rosca color verde, con cierre herm\u00e9tico.  PRESENTACI\u00d3N:\u00a0Frasco de Pl\u00e1stico Est\u00e9ril en empaque individual sellado.  USO:\u00a0Recolecci\u00f3n de Orina para Urocultivo. esputo, heces, plasma y esperma.       CARACTER\u00cdSTICA MEDIDA Y\/O DESCRIPCI\u00d3N     Material Polietileno Transparente   Tipo de Tapa Rosca   Dimensiones DI\u00c1METRO EXTERNO:\u00a060mm \/\u00a0ALTURA:\u00a070mm \/\u00a0PESO:\u00a019.5 g +\/-2   Condici\u00f3n Biol\u00f3gica Producto Est\u00e9ril (Esterilizado por \u00f3xido de etileno ETO)   Registro Sanitario No Requiere    DESCARGAR FICHA T\u00c9CNICA","og_url":"https:\/\/www.grupocastillo.com.pe\/en\/product\/frasco-para-orina\/","og_site_name":"Corporaci\u00f3n castillo SAC","article_modified_time":"2026-05-04T09:21:41+00:00","og_image":[{"width":920,"height":636,"url":"https:\/\/www.grupocastillo.com.pe\/wp-content\/uploads\/2021\/12\/frasco-esteril-para-orina.jpg","type":"image\/jpeg"}],"twitter_card":"summary_large_image","twitter_misc":{"Est. reading time":"1 minute"},"schema":{"@context":"https:\/\/schema.org","@graph":[{"@type":"WebPage","@id":"https:\/\/www.grupocastillo.com.pe\/product\/frasco-para-orina\/","url":"https:\/\/www.grupocastillo.com.pe\/product\/frasco-para-orina\/","name":"Frasco Para Orina - Corporaci\u00f3n castillo SAC","isPartOf":{"@id":"https:\/\/www.grupocastillo.com.pe\/#website"},"primaryImageOfPage":{"@id":"https:\/\/www.grupocastillo.com.pe\/product\/frasco-para-orina\/#primaryimage"},"image":{"@id":"https:\/\/www.grupocastillo.com.pe\/product\/frasco-para-orina\/#primaryimage"},"thumbnailUrl":"https:\/\/www.grupocastillo.com.pe\/wp-content\/uploads\/2021\/12\/frasco-esteril-para-orina.jpg","datePublished":"2021-12-04T01:21:06+00:00","dateModified":"2026-05-04T09:21:41+00:00","breadcrumb":{"@id":"https:\/\/www.grupocastillo.com.pe\/product\/frasco-para-orina\/#breadcrumb"},"inLanguage":"en-US","potentialAction":[{"@type":"ReadAction","target":["https:\/\/www.grupocastillo.com.pe\/product\/frasco-para-orina\/"]}]},{"@type":"ImageObject","inLanguage":"en-US","@id":"https:\/\/www.grupocastillo.com.pe\/product\/frasco-para-orina\/#primaryimage","url":"https:\/\/www.grupocastillo.com.pe\/wp-content\/uploads\/2021\/12\/frasco-esteril-para-orina.jpg","contentUrl":"https:\/\/www.grupocastillo.com.pe\/wp-content\/uploads\/2021\/12\/frasco-esteril-para-orina.jpg","width":920,"height":636},{"@type":"BreadcrumbList","@id":"https:\/\/www.grupocastillo.com.pe\/product\/frasco-para-orina\/#breadcrumb","itemListElement":[{"@type":"ListItem","position":1,"name":"Portada","item":"https:\/\/www.grupocastillo.com.pe\/"},{"@type":"ListItem","position":2,"name":"Tienda","item":"https:\/\/www.grupocastillo.com.pe\/tienda\/"},{"@type":"ListItem","position":3,"name":"Frasco Para Orina"}]},{"@type":"WebSite","@id":"https:\/\/www.grupocastillo.com.pe\/#website","url":"https:\/\/www.grupocastillo.com.pe\/","name":"Corporaci\u00f3n castillo SAC","description":"","potentialAction":[{"@type":"SearchAction","target":{"@type":"EntryPoint","urlTemplate":"https:\/\/www.grupocastillo.com.pe\/?s={search_term_string}"},"query-input":{"@type":"PropertyValueSpecification","valueRequired":true,"valueName":"search_term_string"}}],"inLanguage":"en-US"}]}},"jetpack_sharing_enabled":true,"brands":[],"_links":{"self":[{"href":"https:\/\/www.grupocastillo.com.pe\/en\/wp-json\/wp\/v2\/product\/13082","targetHints":{"allow":["GET"]}}],"collection":[{"href":"https:\/\/www.grupocastillo.com.pe\/en\/wp-json\/wp\/v2\/product"}],"about":[{"href":"https:\/\/www.grupocastillo.com.pe\/en\/wp-json\/wp\/v2\/types\/product"}],"replies":[{"embeddable":true,"href":"https:\/\/www.grupocastillo.com.pe\/en\/wp-json\/wp\/v2\/comments?post=13082"}],"version-history":[{"count":6,"href":"https:\/\/www.grupocastillo.com.pe\/en\/wp-json\/wp\/v2\/product\/13082\/revisions"}],"predecessor-version":[{"id":15289,"href":"https:\/\/www.grupocastillo.com.pe\/en\/wp-json\/wp\/v2\/product\/13082\/revisions\/15289"}],"wp:featuredmedia":[{"embeddable":true,"href":"https:\/\/www.grupocastillo.com.pe\/en\/wp-json\/wp\/v2\/media\/13083"}],"wp:attachment":[{"href":"https:\/\/www.grupocastillo.com.pe\/en\/wp-json\/wp\/v2\/media?parent=13082"}],"wp:term":[{"taxonomy":"pwb-brand","embeddable":true,"href":"https:\/\/www.grupocastillo.com.pe\/en\/wp-json\/wp\/v2\/pwb-brand?post=13082"},{"taxonomy":"product_brand","embeddable":true,"href":"https:\/\/www.grupocastillo.com.pe\/en\/wp-json\/wp\/v2\/product_brand?post=13082"},{"taxonomy":"product_cat","embeddable":true,"href":"https:\/\/www.grupocastillo.com.pe\/en\/wp-json\/wp\/v2\/product_cat?post=13082"},{"taxonomy":"product_tag","embeddable":true,"href":"https:\/\/www.grupocastillo.com.pe\/en\/wp-json\/wp\/v2\/product_tag?post=13082"}],"curies":[{"name":"wp","href":"https:\/\/api.w.org\/{rel}","templated":true}]}}