{"id":13079,"date":"2021-12-04T01:19:36","date_gmt":"2021-12-04T01:19:36","guid":{"rendered":"https:\/\/kyriosdemos4.xyz\/?post_type=product&#038;p=13079"},"modified":"2026-03-20T21:21:25","modified_gmt":"2026-03-20T21:21:25","slug":"frasco-para-heces","status":"publish","type":"product","link":"https:\/\/www.grupocastillo.com.pe\/en\/product\/frasco-para-heces\/","title":{"rendered":"Stool Jar"},"content":{"rendered":"","protected":false},"excerpt":{"rendered":"<p><span style=\"color: #1b1919; font-size: 22px;\">FEATURES<\/span><\/p>\n<p>Frasco de Polietileno Cropologico transparente de 40 a 60 mi. de capacidad, de uso para recolecci\u00f3n de HECES, con etiqueta para rotulaci\u00f3n para un correcto registro de datos del paciente. Tapa de Polietileno tipo rosca color azul, con cierre de alta seguridad, con esp\u00e1tula insertada en la cara interna de la tapa.<\/p>\n<p><strong>PRESENTACI\u00d3N:<\/strong> Frasco de Pl\u00e1stico Cropologico As\u00e9ptico.<\/p>\n<p><strong>USO:<\/strong> Ideal para la recolecci\u00f3n HECES, ya que facilita la toma de muestra por presentar una espatula ensamblada a la tapa. Es de f\u00e1cil uso y no quebradizo<\/p>\n<table class=\"footable default footable-loaded\">\n<thead>\n<tr>\n<th class=\"footable-first-column footable-sortable\">FEATURE<\/th>\n<th class=\"footable-last-column footable-sortable\" data-hide=\"phone\">MEASUREMENT AND\/OR DESCRIPTION<\/th>\n<\/tr>\n<\/thead>\n<tbody>\n<tr>\n<td class=\"footable-first-column\">Capacidad<\/td>\n<td class=\"footable-last-column\">60 ml.<\/td>\n<\/tr>\n<tr>\n<td class=\"footable-first-column\">Material<\/td>\n<td class=\"footable-last-column\"><b>Polietileno Transparente<\/b><\/td>\n<\/tr>\n<tr>\n<td class=\"footable-first-column\">Tipo de Tapa<\/td>\n<td class=\"footable-last-column\">ROSCA<\/td>\n<\/tr>\n<tr>\n<td class=\"footable-first-column\">Dimensiones<\/td>\n<td class=\"footable-last-column\">DIAMETRO EXTERNO:\u00a040 mm \u00a0\/\u00a0ALTURA:\u00a065 mm \/\u00a0PESO:\u00a014.5 g +\/- 2<\/td>\n<\/tr>\n<tr>\n<td class=\"footable-first-column\">Condici\u00f3n Biol\u00f3gica<\/td>\n<td class=\"footable-last-column\">Producto As\u00e9ptico<\/td>\n<\/tr>\n<tr>\n<td class=\"footable-first-column\">Registro Sanitario<\/td>\n<td class=\"footable-last-column\">No Requiere<\/td>\n<\/tr>\n<\/tbody>\n<\/table>\n<p>&nbsp;<\/p>\n<p>DOWNLOAD DATA SHEET<\/p>","protected":false},"featured_media":13080,"comment_status":"open","ping_status":"closed","template":"","meta":{"_acf_changed":false,"inline_featured_image":false},"pwb-brand":[],"product_brand":[],"product_cat":[223],"product_tag":[],"class_list":{"0":"post-13079","1":"product","2":"type-product","3":"status-publish","4":"has-post-thumbnail","6":"product_cat-frascos-para-analisis","8":"first","9":"contactar","10":"shipping-taxable","11":"purchasable","12":"product-type-simple"},"acf":[],"yoast_head":"<!-- This site is optimized with the Yoast SEO plugin v27.3 - https:\/\/yoast.com\/product\/yoast-seo-wordpress\/ -->\n<title>Frasco Para Heces - Corporaci\u00f3n castillo SAC<\/title>\n<meta name=\"robots\" content=\"index, follow, max-snippet:-1, max-image-preview:large, max-video-preview:-1\" \/>\n<link rel=\"canonical\" href=\"https:\/\/www.grupocastillo.com.pe\/en\/product\/frasco-para-heces\/\" \/>\n<meta property=\"og:locale\" content=\"en_US\" \/>\n<meta property=\"og:type\" content=\"article\" \/>\n<meta property=\"og:title\" content=\"Frasco Para Heces - Corporaci\u00f3n castillo SAC\" \/>\n<meta property=\"og:description\" content=\"CARACTER\u00cdSTICAS  Frasco de Polietileno Cropologico transparente de 40 a 60 mi. de capacidad, de uso para recolecci\u00f3n de HECES, con etiqueta para rotulaci\u00f3n para un correcto registro de datos del paciente. Tapa de Polietileno tipo rosca color azul, con cierre de alta seguridad, con esp\u00e1tula insertada en la cara interna de la tapa.  PRESENTACI\u00d3N: Frasco de Pl\u00e1stico Cropologico As\u00e9ptico.  USO: Ideal para la recolecci\u00f3n HECES, ya que facilita la toma de muestra por presentar una espatula ensamblada a la tapa. Es de f\u00e1cil uso y no quebradizo    CARACTER\u00cdSTICA MEDIDA Y\/O DESCRIPCI\u00d3N     Capacidad 60 ml.   Material Polietileno Transparente   Tipo de Tapa ROSCA   Dimensiones DIAMETRO EXTERNO:\u00a040 mm \u00a0\/\u00a0ALTURA:\u00a065 mm \/\u00a0PESO:\u00a014.5 g +\/- 2   Condici\u00f3n Biol\u00f3gica Producto As\u00e9ptico   Registro Sanitario No Requiere    &nbsp;  DESCARGAR FICHA T\u00c9CNICA\" \/>\n<meta property=\"og:url\" content=\"https:\/\/www.grupocastillo.com.pe\/en\/product\/frasco-para-heces\/\" \/>\n<meta property=\"og:site_name\" content=\"Corporaci\u00f3n castillo SAC\" \/>\n<meta property=\"article:modified_time\" content=\"2026-03-20T21:21:25+00:00\" \/>\n<meta property=\"og:image\" content=\"https:\/\/www.grupocastillo.com.pe\/wp-content\/uploads\/2021\/12\/frasco-con-espatula-para-heces.jpg\" \/>\n\t<meta property=\"og:image:width\" content=\"920\" \/>\n\t<meta property=\"og:image:height\" content=\"636\" \/>\n\t<meta property=\"og:image:type\" content=\"image\/jpeg\" \/>\n<meta name=\"twitter:card\" content=\"summary_large_image\" \/>\n<meta name=\"twitter:label1\" content=\"Est. reading time\" \/>\n\t<meta name=\"twitter:data1\" content=\"1 minute\" \/>\n<script type=\"application\/ld+json\" class=\"yoast-schema-graph\">{\"@context\":\"https:\\\/\\\/schema.org\",\"@graph\":[{\"@type\":\"WebPage\",\"@id\":\"https:\\\/\\\/www.grupocastillo.com.pe\\\/product\\\/frasco-para-heces\\\/\",\"url\":\"https:\\\/\\\/www.grupocastillo.com.pe\\\/product\\\/frasco-para-heces\\\/\",\"name\":\"Frasco Para Heces - Corporaci\u00f3n castillo SAC\",\"isPartOf\":{\"@id\":\"https:\\\/\\\/www.grupocastillo.com.pe\\\/#website\"},\"primaryImageOfPage\":{\"@id\":\"https:\\\/\\\/www.grupocastillo.com.pe\\\/product\\\/frasco-para-heces\\\/#primaryimage\"},\"image\":{\"@id\":\"https:\\\/\\\/www.grupocastillo.com.pe\\\/product\\\/frasco-para-heces\\\/#primaryimage\"},\"thumbnailUrl\":\"https:\\\/\\\/www.grupocastillo.com.pe\\\/wp-content\\\/uploads\\\/2021\\\/12\\\/frasco-con-espatula-para-heces.jpg\",\"datePublished\":\"2021-12-04T01:19:36+00:00\",\"dateModified\":\"2026-03-20T21:21:25+00:00\",\"breadcrumb\":{\"@id\":\"https:\\\/\\\/www.grupocastillo.com.pe\\\/product\\\/frasco-para-heces\\\/#breadcrumb\"},\"inLanguage\":\"en-US\",\"potentialAction\":[{\"@type\":\"ReadAction\",\"target\":[\"https:\\\/\\\/www.grupocastillo.com.pe\\\/product\\\/frasco-para-heces\\\/\"]}]},{\"@type\":\"ImageObject\",\"inLanguage\":\"en-US\",\"@id\":\"https:\\\/\\\/www.grupocastillo.com.pe\\\/product\\\/frasco-para-heces\\\/#primaryimage\",\"url\":\"https:\\\/\\\/www.grupocastillo.com.pe\\\/wp-content\\\/uploads\\\/2021\\\/12\\\/frasco-con-espatula-para-heces.jpg\",\"contentUrl\":\"https:\\\/\\\/www.grupocastillo.com.pe\\\/wp-content\\\/uploads\\\/2021\\\/12\\\/frasco-con-espatula-para-heces.jpg\",\"width\":920,\"height\":636},{\"@type\":\"BreadcrumbList\",\"@id\":\"https:\\\/\\\/www.grupocastillo.com.pe\\\/product\\\/frasco-para-heces\\\/#breadcrumb\",\"itemListElement\":[{\"@type\":\"ListItem\",\"position\":1,\"name\":\"Portada\",\"item\":\"https:\\\/\\\/www.grupocastillo.com.pe\\\/\"},{\"@type\":\"ListItem\",\"position\":2,\"name\":\"Tienda\",\"item\":\"https:\\\/\\\/www.grupocastillo.com.pe\\\/tienda\\\/\"},{\"@type\":\"ListItem\",\"position\":3,\"name\":\"Frasco Para Heces\"}]},{\"@type\":\"WebSite\",\"@id\":\"https:\\\/\\\/www.grupocastillo.com.pe\\\/#website\",\"url\":\"https:\\\/\\\/www.grupocastillo.com.pe\\\/\",\"name\":\"Corporaci\u00f3n castillo SAC\",\"description\":\"\",\"potentialAction\":[{\"@type\":\"SearchAction\",\"target\":{\"@type\":\"EntryPoint\",\"urlTemplate\":\"https:\\\/\\\/www.grupocastillo.com.pe\\\/?s={search_term_string}\"},\"query-input\":{\"@type\":\"PropertyValueSpecification\",\"valueRequired\":true,\"valueName\":\"search_term_string\"}}],\"inLanguage\":\"en-US\"}]}<\/script>\n<!-- \/ Yoast SEO plugin. -->","yoast_head_json":{"title":"Frasco Para Heces - Corporaci\u00f3n castillo SAC","robots":{"index":"index","follow":"follow","max-snippet":"max-snippet:-1","max-image-preview":"max-image-preview:large","max-video-preview":"max-video-preview:-1"},"canonical":"https:\/\/www.grupocastillo.com.pe\/en\/product\/frasco-para-heces\/","og_locale":"en_US","og_type":"article","og_title":"Frasco Para Heces - Corporaci\u00f3n castillo SAC","og_description":"CARACTER\u00cdSTICAS  Frasco de Polietileno Cropologico transparente de 40 a 60 mi. de capacidad, de uso para recolecci\u00f3n de HECES, con etiqueta para rotulaci\u00f3n para un correcto registro de datos del paciente. Tapa de Polietileno tipo rosca color azul, con cierre de alta seguridad, con esp\u00e1tula insertada en la cara interna de la tapa.  PRESENTACI\u00d3N: Frasco de Pl\u00e1stico Cropologico As\u00e9ptico.  USO: Ideal para la recolecci\u00f3n HECES, ya que facilita la toma de muestra por presentar una espatula ensamblada a la tapa. Es de f\u00e1cil uso y no quebradizo    CARACTER\u00cdSTICA MEDIDA Y\/O DESCRIPCI\u00d3N     Capacidad 60 ml.   Material Polietileno Transparente   Tipo de Tapa ROSCA   Dimensiones DIAMETRO EXTERNO:\u00a040 mm \u00a0\/\u00a0ALTURA:\u00a065 mm \/\u00a0PESO:\u00a014.5 g +\/- 2   Condici\u00f3n Biol\u00f3gica Producto As\u00e9ptico   Registro Sanitario No Requiere    &nbsp;  DESCARGAR FICHA T\u00c9CNICA","og_url":"https:\/\/www.grupocastillo.com.pe\/en\/product\/frasco-para-heces\/","og_site_name":"Corporaci\u00f3n castillo SAC","article_modified_time":"2026-03-20T21:21:25+00:00","og_image":[{"width":920,"height":636,"url":"https:\/\/www.grupocastillo.com.pe\/wp-content\/uploads\/2021\/12\/frasco-con-espatula-para-heces.jpg","type":"image\/jpeg"}],"twitter_card":"summary_large_image","twitter_misc":{"Est. reading time":"1 minute"},"schema":{"@context":"https:\/\/schema.org","@graph":[{"@type":"WebPage","@id":"https:\/\/www.grupocastillo.com.pe\/product\/frasco-para-heces\/","url":"https:\/\/www.grupocastillo.com.pe\/product\/frasco-para-heces\/","name":"Frasco Para Heces - Corporaci\u00f3n castillo SAC","isPartOf":{"@id":"https:\/\/www.grupocastillo.com.pe\/#website"},"primaryImageOfPage":{"@id":"https:\/\/www.grupocastillo.com.pe\/product\/frasco-para-heces\/#primaryimage"},"image":{"@id":"https:\/\/www.grupocastillo.com.pe\/product\/frasco-para-heces\/#primaryimage"},"thumbnailUrl":"https:\/\/www.grupocastillo.com.pe\/wp-content\/uploads\/2021\/12\/frasco-con-espatula-para-heces.jpg","datePublished":"2021-12-04T01:19:36+00:00","dateModified":"2026-03-20T21:21:25+00:00","breadcrumb":{"@id":"https:\/\/www.grupocastillo.com.pe\/product\/frasco-para-heces\/#breadcrumb"},"inLanguage":"en-US","potentialAction":[{"@type":"ReadAction","target":["https:\/\/www.grupocastillo.com.pe\/product\/frasco-para-heces\/"]}]},{"@type":"ImageObject","inLanguage":"en-US","@id":"https:\/\/www.grupocastillo.com.pe\/product\/frasco-para-heces\/#primaryimage","url":"https:\/\/www.grupocastillo.com.pe\/wp-content\/uploads\/2021\/12\/frasco-con-espatula-para-heces.jpg","contentUrl":"https:\/\/www.grupocastillo.com.pe\/wp-content\/uploads\/2021\/12\/frasco-con-espatula-para-heces.jpg","width":920,"height":636},{"@type":"BreadcrumbList","@id":"https:\/\/www.grupocastillo.com.pe\/product\/frasco-para-heces\/#breadcrumb","itemListElement":[{"@type":"ListItem","position":1,"name":"Portada","item":"https:\/\/www.grupocastillo.com.pe\/"},{"@type":"ListItem","position":2,"name":"Tienda","item":"https:\/\/www.grupocastillo.com.pe\/tienda\/"},{"@type":"ListItem","position":3,"name":"Frasco Para Heces"}]},{"@type":"WebSite","@id":"https:\/\/www.grupocastillo.com.pe\/#website","url":"https:\/\/www.grupocastillo.com.pe\/","name":"Corporaci\u00f3n castillo SAC","description":"","potentialAction":[{"@type":"SearchAction","target":{"@type":"EntryPoint","urlTemplate":"https:\/\/www.grupocastillo.com.pe\/?s={search_term_string}"},"query-input":{"@type":"PropertyValueSpecification","valueRequired":true,"valueName":"search_term_string"}}],"inLanguage":"en-US"}]}},"jetpack_sharing_enabled":true,"brands":[],"_links":{"self":[{"href":"https:\/\/www.grupocastillo.com.pe\/en\/wp-json\/wp\/v2\/product\/13079","targetHints":{"allow":["GET"]}}],"collection":[{"href":"https:\/\/www.grupocastillo.com.pe\/en\/wp-json\/wp\/v2\/product"}],"about":[{"href":"https:\/\/www.grupocastillo.com.pe\/en\/wp-json\/wp\/v2\/types\/product"}],"replies":[{"embeddable":true,"href":"https:\/\/www.grupocastillo.com.pe\/en\/wp-json\/wp\/v2\/comments?post=13079"}],"version-history":[{"count":4,"href":"https:\/\/www.grupocastillo.com.pe\/en\/wp-json\/wp\/v2\/product\/13079\/revisions"}],"predecessor-version":[{"id":15288,"href":"https:\/\/www.grupocastillo.com.pe\/en\/wp-json\/wp\/v2\/product\/13079\/revisions\/15288"}],"wp:featuredmedia":[{"embeddable":true,"href":"https:\/\/www.grupocastillo.com.pe\/en\/wp-json\/wp\/v2\/media\/13080"}],"wp:attachment":[{"href":"https:\/\/www.grupocastillo.com.pe\/en\/wp-json\/wp\/v2\/media?parent=13079"}],"wp:term":[{"taxonomy":"pwb-brand","embeddable":true,"href":"https:\/\/www.grupocastillo.com.pe\/en\/wp-json\/wp\/v2\/pwb-brand?post=13079"},{"taxonomy":"product_brand","embeddable":true,"href":"https:\/\/www.grupocastillo.com.pe\/en\/wp-json\/wp\/v2\/product_brand?post=13079"},{"taxonomy":"product_cat","embeddable":true,"href":"https:\/\/www.grupocastillo.com.pe\/en\/wp-json\/wp\/v2\/product_cat?post=13079"},{"taxonomy":"product_tag","embeddable":true,"href":"https:\/\/www.grupocastillo.com.pe\/en\/wp-json\/wp\/v2\/product_tag?post=13079"}],"curies":[{"name":"wp","href":"https:\/\/api.w.org\/{rel}","templated":true}]}}