{"id":13076,"date":"2021-12-04T01:13:56","date_gmt":"2021-12-04T01:13:56","guid":{"rendered":"https:\/\/kyriosdemos4.xyz\/?post_type=product&#038;p=13076"},"modified":"2026-03-20T21:39:45","modified_gmt":"2026-03-20T21:39:45","slug":"test-tipo-pluma-o-lapicero","status":"publish","type":"product","link":"https:\/\/www.grupocastillo.com.pe\/en\/product\/test-tipo-pluma-o-lapicero\/","title":{"rendered":"Pen or pencil quiz"},"content":{"rendered":"","protected":false},"excerpt":{"rendered":"<h1>Sami Plus Test de Embarazo<\/h1>\n<p>Son pruebas r\u00e1pidas que revelan la presencia de la hormona Gonadotropina Cori\u00f3nica Humana (HCG) en la orina y que son producida durante el embarazo. Esta hormona aparece en la sangre y en la orina de las mujeres embarazadas, desde los primeros d\u00edas de la concepci\u00f3n.<\/p>\n<div class=\"container section-title-container\">\n<h3 class=\"section-title section-title-normal\"><span class=\"section-title-main\"><i class=\"icon-plus\"><\/i>FEATURES<\/span><\/h3>\n<\/div>\n<div id=\"row-529282989\" class=\"row\">\n<div id=\"col-862332915\" class=\"col small-12 large-12\">\n<div class=\"col-inner\">\n<ul>\n<li>Prueba mas segura por su precisi\u00f3n de 99.99 %<\/li>\n<li>Resultados en 5 minutos<\/li>\n<li>\u00danica con 10 mlU\/mL de sensibilidad (ayuda a detectar un embarazo en corto tiempo)<\/li>\n<li>Diversas presentaciones ( Tira, Cassette y Pluma o Lapicero).<\/li>\n<\/ul>\n<p>DOWNLOAD DATA SHEET<\/p>\n<p>&nbsp;<\/p>\n<\/div>\n<\/div>\n<\/div>","protected":false},"featured_media":13077,"comment_status":"open","ping_status":"closed","template":"","meta":{"_acf_changed":false,"inline_featured_image":false},"pwb-brand":[],"product_brand":[],"product_cat":[216,222],"product_tag":[],"class_list":{"0":"post-13076","1":"product","2":"type-product","3":"status-publish","4":"has-post-thumbnail","6":"product_cat-linea-femenina","7":"product_cat-test-de-embarazo","9":"first","10":"contactar","11":"shipping-taxable","12":"purchasable","13":"product-type-simple"},"acf":[],"yoast_head":"<!-- This site is optimized with the Yoast SEO plugin v27.4 - https:\/\/yoast.com\/product\/yoast-seo-wordpress\/ -->\n<title>Test tipo Pluma o Lapicero - Corporaci\u00f3n castillo SAC<\/title>\n<meta name=\"robots\" content=\"index, follow, max-snippet:-1, max-image-preview:large, max-video-preview:-1\" \/>\n<link rel=\"canonical\" href=\"https:\/\/www.grupocastillo.com.pe\/en\/product\/test-tipo-pluma-o-lapicero\/\" \/>\n<meta property=\"og:locale\" content=\"en_US\" \/>\n<meta property=\"og:type\" content=\"article\" \/>\n<meta property=\"og:title\" content=\"Test tipo Pluma o Lapicero - Corporaci\u00f3n castillo SAC\" \/>\n<meta property=\"og:description\" content=\"Sami Plus Test de Embarazo Son pruebas r\u00e1pidas que revelan la presencia de la hormona Gonadotropina Cori\u00f3nica Humana (HCG) en la orina y que son producida durante el embarazo. Esta hormona aparece en la sangre y en la orina de las mujeres embarazadas, desde los primeros d\u00edas de la concepci\u00f3n.  CARACTER\u00cdSTICAS       Prueba mas segura por su precisi\u00f3n de 99.99 %  Resultados en 5 minutos  \u00danica con 10 mlU\/mL de sensibilidad (ayuda a detectar un embarazo en corto tiempo)  Diversas presentaciones ( Tira, Cassette y Pluma o Lapicero).  DESCARGAR FICHA T\u00c9CNICA  &nbsp;\" \/>\n<meta property=\"og:url\" content=\"https:\/\/www.grupocastillo.com.pe\/en\/product\/test-tipo-pluma-o-lapicero\/\" \/>\n<meta property=\"og:site_name\" content=\"Corporaci\u00f3n castillo SAC\" \/>\n<meta property=\"article:modified_time\" content=\"2026-03-20T21:39:45+00:00\" \/>\n<meta property=\"og:image\" content=\"https:\/\/www.grupocastillo.com.pe\/wp-content\/uploads\/2021\/12\/test-embarazo-pluma.jpg\" \/>\n\t<meta property=\"og:image:width\" content=\"920\" \/>\n\t<meta property=\"og:image:height\" content=\"636\" \/>\n\t<meta property=\"og:image:type\" content=\"image\/jpeg\" \/>\n<meta name=\"twitter:card\" content=\"summary_large_image\" \/>\n<meta name=\"twitter:label1\" content=\"Est. reading time\" \/>\n\t<meta name=\"twitter:data1\" content=\"1 minute\" \/>\n<script type=\"application\/ld+json\" class=\"yoast-schema-graph\">{\"@context\":\"https:\\\/\\\/schema.org\",\"@graph\":[{\"@type\":\"WebPage\",\"@id\":\"https:\\\/\\\/www.grupocastillo.com.pe\\\/product\\\/test-tipo-pluma-o-lapicero\\\/\",\"url\":\"https:\\\/\\\/www.grupocastillo.com.pe\\\/product\\\/test-tipo-pluma-o-lapicero\\\/\",\"name\":\"Test tipo Pluma o Lapicero - Corporaci\u00f3n castillo SAC\",\"isPartOf\":{\"@id\":\"https:\\\/\\\/www.grupocastillo.com.pe\\\/#website\"},\"primaryImageOfPage\":{\"@id\":\"https:\\\/\\\/www.grupocastillo.com.pe\\\/product\\\/test-tipo-pluma-o-lapicero\\\/#primaryimage\"},\"image\":{\"@id\":\"https:\\\/\\\/www.grupocastillo.com.pe\\\/product\\\/test-tipo-pluma-o-lapicero\\\/#primaryimage\"},\"thumbnailUrl\":\"https:\\\/\\\/www.grupocastillo.com.pe\\\/wp-content\\\/uploads\\\/2021\\\/12\\\/test-embarazo-pluma.jpg\",\"datePublished\":\"2021-12-04T01:13:56+00:00\",\"dateModified\":\"2026-03-20T21:39:45+00:00\",\"breadcrumb\":{\"@id\":\"https:\\\/\\\/www.grupocastillo.com.pe\\\/product\\\/test-tipo-pluma-o-lapicero\\\/#breadcrumb\"},\"inLanguage\":\"en-US\",\"potentialAction\":[{\"@type\":\"ReadAction\",\"target\":[\"https:\\\/\\\/www.grupocastillo.com.pe\\\/product\\\/test-tipo-pluma-o-lapicero\\\/\"]}]},{\"@type\":\"ImageObject\",\"inLanguage\":\"en-US\",\"@id\":\"https:\\\/\\\/www.grupocastillo.com.pe\\\/product\\\/test-tipo-pluma-o-lapicero\\\/#primaryimage\",\"url\":\"https:\\\/\\\/www.grupocastillo.com.pe\\\/wp-content\\\/uploads\\\/2021\\\/12\\\/test-embarazo-pluma.jpg\",\"contentUrl\":\"https:\\\/\\\/www.grupocastillo.com.pe\\\/wp-content\\\/uploads\\\/2021\\\/12\\\/test-embarazo-pluma.jpg\",\"width\":920,\"height\":636},{\"@type\":\"BreadcrumbList\",\"@id\":\"https:\\\/\\\/www.grupocastillo.com.pe\\\/product\\\/test-tipo-pluma-o-lapicero\\\/#breadcrumb\",\"itemListElement\":[{\"@type\":\"ListItem\",\"position\":1,\"name\":\"Portada\",\"item\":\"https:\\\/\\\/www.grupocastillo.com.pe\\\/\"},{\"@type\":\"ListItem\",\"position\":2,\"name\":\"Tienda\",\"item\":\"https:\\\/\\\/www.grupocastillo.com.pe\\\/tienda\\\/\"},{\"@type\":\"ListItem\",\"position\":3,\"name\":\"Test tipo Pluma o Lapicero\"}]},{\"@type\":\"WebSite\",\"@id\":\"https:\\\/\\\/www.grupocastillo.com.pe\\\/#website\",\"url\":\"https:\\\/\\\/www.grupocastillo.com.pe\\\/\",\"name\":\"Corporaci\u00f3n castillo SAC\",\"description\":\"\",\"potentialAction\":[{\"@type\":\"SearchAction\",\"target\":{\"@type\":\"EntryPoint\",\"urlTemplate\":\"https:\\\/\\\/www.grupocastillo.com.pe\\\/?s={search_term_string}\"},\"query-input\":{\"@type\":\"PropertyValueSpecification\",\"valueRequired\":true,\"valueName\":\"search_term_string\"}}],\"inLanguage\":\"en-US\"}]}<\/script>\n<!-- \/ Yoast SEO plugin. -->","yoast_head_json":{"title":"Test tipo Pluma o Lapicero - Corporaci\u00f3n castillo SAC","robots":{"index":"index","follow":"follow","max-snippet":"max-snippet:-1","max-image-preview":"max-image-preview:large","max-video-preview":"max-video-preview:-1"},"canonical":"https:\/\/www.grupocastillo.com.pe\/en\/product\/test-tipo-pluma-o-lapicero\/","og_locale":"en_US","og_type":"article","og_title":"Test tipo Pluma o Lapicero - Corporaci\u00f3n castillo SAC","og_description":"Sami Plus Test de Embarazo Son pruebas r\u00e1pidas que revelan la presencia de la hormona Gonadotropina Cori\u00f3nica Humana (HCG) en la orina y que son producida durante el embarazo. Esta hormona aparece en la sangre y en la orina de las mujeres embarazadas, desde los primeros d\u00edas de la concepci\u00f3n.  CARACTER\u00cdSTICAS       Prueba mas segura por su precisi\u00f3n de 99.99 %  Resultados en 5 minutos  \u00danica con 10 mlU\/mL de sensibilidad (ayuda a detectar un embarazo en corto tiempo)  Diversas presentaciones ( Tira, Cassette y Pluma o Lapicero).  DESCARGAR FICHA T\u00c9CNICA  &nbsp;","og_url":"https:\/\/www.grupocastillo.com.pe\/en\/product\/test-tipo-pluma-o-lapicero\/","og_site_name":"Corporaci\u00f3n castillo SAC","article_modified_time":"2026-03-20T21:39:45+00:00","og_image":[{"width":920,"height":636,"url":"https:\/\/www.grupocastillo.com.pe\/wp-content\/uploads\/2021\/12\/test-embarazo-pluma.jpg","type":"image\/jpeg"}],"twitter_card":"summary_large_image","twitter_misc":{"Est. reading time":"1 minute"},"schema":{"@context":"https:\/\/schema.org","@graph":[{"@type":"WebPage","@id":"https:\/\/www.grupocastillo.com.pe\/product\/test-tipo-pluma-o-lapicero\/","url":"https:\/\/www.grupocastillo.com.pe\/product\/test-tipo-pluma-o-lapicero\/","name":"Test tipo Pluma o Lapicero - Corporaci\u00f3n castillo SAC","isPartOf":{"@id":"https:\/\/www.grupocastillo.com.pe\/#website"},"primaryImageOfPage":{"@id":"https:\/\/www.grupocastillo.com.pe\/product\/test-tipo-pluma-o-lapicero\/#primaryimage"},"image":{"@id":"https:\/\/www.grupocastillo.com.pe\/product\/test-tipo-pluma-o-lapicero\/#primaryimage"},"thumbnailUrl":"https:\/\/www.grupocastillo.com.pe\/wp-content\/uploads\/2021\/12\/test-embarazo-pluma.jpg","datePublished":"2021-12-04T01:13:56+00:00","dateModified":"2026-03-20T21:39:45+00:00","breadcrumb":{"@id":"https:\/\/www.grupocastillo.com.pe\/product\/test-tipo-pluma-o-lapicero\/#breadcrumb"},"inLanguage":"en-US","potentialAction":[{"@type":"ReadAction","target":["https:\/\/www.grupocastillo.com.pe\/product\/test-tipo-pluma-o-lapicero\/"]}]},{"@type":"ImageObject","inLanguage":"en-US","@id":"https:\/\/www.grupocastillo.com.pe\/product\/test-tipo-pluma-o-lapicero\/#primaryimage","url":"https:\/\/www.grupocastillo.com.pe\/wp-content\/uploads\/2021\/12\/test-embarazo-pluma.jpg","contentUrl":"https:\/\/www.grupocastillo.com.pe\/wp-content\/uploads\/2021\/12\/test-embarazo-pluma.jpg","width":920,"height":636},{"@type":"BreadcrumbList","@id":"https:\/\/www.grupocastillo.com.pe\/product\/test-tipo-pluma-o-lapicero\/#breadcrumb","itemListElement":[{"@type":"ListItem","position":1,"name":"Portada","item":"https:\/\/www.grupocastillo.com.pe\/"},{"@type":"ListItem","position":2,"name":"Tienda","item":"https:\/\/www.grupocastillo.com.pe\/tienda\/"},{"@type":"ListItem","position":3,"name":"Test tipo Pluma o Lapicero"}]},{"@type":"WebSite","@id":"https:\/\/www.grupocastillo.com.pe\/#website","url":"https:\/\/www.grupocastillo.com.pe\/","name":"Corporaci\u00f3n castillo SAC","description":"","potentialAction":[{"@type":"SearchAction","target":{"@type":"EntryPoint","urlTemplate":"https:\/\/www.grupocastillo.com.pe\/?s={search_term_string}"},"query-input":{"@type":"PropertyValueSpecification","valueRequired":true,"valueName":"search_term_string"}}],"inLanguage":"en-US"}]}},"jetpack_sharing_enabled":true,"brands":[],"_links":{"self":[{"href":"https:\/\/www.grupocastillo.com.pe\/en\/wp-json\/wp\/v2\/product\/13076","targetHints":{"allow":["GET"]}}],"collection":[{"href":"https:\/\/www.grupocastillo.com.pe\/en\/wp-json\/wp\/v2\/product"}],"about":[{"href":"https:\/\/www.grupocastillo.com.pe\/en\/wp-json\/wp\/v2\/types\/product"}],"replies":[{"embeddable":true,"href":"https:\/\/www.grupocastillo.com.pe\/en\/wp-json\/wp\/v2\/comments?post=13076"}],"version-history":[{"count":8,"href":"https:\/\/www.grupocastillo.com.pe\/en\/wp-json\/wp\/v2\/product\/13076\/revisions"}],"predecessor-version":[{"id":15292,"href":"https:\/\/www.grupocastillo.com.pe\/en\/wp-json\/wp\/v2\/product\/13076\/revisions\/15292"}],"wp:featuredmedia":[{"embeddable":true,"href":"https:\/\/www.grupocastillo.com.pe\/en\/wp-json\/wp\/v2\/media\/13077"}],"wp:attachment":[{"href":"https:\/\/www.grupocastillo.com.pe\/en\/wp-json\/wp\/v2\/media?parent=13076"}],"wp:term":[{"taxonomy":"pwb-brand","embeddable":true,"href":"https:\/\/www.grupocastillo.com.pe\/en\/wp-json\/wp\/v2\/pwb-brand?post=13076"},{"taxonomy":"product_brand","embeddable":true,"href":"https:\/\/www.grupocastillo.com.pe\/en\/wp-json\/wp\/v2\/product_brand?post=13076"},{"taxonomy":"product_cat","embeddable":true,"href":"https:\/\/www.grupocastillo.com.pe\/en\/wp-json\/wp\/v2\/product_cat?post=13076"},{"taxonomy":"product_tag","embeddable":true,"href":"https:\/\/www.grupocastillo.com.pe\/en\/wp-json\/wp\/v2\/product_tag?post=13076"}],"curies":[{"name":"wp","href":"https:\/\/api.w.org\/{rel}","templated":true}]}}