{"id":13064,"date":"2021-12-04T00:40:51","date_gmt":"2021-12-04T00:40:51","guid":{"rendered":"https:\/\/kyriosdemos4.xyz\/?post_type=product&#038;p=13064"},"modified":"2026-03-20T22:00:40","modified_gmt":"2026-03-20T22:00:40","slug":"jeringa-20ml-luer-slip","status":"publish","type":"product","link":"https:\/\/www.grupocastillo.com.pe\/en\/product\/jeringa-20ml-luer-slip\/","title":{"rendered":"20ml syringe luer slip"},"content":{"rendered":"","protected":false},"excerpt":{"rendered":"<h3><span style=\"font-size: 18pt;\"><span style=\"font-size: 18pt;\">Jeringa <\/span><span style=\"font-size: 24px;\">Hipod\u00e9rmica<\/span><span style=\"font-size: 18pt;\">\u00a0Intraven<\/span><br \/>\n<\/span><span style=\"font-size: 18pt;\"><strong>20 ml <\/strong><\/span><span style=\"font-size: 18pt;\"><strong>con aguja 21g x 1 1\/2\u201d &#8211;\u00a0 Luer Slip<\/strong><\/span><\/h3>\n<p>Jeringa de poliprop\u00edleno que presenta tres partes: cilindro, \u00e9mbolo y pist\u00f3n. Dise\u00f1ado para la administraci\u00f3n de medicamentos o soluciones y para la extracci\u00f3n de fluidos del cuerpo.<\/p>\n<h3>FEATURES<\/h3>\n<ul>\n<li>Presentation: Blister \/ Pcs<\/li>\n<li>Box x 50 pcs.<\/li>\n<li>Cilindro transparente con escala graduada n\u00edtida<\/li>\n<li>Conexi\u00f3n luer slip (A presi\u00f3n\/Exc\u00e9ntrica) que garantiza una mejor comodidad y mayor seguridad durante su uso.<\/li>\n<li>Aguja de acero inoxidable con c\u00e1nula tribiselada.<\/li>\n<li>Esteril (EO), no toxico y libre de pirogenos.<\/li>\n<\/ul>\n<p>DESCARGAR FICHA TECNICA<\/p>\n<p>&nbsp;<\/p>","protected":false},"featured_media":13065,"comment_status":"open","ping_status":"closed","template":"","meta":{"_acf_changed":false,"inline_featured_image":false},"pwb-brand":[],"product_brand":[],"product_cat":[218],"product_tag":[],"class_list":{"0":"post-13064","1":"product","2":"type-product","3":"status-publish","4":"has-post-thumbnail","6":"product_cat-jeringas-descartables","8":"first","9":"contactar","10":"shipping-taxable","11":"purchasable","12":"product-type-simple"},"acf":[],"yoast_head":"<!-- This site is optimized with the Yoast SEO plugin v27.3 - https:\/\/yoast.com\/product\/yoast-seo-wordpress\/ -->\n<title>Jeringa 20ml. Luer Slip - Corporaci\u00f3n castillo SAC<\/title>\n<meta name=\"robots\" content=\"index, follow, max-snippet:-1, max-image-preview:large, max-video-preview:-1\" \/>\n<link rel=\"canonical\" href=\"https:\/\/www.grupocastillo.com.pe\/en\/product\/jeringa-20ml-luer-slip\/\" \/>\n<meta property=\"og:locale\" content=\"en_US\" \/>\n<meta property=\"og:type\" content=\"article\" \/>\n<meta property=\"og:title\" content=\"Jeringa 20ml. Luer Slip - Corporaci\u00f3n castillo SAC\" \/>\n<meta property=\"og:description\" content=\"Jeringa Hipod\u00e9rmica\u00a0Intraven 20 ml con aguja 21g x 1 1\/2\u201d -\u00a0 Luer Slip Jeringa de poliprop\u00edleno que presenta tres partes: cilindro, \u00e9mbolo y pist\u00f3n. Dise\u00f1ado para la administraci\u00f3n de medicamentos o soluciones y para la extracci\u00f3n de fluidos del cuerpo. CARACTER\u00cdSTICAS   Presentaci\u00f3n: Blister \/ Unidad  Caja x 50 unidades.  Cilindro transparente con escala graduada n\u00edtida  Conexi\u00f3n luer slip (A presi\u00f3n\/Exc\u00e9ntrica) que garantiza una mejor comodidad y mayor seguridad durante su uso.  Aguja de acero inoxidable con c\u00e1nula tribiselada.  Esteril (EO), no toxico y libre de pirogenos.  DESCARGAR FICHA TECNICA  &nbsp;\" \/>\n<meta property=\"og:url\" content=\"https:\/\/www.grupocastillo.com.pe\/en\/product\/jeringa-20ml-luer-slip\/\" \/>\n<meta property=\"og:site_name\" content=\"Corporaci\u00f3n castillo SAC\" \/>\n<meta property=\"article:modified_time\" content=\"2026-03-20T22:00:40+00:00\" \/>\n<meta property=\"og:image\" content=\"https:\/\/www.grupocastillo.com.pe\/wp-content\/uploads\/2021\/12\/20-slip.jpg\" \/>\n\t<meta property=\"og:image:width\" content=\"920\" \/>\n\t<meta property=\"og:image:height\" content=\"636\" \/>\n\t<meta property=\"og:image:type\" content=\"image\/jpeg\" \/>\n<meta name=\"twitter:card\" content=\"summary_large_image\" \/>\n<meta name=\"twitter:label1\" content=\"Est. reading time\" \/>\n\t<meta name=\"twitter:data1\" content=\"1 minute\" \/>\n<script type=\"application\/ld+json\" class=\"yoast-schema-graph\">{\"@context\":\"https:\\\/\\\/schema.org\",\"@graph\":[{\"@type\":\"WebPage\",\"@id\":\"https:\\\/\\\/www.grupocastillo.com.pe\\\/product\\\/jeringa-20ml-luer-slip\\\/\",\"url\":\"https:\\\/\\\/www.grupocastillo.com.pe\\\/product\\\/jeringa-20ml-luer-slip\\\/\",\"name\":\"Jeringa 20ml. Luer Slip - Corporaci\u00f3n castillo SAC\",\"isPartOf\":{\"@id\":\"https:\\\/\\\/www.grupocastillo.com.pe\\\/#website\"},\"primaryImageOfPage\":{\"@id\":\"https:\\\/\\\/www.grupocastillo.com.pe\\\/product\\\/jeringa-20ml-luer-slip\\\/#primaryimage\"},\"image\":{\"@id\":\"https:\\\/\\\/www.grupocastillo.com.pe\\\/product\\\/jeringa-20ml-luer-slip\\\/#primaryimage\"},\"thumbnailUrl\":\"https:\\\/\\\/www.grupocastillo.com.pe\\\/wp-content\\\/uploads\\\/2021\\\/12\\\/20-slip.jpg\",\"datePublished\":\"2021-12-04T00:40:51+00:00\",\"dateModified\":\"2026-03-20T22:00:40+00:00\",\"breadcrumb\":{\"@id\":\"https:\\\/\\\/www.grupocastillo.com.pe\\\/product\\\/jeringa-20ml-luer-slip\\\/#breadcrumb\"},\"inLanguage\":\"en-US\",\"potentialAction\":[{\"@type\":\"ReadAction\",\"target\":[\"https:\\\/\\\/www.grupocastillo.com.pe\\\/product\\\/jeringa-20ml-luer-slip\\\/\"]}]},{\"@type\":\"ImageObject\",\"inLanguage\":\"en-US\",\"@id\":\"https:\\\/\\\/www.grupocastillo.com.pe\\\/product\\\/jeringa-20ml-luer-slip\\\/#primaryimage\",\"url\":\"https:\\\/\\\/www.grupocastillo.com.pe\\\/wp-content\\\/uploads\\\/2021\\\/12\\\/20-slip.jpg\",\"contentUrl\":\"https:\\\/\\\/www.grupocastillo.com.pe\\\/wp-content\\\/uploads\\\/2021\\\/12\\\/20-slip.jpg\",\"width\":920,\"height\":636},{\"@type\":\"BreadcrumbList\",\"@id\":\"https:\\\/\\\/www.grupocastillo.com.pe\\\/product\\\/jeringa-20ml-luer-slip\\\/#breadcrumb\",\"itemListElement\":[{\"@type\":\"ListItem\",\"position\":1,\"name\":\"Portada\",\"item\":\"https:\\\/\\\/www.grupocastillo.com.pe\\\/\"},{\"@type\":\"ListItem\",\"position\":2,\"name\":\"Tienda\",\"item\":\"https:\\\/\\\/www.grupocastillo.com.pe\\\/tienda\\\/\"},{\"@type\":\"ListItem\",\"position\":3,\"name\":\"Jeringa 20ml. Luer Slip\"}]},{\"@type\":\"WebSite\",\"@id\":\"https:\\\/\\\/www.grupocastillo.com.pe\\\/#website\",\"url\":\"https:\\\/\\\/www.grupocastillo.com.pe\\\/\",\"name\":\"Corporaci\u00f3n castillo SAC\",\"description\":\"\",\"potentialAction\":[{\"@type\":\"SearchAction\",\"target\":{\"@type\":\"EntryPoint\",\"urlTemplate\":\"https:\\\/\\\/www.grupocastillo.com.pe\\\/?s={search_term_string}\"},\"query-input\":{\"@type\":\"PropertyValueSpecification\",\"valueRequired\":true,\"valueName\":\"search_term_string\"}}],\"inLanguage\":\"en-US\"}]}<\/script>\n<!-- \/ Yoast SEO plugin. -->","yoast_head_json":{"title":"Jeringa 20ml. Luer Slip - Corporaci\u00f3n castillo SAC","robots":{"index":"index","follow":"follow","max-snippet":"max-snippet:-1","max-image-preview":"max-image-preview:large","max-video-preview":"max-video-preview:-1"},"canonical":"https:\/\/www.grupocastillo.com.pe\/en\/product\/jeringa-20ml-luer-slip\/","og_locale":"en_US","og_type":"article","og_title":"Jeringa 20ml. Luer Slip - Corporaci\u00f3n castillo SAC","og_description":"Jeringa Hipod\u00e9rmica\u00a0Intraven 20 ml con aguja 21g x 1 1\/2\u201d -\u00a0 Luer Slip Jeringa de poliprop\u00edleno que presenta tres partes: cilindro, \u00e9mbolo y pist\u00f3n. Dise\u00f1ado para la administraci\u00f3n de medicamentos o soluciones y para la extracci\u00f3n de fluidos del cuerpo. CARACTER\u00cdSTICAS   Presentaci\u00f3n: Blister \/ Unidad  Caja x 50 unidades.  Cilindro transparente con escala graduada n\u00edtida  Conexi\u00f3n luer slip (A presi\u00f3n\/Exc\u00e9ntrica) que garantiza una mejor comodidad y mayor seguridad durante su uso.  Aguja de acero inoxidable con c\u00e1nula tribiselada.  Esteril (EO), no toxico y libre de pirogenos.  DESCARGAR FICHA TECNICA  &nbsp;","og_url":"https:\/\/www.grupocastillo.com.pe\/en\/product\/jeringa-20ml-luer-slip\/","og_site_name":"Corporaci\u00f3n castillo SAC","article_modified_time":"2026-03-20T22:00:40+00:00","og_image":[{"width":920,"height":636,"url":"https:\/\/www.grupocastillo.com.pe\/wp-content\/uploads\/2021\/12\/20-slip.jpg","type":"image\/jpeg"}],"twitter_card":"summary_large_image","twitter_misc":{"Est. reading time":"1 minute"},"schema":{"@context":"https:\/\/schema.org","@graph":[{"@type":"WebPage","@id":"https:\/\/www.grupocastillo.com.pe\/product\/jeringa-20ml-luer-slip\/","url":"https:\/\/www.grupocastillo.com.pe\/product\/jeringa-20ml-luer-slip\/","name":"Jeringa 20ml. Luer Slip - Corporaci\u00f3n castillo SAC","isPartOf":{"@id":"https:\/\/www.grupocastillo.com.pe\/#website"},"primaryImageOfPage":{"@id":"https:\/\/www.grupocastillo.com.pe\/product\/jeringa-20ml-luer-slip\/#primaryimage"},"image":{"@id":"https:\/\/www.grupocastillo.com.pe\/product\/jeringa-20ml-luer-slip\/#primaryimage"},"thumbnailUrl":"https:\/\/www.grupocastillo.com.pe\/wp-content\/uploads\/2021\/12\/20-slip.jpg","datePublished":"2021-12-04T00:40:51+00:00","dateModified":"2026-03-20T22:00:40+00:00","breadcrumb":{"@id":"https:\/\/www.grupocastillo.com.pe\/product\/jeringa-20ml-luer-slip\/#breadcrumb"},"inLanguage":"en-US","potentialAction":[{"@type":"ReadAction","target":["https:\/\/www.grupocastillo.com.pe\/product\/jeringa-20ml-luer-slip\/"]}]},{"@type":"ImageObject","inLanguage":"en-US","@id":"https:\/\/www.grupocastillo.com.pe\/product\/jeringa-20ml-luer-slip\/#primaryimage","url":"https:\/\/www.grupocastillo.com.pe\/wp-content\/uploads\/2021\/12\/20-slip.jpg","contentUrl":"https:\/\/www.grupocastillo.com.pe\/wp-content\/uploads\/2021\/12\/20-slip.jpg","width":920,"height":636},{"@type":"BreadcrumbList","@id":"https:\/\/www.grupocastillo.com.pe\/product\/jeringa-20ml-luer-slip\/#breadcrumb","itemListElement":[{"@type":"ListItem","position":1,"name":"Portada","item":"https:\/\/www.grupocastillo.com.pe\/"},{"@type":"ListItem","position":2,"name":"Tienda","item":"https:\/\/www.grupocastillo.com.pe\/tienda\/"},{"@type":"ListItem","position":3,"name":"Jeringa 20ml. Luer Slip"}]},{"@type":"WebSite","@id":"https:\/\/www.grupocastillo.com.pe\/#website","url":"https:\/\/www.grupocastillo.com.pe\/","name":"Corporaci\u00f3n castillo SAC","description":"","potentialAction":[{"@type":"SearchAction","target":{"@type":"EntryPoint","urlTemplate":"https:\/\/www.grupocastillo.com.pe\/?s={search_term_string}"},"query-input":{"@type":"PropertyValueSpecification","valueRequired":true,"valueName":"search_term_string"}}],"inLanguage":"en-US"}]}},"jetpack_sharing_enabled":true,"brands":[],"_links":{"self":[{"href":"https:\/\/www.grupocastillo.com.pe\/en\/wp-json\/wp\/v2\/product\/13064","targetHints":{"allow":["GET"]}}],"collection":[{"href":"https:\/\/www.grupocastillo.com.pe\/en\/wp-json\/wp\/v2\/product"}],"about":[{"href":"https:\/\/www.grupocastillo.com.pe\/en\/wp-json\/wp\/v2\/types\/product"}],"replies":[{"embeddable":true,"href":"https:\/\/www.grupocastillo.com.pe\/en\/wp-json\/wp\/v2\/comments?post=13064"}],"version-history":[{"count":8,"href":"https:\/\/www.grupocastillo.com.pe\/en\/wp-json\/wp\/v2\/product\/13064\/revisions"}],"predecessor-version":[{"id":15293,"href":"https:\/\/www.grupocastillo.com.pe\/en\/wp-json\/wp\/v2\/product\/13064\/revisions\/15293"}],"wp:featuredmedia":[{"embeddable":true,"href":"https:\/\/www.grupocastillo.com.pe\/en\/wp-json\/wp\/v2\/media\/13065"}],"wp:attachment":[{"href":"https:\/\/www.grupocastillo.com.pe\/en\/wp-json\/wp\/v2\/media?parent=13064"}],"wp:term":[{"taxonomy":"pwb-brand","embeddable":true,"href":"https:\/\/www.grupocastillo.com.pe\/en\/wp-json\/wp\/v2\/pwb-brand?post=13064"},{"taxonomy":"product_brand","embeddable":true,"href":"https:\/\/www.grupocastillo.com.pe\/en\/wp-json\/wp\/v2\/product_brand?post=13064"},{"taxonomy":"product_cat","embeddable":true,"href":"https:\/\/www.grupocastillo.com.pe\/en\/wp-json\/wp\/v2\/product_cat?post=13064"},{"taxonomy":"product_tag","embeddable":true,"href":"https:\/\/www.grupocastillo.com.pe\/en\/wp-json\/wp\/v2\/product_tag?post=13064"}],"curies":[{"name":"wp","href":"https:\/\/api.w.org\/{rel}","templated":true}]}}