{"id":13055,"date":"2021-12-03T23:57:38","date_gmt":"2021-12-03T23:57:38","guid":{"rendered":"https:\/\/kyriosdemos4.xyz\/?post_type=product&#038;p=13055"},"modified":"2026-03-20T22:08:59","modified_gmt":"2026-03-20T22:08:59","slug":"jeringa-5ml","status":"publish","type":"product","link":"https:\/\/www.grupocastillo.com.pe\/en\/product\/jeringa-5ml\/","title":{"rendered":"Jeringa 5ml. Luer Lock"},"content":{"rendered":"","protected":false},"excerpt":{"rendered":"<h3><span style=\"font-size: 18pt;\">Jeringa <span style=\"font-size: 24px;\">Hipod\u00e9rmica<\/span>\u00a0Intraven<br \/>\n<\/span><span style=\"font-size: 18pt;\"><strong>5 ml <\/strong><\/span><span style=\"font-size: 18pt;\"><strong>con aguja 21g x 1 1\/2\u201d &#8211;\u00a0 Luer Lock<\/strong><\/span><\/h3>\n<h3>FEATURES<\/h3>\n<ul>\n<li>Presentation: Blister \/ Pcs<\/li>\n<li>Box x 100 pcs.<\/li>\n<li>Cilindro transparente con escala graduada n\u00edtida<\/li>\n<li>Conexi\u00f3n luer lock (Rosca\/C\u00e9ntrica) que garantiza una mejor comodidad y mayor seguridad durante su uso.<\/li>\n<li>Aguja de acero inoxidable con c\u00e1nula tribiselada.<\/li>\n<li>Est\u00e9ril (EO), no toxico y libre de pirogenos.<\/li>\n<\/ul>\n<p>DESCARGAR FICHA TECNICA<\/p>","protected":false},"featured_media":13056,"comment_status":"open","ping_status":"closed","template":"","meta":{"_acf_changed":false,"inline_featured_image":false},"pwb-brand":[],"product_brand":[],"product_cat":[218],"product_tag":[],"class_list":{"0":"post-13055","1":"product","2":"type-product","3":"status-publish","4":"has-post-thumbnail","6":"product_cat-jeringas-descartables","8":"first","9":"contactar","10":"shipping-taxable","11":"product-type-simple"},"acf":[],"yoast_head":"<!-- This site is optimized with the Yoast SEO plugin v27.3 - https:\/\/yoast.com\/product\/yoast-seo-wordpress\/ -->\n<title>Jeringa 5ml. Luer Lock - Corporaci\u00f3n castillo SAC<\/title>\n<meta name=\"robots\" content=\"index, follow, max-snippet:-1, max-image-preview:large, max-video-preview:-1\" \/>\n<link rel=\"canonical\" href=\"https:\/\/www.grupocastillo.com.pe\/en\/product\/jeringa-5ml\/\" \/>\n<meta property=\"og:locale\" content=\"en_US\" \/>\n<meta property=\"og:type\" content=\"article\" \/>\n<meta property=\"og:title\" content=\"Jeringa 5ml. Luer Lock - Corporaci\u00f3n castillo SAC\" \/>\n<meta property=\"og:description\" content=\"Jeringa Hipod\u00e9rmica\u00a0Intraven 5 ml con aguja 21g x 1 1\/2\u201d -\u00a0 Luer Lock CARACTER\u00cdSTICAS   Presentaci\u00f3n: Blister \/ Unidad  Caja x 100 unidades.  Cilindro transparente con escala graduada n\u00edtida  Conexi\u00f3n luer lock (Rosca\/C\u00e9ntrica) que garantiza una mejor comodidad y mayor seguridad durante su uso.  Aguja de acero inoxidable con c\u00e1nula tribiselada.  Est\u00e9ril (EO), no toxico y libre de pirogenos.  DESCARGAR FICHA TECNICA\" \/>\n<meta property=\"og:url\" content=\"https:\/\/www.grupocastillo.com.pe\/en\/product\/jeringa-5ml\/\" \/>\n<meta property=\"og:site_name\" content=\"Corporaci\u00f3n castillo SAC\" \/>\n<meta property=\"article:modified_time\" content=\"2026-03-20T22:08:59+00:00\" \/>\n<meta property=\"og:image\" content=\"https:\/\/www.grupocastillo.com.pe\/wp-content\/uploads\/2021\/12\/jeringade5.jpg\" \/>\n\t<meta property=\"og:image:width\" content=\"920\" \/>\n\t<meta property=\"og:image:height\" content=\"636\" \/>\n\t<meta property=\"og:image:type\" content=\"image\/jpeg\" \/>\n<meta name=\"twitter:card\" content=\"summary_large_image\" \/>\n<meta name=\"twitter:label1\" content=\"Est. reading time\" \/>\n\t<meta name=\"twitter:data1\" content=\"1 minute\" \/>\n<script type=\"application\/ld+json\" class=\"yoast-schema-graph\">{\"@context\":\"https:\\\/\\\/schema.org\",\"@graph\":[{\"@type\":\"WebPage\",\"@id\":\"https:\\\/\\\/www.grupocastillo.com.pe\\\/product\\\/jeringa-5ml\\\/\",\"url\":\"https:\\\/\\\/www.grupocastillo.com.pe\\\/product\\\/jeringa-5ml\\\/\",\"name\":\"Jeringa 5ml. Luer Lock - Corporaci\u00f3n castillo SAC\",\"isPartOf\":{\"@id\":\"https:\\\/\\\/www.grupocastillo.com.pe\\\/#website\"},\"primaryImageOfPage\":{\"@id\":\"https:\\\/\\\/www.grupocastillo.com.pe\\\/product\\\/jeringa-5ml\\\/#primaryimage\"},\"image\":{\"@id\":\"https:\\\/\\\/www.grupocastillo.com.pe\\\/product\\\/jeringa-5ml\\\/#primaryimage\"},\"thumbnailUrl\":\"https:\\\/\\\/www.grupocastillo.com.pe\\\/wp-content\\\/uploads\\\/2021\\\/12\\\/jeringade5.jpg\",\"datePublished\":\"2021-12-03T23:57:38+00:00\",\"dateModified\":\"2026-03-20T22:08:59+00:00\",\"breadcrumb\":{\"@id\":\"https:\\\/\\\/www.grupocastillo.com.pe\\\/product\\\/jeringa-5ml\\\/#breadcrumb\"},\"inLanguage\":\"en-US\",\"potentialAction\":[{\"@type\":\"ReadAction\",\"target\":[\"https:\\\/\\\/www.grupocastillo.com.pe\\\/product\\\/jeringa-5ml\\\/\"]}]},{\"@type\":\"ImageObject\",\"inLanguage\":\"en-US\",\"@id\":\"https:\\\/\\\/www.grupocastillo.com.pe\\\/product\\\/jeringa-5ml\\\/#primaryimage\",\"url\":\"https:\\\/\\\/www.grupocastillo.com.pe\\\/wp-content\\\/uploads\\\/2021\\\/12\\\/jeringade5.jpg\",\"contentUrl\":\"https:\\\/\\\/www.grupocastillo.com.pe\\\/wp-content\\\/uploads\\\/2021\\\/12\\\/jeringade5.jpg\",\"width\":920,\"height\":636},{\"@type\":\"BreadcrumbList\",\"@id\":\"https:\\\/\\\/www.grupocastillo.com.pe\\\/product\\\/jeringa-5ml\\\/#breadcrumb\",\"itemListElement\":[{\"@type\":\"ListItem\",\"position\":1,\"name\":\"Portada\",\"item\":\"https:\\\/\\\/www.grupocastillo.com.pe\\\/\"},{\"@type\":\"ListItem\",\"position\":2,\"name\":\"Tienda\",\"item\":\"https:\\\/\\\/www.grupocastillo.com.pe\\\/tienda\\\/\"},{\"@type\":\"ListItem\",\"position\":3,\"name\":\"Jeringa 5ml. Luer Lock\"}]},{\"@type\":\"WebSite\",\"@id\":\"https:\\\/\\\/www.grupocastillo.com.pe\\\/#website\",\"url\":\"https:\\\/\\\/www.grupocastillo.com.pe\\\/\",\"name\":\"Corporaci\u00f3n castillo SAC\",\"description\":\"\",\"potentialAction\":[{\"@type\":\"SearchAction\",\"target\":{\"@type\":\"EntryPoint\",\"urlTemplate\":\"https:\\\/\\\/www.grupocastillo.com.pe\\\/?s={search_term_string}\"},\"query-input\":{\"@type\":\"PropertyValueSpecification\",\"valueRequired\":true,\"valueName\":\"search_term_string\"}}],\"inLanguage\":\"en-US\"}]}<\/script>\n<!-- \/ Yoast SEO plugin. -->","yoast_head_json":{"title":"Jeringa 5ml. Luer Lock - Corporaci\u00f3n castillo SAC","robots":{"index":"index","follow":"follow","max-snippet":"max-snippet:-1","max-image-preview":"max-image-preview:large","max-video-preview":"max-video-preview:-1"},"canonical":"https:\/\/www.grupocastillo.com.pe\/en\/product\/jeringa-5ml\/","og_locale":"en_US","og_type":"article","og_title":"Jeringa 5ml. Luer Lock - Corporaci\u00f3n castillo SAC","og_description":"Jeringa Hipod\u00e9rmica\u00a0Intraven 5 ml con aguja 21g x 1 1\/2\u201d -\u00a0 Luer Lock CARACTER\u00cdSTICAS   Presentaci\u00f3n: Blister \/ Unidad  Caja x 100 unidades.  Cilindro transparente con escala graduada n\u00edtida  Conexi\u00f3n luer lock (Rosca\/C\u00e9ntrica) que garantiza una mejor comodidad y mayor seguridad durante su uso.  Aguja de acero inoxidable con c\u00e1nula tribiselada.  Est\u00e9ril (EO), no toxico y libre de pirogenos.  DESCARGAR FICHA TECNICA","og_url":"https:\/\/www.grupocastillo.com.pe\/en\/product\/jeringa-5ml\/","og_site_name":"Corporaci\u00f3n castillo SAC","article_modified_time":"2026-03-20T22:08:59+00:00","og_image":[{"width":920,"height":636,"url":"https:\/\/www.grupocastillo.com.pe\/wp-content\/uploads\/2021\/12\/jeringade5.jpg","type":"image\/jpeg"}],"twitter_card":"summary_large_image","twitter_misc":{"Est. reading time":"1 minute"},"schema":{"@context":"https:\/\/schema.org","@graph":[{"@type":"WebPage","@id":"https:\/\/www.grupocastillo.com.pe\/product\/jeringa-5ml\/","url":"https:\/\/www.grupocastillo.com.pe\/product\/jeringa-5ml\/","name":"Jeringa 5ml. Luer Lock - Corporaci\u00f3n castillo SAC","isPartOf":{"@id":"https:\/\/www.grupocastillo.com.pe\/#website"},"primaryImageOfPage":{"@id":"https:\/\/www.grupocastillo.com.pe\/product\/jeringa-5ml\/#primaryimage"},"image":{"@id":"https:\/\/www.grupocastillo.com.pe\/product\/jeringa-5ml\/#primaryimage"},"thumbnailUrl":"https:\/\/www.grupocastillo.com.pe\/wp-content\/uploads\/2021\/12\/jeringade5.jpg","datePublished":"2021-12-03T23:57:38+00:00","dateModified":"2026-03-20T22:08:59+00:00","breadcrumb":{"@id":"https:\/\/www.grupocastillo.com.pe\/product\/jeringa-5ml\/#breadcrumb"},"inLanguage":"en-US","potentialAction":[{"@type":"ReadAction","target":["https:\/\/www.grupocastillo.com.pe\/product\/jeringa-5ml\/"]}]},{"@type":"ImageObject","inLanguage":"en-US","@id":"https:\/\/www.grupocastillo.com.pe\/product\/jeringa-5ml\/#primaryimage","url":"https:\/\/www.grupocastillo.com.pe\/wp-content\/uploads\/2021\/12\/jeringade5.jpg","contentUrl":"https:\/\/www.grupocastillo.com.pe\/wp-content\/uploads\/2021\/12\/jeringade5.jpg","width":920,"height":636},{"@type":"BreadcrumbList","@id":"https:\/\/www.grupocastillo.com.pe\/product\/jeringa-5ml\/#breadcrumb","itemListElement":[{"@type":"ListItem","position":1,"name":"Portada","item":"https:\/\/www.grupocastillo.com.pe\/"},{"@type":"ListItem","position":2,"name":"Tienda","item":"https:\/\/www.grupocastillo.com.pe\/tienda\/"},{"@type":"ListItem","position":3,"name":"Jeringa 5ml. Luer Lock"}]},{"@type":"WebSite","@id":"https:\/\/www.grupocastillo.com.pe\/#website","url":"https:\/\/www.grupocastillo.com.pe\/","name":"Corporaci\u00f3n castillo SAC","description":"","potentialAction":[{"@type":"SearchAction","target":{"@type":"EntryPoint","urlTemplate":"https:\/\/www.grupocastillo.com.pe\/?s={search_term_string}"},"query-input":{"@type":"PropertyValueSpecification","valueRequired":true,"valueName":"search_term_string"}}],"inLanguage":"en-US"}]}},"jetpack_sharing_enabled":true,"brands":[],"_links":{"self":[{"href":"https:\/\/www.grupocastillo.com.pe\/en\/wp-json\/wp\/v2\/product\/13055","targetHints":{"allow":["GET"]}}],"collection":[{"href":"https:\/\/www.grupocastillo.com.pe\/en\/wp-json\/wp\/v2\/product"}],"about":[{"href":"https:\/\/www.grupocastillo.com.pe\/en\/wp-json\/wp\/v2\/types\/product"}],"replies":[{"embeddable":true,"href":"https:\/\/www.grupocastillo.com.pe\/en\/wp-json\/wp\/v2\/comments?post=13055"}],"version-history":[{"count":5,"href":"https:\/\/www.grupocastillo.com.pe\/en\/wp-json\/wp\/v2\/product\/13055\/revisions"}],"predecessor-version":[{"id":15296,"href":"https:\/\/www.grupocastillo.com.pe\/en\/wp-json\/wp\/v2\/product\/13055\/revisions\/15296"}],"wp:featuredmedia":[{"embeddable":true,"href":"https:\/\/www.grupocastillo.com.pe\/en\/wp-json\/wp\/v2\/media\/13056"}],"wp:attachment":[{"href":"https:\/\/www.grupocastillo.com.pe\/en\/wp-json\/wp\/v2\/media?parent=13055"}],"wp:term":[{"taxonomy":"pwb-brand","embeddable":true,"href":"https:\/\/www.grupocastillo.com.pe\/en\/wp-json\/wp\/v2\/pwb-brand?post=13055"},{"taxonomy":"product_brand","embeddable":true,"href":"https:\/\/www.grupocastillo.com.pe\/en\/wp-json\/wp\/v2\/product_brand?post=13055"},{"taxonomy":"product_cat","embeddable":true,"href":"https:\/\/www.grupocastillo.com.pe\/en\/wp-json\/wp\/v2\/product_cat?post=13055"},{"taxonomy":"product_tag","embeddable":true,"href":"https:\/\/www.grupocastillo.com.pe\/en\/wp-json\/wp\/v2\/product_tag?post=13055"}],"curies":[{"name":"wp","href":"https:\/\/api.w.org\/{rel}","templated":true}]}}